{"id":13487,"date":"2025-05-05T08:49:28","date_gmt":"2025-05-05T06:49:28","guid":{"rendered":"https:\/\/ptm-mechatronics.com\/?page_id=13487"},"modified":"2025-05-05T08:50:50","modified_gmt":"2025-05-05T06:50:50","slug":"youtube-datenschutzerklaerung-impressum","status":"publish","type":"page","link":"https:\/\/ptm-mechatronics.com\/fr\/youtube-datenschutzerklaerung-impressum\/","title":{"rendered":"Youtube Datenschutzerklaerung Impressum"},"content":{"rendered":"<div>\n<h1>Mentions l\u00e9gales<\/h1>\n<p>PTM mechatronics GmbH<br \/>\nParc industriel 1<br \/>\n82281 Egenhofen<br \/>\nAllemagne<\/p>\n<p>T\u00e9l. : 08134257970<br \/>\nCourrier \u00e9lectronique : info@ptm-mechatronics.com<\/p>\n<p>Tribunal d'enregistrement : Tribunal d'instance de Munich<br \/>\nNum\u00e9ro d'enregistrement : HRB 84593<\/p>\n<p>Directeur g\u00e9n\u00e9ral : Carsten Angermeyer<\/p>\n<\/div>\n<div id=\"itkanzlei_txt_copyright\">\n<div>\n<div>\n<h1>Informations sur la protection des donn\u00e9es<\/h1>\n<h2>1) Information sur la collecte de donn\u00e9es \u00e0 caract\u00e8re personnel et coordonn\u00e9es du responsable<\/h2>\n<p><b>1.1<\/b>\u00a0Nous vous informons ci-apr\u00e8s sur le traitement de vos donn\u00e9es personnelles. Dans ce contexte, les donn\u00e9es personnelles sont toutes les donn\u00e9es qui permettent de vous identifier personnellement.<\/p>\n<p>Veuillez examiner attentivement les donn\u00e9es personnelles que vous partagez avec nous via YouTube. Nous attirons express\u00e9ment votre attention sur le fait que YouTube enregistre les donn\u00e9es de ses utilisateurs (p. ex. informations personnelles, adresse IP, etc.) et les utilise \u00e9ventuellement aussi \u00e0 des fins commerciales.<\/p>\n<p>Nous n'avons aucune influence sur la collecte des donn\u00e9es et leur traitement ult\u00e9rieur par YouTube. En outre, nous ne pouvons pas savoir dans quelle mesure, \u00e0 quel endroit et pour quelle dur\u00e9e les donn\u00e9es sont stock\u00e9es, dans quelle mesure YouTube remplit ses obligations de suppression, quelles \u00e9valuations et quels liens sont effectu\u00e9s avec les donn\u00e9es et \u00e0 qui les donn\u00e9es sont transmises. Si vous souhaitez \u00e9viter que YouTube ne traite les donn\u00e9es personnelles que vous nous avez transmises, veuillez nous contacter par un autre moyen. Vous trouverez nos coordonn\u00e9es compl\u00e8tes dans nos mentions l\u00e9gales sur YouTube.<\/p>\n<p><b>1.2<\/b>\u00a0Le responsable du traitement des donn\u00e9es au sens du r\u00e8glement g\u00e9n\u00e9ral sur la protection des donn\u00e9es (RGPD) est PTM mechatronics GmbH, Gewerbepark 1, 82281 Egenhofen, Allemagne, t\u00e9l. : 08134257970, e-mail : info@ptm-mechatronics.com, dans la mesure o\u00f9 nous traitons nous-m\u00eames exclusivement les donn\u00e9es que vous nous avez transmises via YouTube.<\/p>\n<p>Si les donn\u00e9es que vous nous avez transmises via YouTube sont \u00e9galement ou exclusivement trait\u00e9es par YouTube, le responsable du traitement des donn\u00e9es au sens du r\u00e8glement g\u00e9n\u00e9ral sur la protection des donn\u00e9es (RGPD) est, outre nous, Google Ireland Limited, Gordon House, 4 Barrow St, Dublin, D04 E5W5, Irlande.<\/p>\n<p>Pour plus d'informations sur le traitement des donn\u00e9es par Google Ireland Limited, veuillez consulter la d\u00e9claration de confidentialit\u00e9 de Google Ireland Limited \u00e0 l'adresse suivante <a href=\"https:\/\/policies.google.com\/privacy?hl=de&amp;gl=de\" target=\"_blank\" rel=\"noopener\">https:\/\/policies.google.com<wbr \/>\/privacy<wbr \/>?hl=fr<wbr \/>&amp;gl=fr<\/a>. La pr\u00e9sente d\u00e9claration de confidentialit\u00e9 s'applique \u00e0 tous les services propos\u00e9s par Google Ireland Limited et ses soci\u00e9t\u00e9s affili\u00e9es, y compris YouTube. Dans le cadre de l'utilisation de Youtube, il est \u00e9galement possible que des donn\u00e9es \u00e0 caract\u00e8re personnel soient transmises aux serveurs de Google LLC. aux \u00c9tats-Unis.<\/p>\n<p>Pour les transferts de donn\u00e9es vers les \u00c9tats-Unis, le fournisseur a adh\u00e9r\u00e9 au cadre de protection des donn\u00e9es UE-\u00c9tats-Unis (EU-US Data Privacy Framework), qui garantit le respect du niveau europ\u00e9en de protection des donn\u00e9es sur la base d'une d\u00e9cision d'ad\u00e9quation de la Commission europ\u00e9enne.<\/p>\n<p>Le responsable du traitement des donn\u00e9es \u00e0 caract\u00e8re personnel est la personne physique ou morale qui, seule ou conjointement avec d'autres, d\u00e9termine les finalit\u00e9s et les moyens du traitement des donn\u00e9es \u00e0 caract\u00e8re personnel.<\/p>\n<h2>2) D\u00e9l\u00e9gu\u00e9 \u00e0 la protection des donn\u00e9es<\/h2>\n<p>Vous pouvez contacter notre responsable de la protection des donn\u00e9es comme suit : \u201eSarah Angermeyer, Gewerbepark 1, 82281 Egenhofen, sa@ptm-mechatronics.com\u201c<\/p>\n<h2>3) Traitement des donn\u00e9es en cas de prise de contact<\/h2>\n<p>Nous collectons nous-m\u00eames des donn\u00e9es \u00e0 caract\u00e8re personnel lorsque vous nous contactez par exemple via un formulaire de contact ou Messenger. Les donn\u00e9es que nous collectons lors d'une prise de contact via le formulaire de contact sont indiqu\u00e9es dans le formulaire de contact concern\u00e9. Ces donn\u00e9es sont enregistr\u00e9es et utilis\u00e9es exclusivement dans le but de r\u00e9pondre \u00e0 votre demande ou pour la prise de contact et l'administration technique qui y est li\u00e9e. La base juridique du traitement des donn\u00e9es est notre int\u00e9r\u00eat l\u00e9gitime \u00e0 r\u00e9pondre \u00e0 votre demande conform\u00e9ment \u00e0 l'article 6, paragraphe 1, point f), du RGPD. Si votre prise de contact vise la conclusion d'un contrat, la base juridique suppl\u00e9mentaire pour le traitement est l'art. 6, paragraphe 1, point b du RGPD. Vos donn\u00e9es seront effac\u00e9es apr\u00e8s le traitement final de votre demande, dans la mesure o\u00f9 aucune obligation l\u00e9gale de conservation ne s'y oppose. Nous consid\u00e9rons que le traitement est termin\u00e9 lorsque les circonstances permettent de conclure que les faits en question ont \u00e9t\u00e9 d\u00e9finitivement clarifi\u00e9s.<\/p>\n<h2>4) Droits de la personne concern\u00e9e<\/h2>\n<p><b>4.1<\/b>\u00a0La l\u00e9gislation en vigueur en mati\u00e8re de protection des donn\u00e9es vous accorde des droits \u00e9tendus vis-\u00e0-vis du responsable en ce qui concerne le traitement de vos donn\u00e9es personnelles (droits d'information et d'intervention), dont nous vous informons ci-apr\u00e8s :<\/p>\n<ul>\n<li>Droit d'acc\u00e8s conform\u00e9ment \u00e0 l'article 15 du RGPD ;<\/li>\n<li>Droit de rectification conform\u00e9ment \u00e0 l'article 16 du RGPD ;<\/li>\n<li>Droit \u00e0 l'effacement conform\u00e9ment \u00e0 l'article 17 du RGPD ;<\/li>\n<li>Droit \u00e0 la limitation du traitement conform\u00e9ment \u00e0 l'article 18 du RGPD ;<\/li>\n<li>Droit \u00e0 l'information conform\u00e9ment \u00e0 l'article 19 du RGPD ;<\/li>\n<li>Droit \u00e0 la portabilit\u00e9 des donn\u00e9es conform\u00e9ment \u00e0 l'article 20 du RGPD ;<\/li>\n<li>Droit de r\u00e9voquer les consentements donn\u00e9s conform\u00e9ment \u00e0 l'article 7, paragraphe 3, du RGPD ;<\/li>\n<li>Droit de recours conform\u00e9ment \u00e0 l'article 77 du RGPD.<\/li>\n<\/ul>\n<p><b>4.2<\/b>\u00a0DROIT D'OPPOSITION<\/p>\n<p>SI NOUS TRAITONS VOS DONN\u00c9ES PERSONNELLES DANS LE CADRE D'UNE MISE EN BALANCE DES INT\u00c9R\u00caTS SUR LA BASE DE NOTRE INT\u00c9R\u00caT L\u00c9GITIME PR\u00c9POND\u00c9RANT, VOUS AVEZ LE DROIT DE VOUS OPPOSER \u00c0 TOUT MOMENT \u00c0 CE TRAITEMENT POUR DES RAISONS LI\u00c9ES \u00c0 VOTRE SITUATION PARTICULI\u00c8RE, AVEC EFFET POUR L'AVENIR.<\/p>\n<p>SI VOUS FAITES USAGE DE VOTRE DROIT D'OPPOSITION, NOUS METTONS FIN AU TRAITEMENT DES DONN\u00c9ES CONCERN\u00c9ES. NOUS NOUS R\u00c9SERVONS TOUTEFOIS LE DROIT DE POURSUIVRE LE TRAITEMENT SI NOUS POUVONS PROUVER QU'IL EXISTE DES RAISONS IMP\u00c9RIEUSES ET DIGNES DE PROTECTION POUR LE TRAITEMENT QUI PR\u00c9VALENT SUR VOS INT\u00c9R\u00caTS, VOS DROITS FONDAMENTAUX ET VOS LIBERT\u00c9S FONDAMENTALES, OU SI LE TRAITEMENT SERT \u00c0 FAIRE VALOIR, \u00c0 EXERCER OU \u00c0 D\u00c9FENDRE DES DROITS EN JUSTICE.<\/p>\n<p>SI NOUS TRAITONS VOS DONN\u00c9ES PERSONNELLES \u00c0 DES FINS DE PUBLICIT\u00c9 DIRECTE, VOUS AVEZ LE DROIT DE VOUS OPPOSER \u00c0 TOUT MOMENT AU TRAITEMENT DES DONN\u00c9ES PERSONNELLES VOUS CONCERNANT \u00c0 DES FINS DE PUBLICIT\u00c9 DIRECTE. VOUS POUVEZ EXERCER VOTRE DROIT D'OPPOSITION COMME INDIQU\u00c9 CI-DESSUS.<\/p>\n<p>SI VOUS EXERCEZ VOTRE DROIT D'OPPOSITION, NOUS CESSERONS DE TRAITER LES DONN\u00c9ES CONCERN\u00c9ES \u00c0 DES FINS DE PROSPECTION DIRECTE.<\/p>\n<h2>5) Dur\u00e9e de conservation des donn\u00e9es \u00e0 caract\u00e8re personnel<\/h2>\n<p>La dur\u00e9e de conservation des donn\u00e9es \u00e0 caract\u00e8re personnel est d\u00e9termin\u00e9e en fonction de la base juridique concern\u00e9e, de la finalit\u00e9 du traitement et, le cas \u00e9ch\u00e9ant, de la dur\u00e9e de conservation l\u00e9gale (par exemple, les d\u00e9lais de conservation pr\u00e9vus par le droit commercial et fiscal).<\/p>\n<p>En cas de traitement de donn\u00e9es \u00e0 caract\u00e8re personnel sur la base d'un consentement explicite conform\u00e9ment \u00e0 l'article 6, paragraphe 1, point a), du RGPD, les donn\u00e9es concern\u00e9es sont conserv\u00e9es jusqu'\u00e0 ce que vous r\u00e9voquiez votre consentement.<\/p>\n<p>S'il existe des d\u00e9lais de conservation l\u00e9gaux pour les donn\u00e9es trait\u00e9es dans le cadre d'obligations juridiques ou quasi-juridiques sur la base de l'article 6, paragraphe 1, point b), du RGPD, ces donn\u00e9es sont supprim\u00e9es de mani\u00e8re routini\u00e8re apr\u00e8s l'expiration des d\u00e9lais de conservation, dans la mesure o\u00f9 elles ne sont plus n\u00e9cessaires \u00e0 l'ex\u00e9cution ou \u00e0 la pr\u00e9paration du contrat et\/ou qu'il n'existe pas d'int\u00e9r\u00eat l\u00e9gitime de notre part \u00e0 poursuivre la conservation des donn\u00e9es.<\/p>\n<p>Lorsque des donn\u00e9es \u00e0 caract\u00e8re personnel sont trait\u00e9es sur la base de l'article 6, paragraphe 1, point f), du RGPD, ces donn\u00e9es sont conserv\u00e9es jusqu'\u00e0 ce que vous exerciez votre droit d'opposition conform\u00e9ment \u00e0 l'article 21, paragraphe 1, du RGPD, \u00e0 moins que nous puissions d\u00e9montrer qu'il existe des motifs l\u00e9gitimes et imp\u00e9rieux pour le traitement qui pr\u00e9valent sur vos int\u00e9r\u00eats, droits et libert\u00e9s, ou que le traitement sert \u00e0 faire valoir, exercer ou d\u00e9fendre des droits en justice.<\/p>\n<p>En cas de traitement de donn\u00e9es personnelles \u00e0 des fins de publicit\u00e9 directe sur la base de l'article 6, paragraphe 1, point f), du RGPD, ces donn\u00e9es sont conserv\u00e9es jusqu'\u00e0 ce que vous exerciez votre droit d'opposition conform\u00e9ment \u00e0 l'article 21, paragraphe 2, du RGPD.<\/p>\n<p>Par ailleurs, sauf indication contraire dans les autres informations de la pr\u00e9sente d\u00e9claration concernant des situations de traitement sp\u00e9cifiques, les donn\u00e9es \u00e0 caract\u00e8re personnel enregistr\u00e9es sont effac\u00e9es lorsqu'elles ne sont plus n\u00e9cessaires aux fins pour lesquelles elles ont \u00e9t\u00e9 collect\u00e9es ou trait\u00e9es d'une autre mani\u00e8re.<\/p>\n<\/div>\n<div id=\"itkanzlei_txt_copyright\">\n<div><a href=\"https:\/\/www.it-recht-kanzlei.de\/\" target=\"_blank\" rel=\"noopener\"><img decoding=\"async\" id=\"itkanzlei_img_copyright\" title=\"\u00a9 Cabinet IT-Droit\" src=\"https:\/\/www.it-recht-kanzlei.de\/logo\/Copyright-Logo_Datenschutzerklaerung.png?i=52e98-3961a-39c8-907e-1\" alt=\"\u00a9 IT-Recht Kanzlei\" \/><\/a><\/div>\n<\/div>\n<\/div>\n<\/div>","protected":false},"excerpt":{"rendered":"<p>Impressum PTM mechatronics GmbH Gewerbepark 1 82281 Egenhofen Deutschland Tel.: 08134257970 E-Mail: info@ptm-mechatronics.com Registergericht: Amtsgericht m\u00fcnchen Registernummer: HRB 84593 Gesch\u00e4ftsf\u00fchrer: Carsten Angermeyer Informationen zum Datenschutz 1) Information \u00fcber die Erhebung personenbezogener Daten und Kontaktdaten des Verantwortlichen 1.1\u00a0Im Folgenden informieren wir Sie \u00fcber den Umgang mit Ihren personenbezogenen Daten. Hierbei sind personenbezogene Daten alle Daten, mit [&#8230;]\n","protected":false},"author":5,"featured_media":0,"parent":0,"menu_order":0,"comment_status":"closed","ping_status":"closed","template":"","meta":{"_acf_changed":false,"footnotes":""},"class_list":["post-13487","page","type-page","status-publish","hentry"],"acf":[],"_links":{"self":[{"href":"https:\/\/ptm-mechatronics.com\/fr\/wp-json\/wp\/v2\/pages\/13487","targetHints":{"allow":["GET"]}}],"collection":[{"href":"https:\/\/ptm-mechatronics.com\/fr\/wp-json\/wp\/v2\/pages"}],"about":[{"href":"https:\/\/ptm-mechatronics.com\/fr\/wp-json\/wp\/v2\/types\/page"}],"author":[{"embeddable":true,"href":"https:\/\/ptm-mechatronics.com\/fr\/wp-json\/wp\/v2\/users\/5"}],"replies":[{"embeddable":true,"href":"https:\/\/ptm-mechatronics.com\/fr\/wp-json\/wp\/v2\/comments?post=13487"}],"version-history":[{"count":3,"href":"https:\/\/ptm-mechatronics.com\/fr\/wp-json\/wp\/v2\/pages\/13487\/revisions"}],"predecessor-version":[{"id":13490,"href":"https:\/\/ptm-mechatronics.com\/fr\/wp-json\/wp\/v2\/pages\/13487\/revisions\/13490"}],"wp:attachment":[{"href":"https:\/\/ptm-mechatronics.com\/fr\/wp-json\/wp\/v2\/media?parent=13487"}],"curies":[{"name":"wp","href":"https:\/\/api.w.org\/{rel}","templated":true}]}}