{"id":7834,"date":"2024-02-07T17:44:54","date_gmt":"2024-02-07T17:44:54","guid":{"rendered":""},"modified":"2026-03-09T10:26:03","modified_gmt":"2026-03-09T09:26:03","slug":"stativruehrwerk-fuer-60-liter-fass-antrieb-atex-zone-1","status":"publish","type":"product","link":"https:\/\/ptm-mechatronics.com\/es\/product\/stativruehrwerk-fuer-60-liter-fass-antrieb-atex-zone-1\/","title":{"rendered":"Agitador de pie para bid\u00f3n de 60 litros - accionamiento ATEX zona 1"},"content":{"rendered":"<h1><span style=\"font-size: 90%;\">Agitador de pie para bidones de 100 litros: seguro, ergon\u00f3mico y potente<\/span><\/h1>\n<p>La mezcladora de pie para bidones de 100 litros consta de un potente accionamiento neum\u00e1tico con tapa, un soporte estable con dispositivo de elevaci\u00f3n autom\u00e1tico y panel de control, as\u00ed como un eje agitador con agitador de vaso eco-Cup fabricado en acero inoxidable V4A 1.4404 de alta calidad. Los componentes est\u00e1n adaptados de forma \u00f3ptima a la mezcla de medios de baja a alta viscosidad en bidones de 100 litros y garantizan un resultado de mezcla fiable y uniforme.<\/p>\n<p>El dispositivo de elevaci\u00f3n autom\u00e1tica permite un trabajo ergon\u00f3mico y seguro, as\u00ed como un cambio de recipiente r\u00e1pido y c\u00f3modo. El proceso de mezcla se controla de forma f\u00e1cil y clara a trav\u00e9s del panel de control del soporte.<\/p>\n<p>Para mayor seguridad, la batidora de pie dispone de una funci\u00f3n de desconexi\u00f3n autom\u00e1tica cuando se levanta la tapa, lo que evita que alcance las piezas m\u00f3viles. Al bajarla, el agitador se pone en marcha autom\u00e1ticamente mediante un sistema integrado de detecci\u00f3n de recipientes.<\/p>\n<p>Volumen de suministro sin barril.<\/p>","protected":false},"excerpt":{"rendered":"<p>Potente batidora de pie para bid\u00f3n de 100 litros - accionamiento certificado para ATEX Zona 1 - alto nivel de seguridad en el trabajo.<\/p>","protected":false},"featured_media":15445,"comment_status":"open","ping_status":"closed","template":"","meta":{"_acf_changed":false},"product_brand":[],"product_cat":[595,603],"product_tag":[],"class_list":{"0":"post-7834","1":"product","2":"type-product","3":"status-publish","4":"has-post-thumbnail","6":"product_cat-ruehrwerkstechnik","7":"product_cat-fassruehrwerke","8":"product_shipping_class-europalette-speditionsversand","9":"pa_antriebsart-pneumatisch","10":"pa_atex-zone-122122","11":"pa_behaeltervolumen-60-liter","12":"pa_deckeldurchmesser-440mm","13":"pa_dichtung-ptfe","14":"pa_drehmoment-4nm","15":"pa_drehzahl-0-300-1-min","16":"pa_durchmesser-ruehrwelle-16mm","17":"pa_ex-gas-ex-ii-2-g-ex-h-iic-t5-gb-x","18":"pa_ex-staub-ex-ii-2-d-ex-h-iiic-t100c-db-x","19":"pa_geeignete-fassdurchmesser-60-liter","20":"pa_geraeuschpegel-75db","21":"pa_gesamtbreite-550mm","22":"pa_gesamthoehe-1746mm","23":"pa_gesamttiefe-700mm","24":"pa_labs-oel-und-silikonfrei","25":"pa_laenge-ruehrwelle-ca-540mm-ab-deckeloberkante","26":"pa_material-deckel-v4a-edelstahl-1-4404","27":"pa_mittlerer-luftverbrauch-25l-min","28":"pa_model-eco-station","29":"pa_ruehrorgan-becherruehrorgan-eco-cup-210mm","30":"pa_stativverfahrweg-700mm","31":"pa_typ-stativruehrwerk","32":"pa_versorgung-5-6bar","34":"first","35":"instock","36":"taxable","37":"shipping-taxable","38":"purchasable","39":"product-type-simple"},"bundled_by":[],"bundle_stock_status":"instock","bundle_stock_quantity":null,"bundle_virtual":false,"bundle_layout":"","bundle_add_to_cart_form_location":"","bundle_editable_in_cart":false,"bundle_sold_individually_context":"","bundle_item_grouping":"","bundle_min_size":"","bundle_max_size":"","bundle_price":[],"bundled_items":[],"bundle_sell_ids":[],"exclude_global_add_ons":[],"addons":[],"acf":[],"_links":{"self":[{"href":"https:\/\/ptm-mechatronics.com\/es\/wp-json\/wp\/v2\/product\/7834","targetHints":{"allow":["GET"]}}],"collection":[{"href":"https:\/\/ptm-mechatronics.com\/es\/wp-json\/wp\/v2\/product"}],"about":[{"href":"https:\/\/ptm-mechatronics.com\/es\/wp-json\/wp\/v2\/types\/product"}],"replies":[{"embeddable":true,"href":"https:\/\/ptm-mechatronics.com\/es\/wp-json\/wp\/v2\/comments?post=7834"}],"wp:featuredmedia":[{"embeddable":true,"href":"https:\/\/ptm-mechatronics.com\/es\/wp-json\/wp\/v2\/media\/15445"}],"wp:attachment":[{"href":"https:\/\/ptm-mechatronics.com\/es\/wp-json\/wp\/v2\/media?parent=7834"}],"wp:term":[{"taxonomy":"product_brand","embeddable":true,"href":"https:\/\/ptm-mechatronics.com\/es\/wp-json\/wp\/v2\/product_brand?post=7834"},{"taxonomy":"product_cat","embeddable":true,"href":"https:\/\/ptm-mechatronics.com\/es\/wp-json\/wp\/v2\/product_cat?post=7834"},{"taxonomy":"product_tag","embeddable":true,"href":"https:\/\/ptm-mechatronics.com\/es\/wp-json\/wp\/v2\/product_tag?post=7834"}],"curies":[{"name":"wp","href":"https:\/\/api.w.org\/{rel}","templated":true}]}}