{"id":7830,"date":"2024-02-07T17:44:52","date_gmt":"2024-02-07T17:44:52","guid":{"rendered":""},"modified":"2025-11-07T15:54:51","modified_gmt":"2025-11-07T14:54:51","slug":"abluftfilter-paket-lebensmittelkonform","status":"publish","type":"product","link":"https:\/\/ptm-mechatronics.com\/es\/product\/abluftfilter-paket-lebensmittelkonform\/","title":{"rendered":"Paquete de filtros de aire de escape para accionamientos PTM compatibles con alimentos"},"content":{"rendered":"<h2 data-start=\"203\" data-end=\"287\"><span style=\"font-size: 75%;\">Paquete de filtros de aire de escape para accionamientos de aire comprimido PTM: silencioso, seguro y apto para alimentos<\/span><\/h2>\n<p data-start=\"289\" data-end=\"646\">El paquete de filtros de aire de escape para accionamientos de aire comprimido PTM garantiza una reducci\u00f3n eficaz del ruido y una descarga segura del aire de escape. Un silenciador integrado reduce de forma fiable el nivel de ruido de funcionamiento a solo 50 dB(A), lo que resulta ideal para entornos de producci\u00f3n sensibles al ruido, como laboratorios, salas blancas o zonas de producci\u00f3n abiertas.<\/p>\n<p data-start=\"648\" data-end=\"880\">Al mismo tiempo, el sistema garantiza una extracci\u00f3n selectiva y controlada del aire de escape y, de este modo, protege tanto al personal operativo como a los procesos vecinos de las turbulencias de aire perturbadoras, la humedad o los riesgos de contaminaci\u00f3n.<\/p>\n<p data-start=\"882\" data-end=\"1209\">Un plus especial: gracias al juego de mangueras conforme a la FDA, el paquete completo de filtros de aire de escape tambi\u00e9n es apto para su uso en la industria alimentaria. Los componentes utilizados cumplen los requisitos de las aplicaciones sensibles desde el punto de vista higi\u00e9nico y permiten un funcionamiento seguro en \u00e1reas relacionadas con la alimentaci\u00f3n y la industria farmac\u00e9utica.<\/p>","protected":false},"excerpt":{"rendered":"<p>El paquete de filtros de aire de escape apto para alimentos para accionamientos de aire comprimido PTM reduce el ruido a 50 dB(A) y descarga el aire de escape de forma segura e higi\u00e9nica: ideal para entornos industriales sensibles.<\/p>","protected":false},"featured_media":15452,"comment_status":"open","ping_status":"closed","template":"","meta":{"_acf_changed":false},"product_brand":[],"product_cat":[595,1421],"product_tag":[3040,3041,3042,3043,3044,3045,3030,3046,3031,3032,3034,3035],"class_list":{"0":"post-7830","1":"product","2":"type-product","3":"status-publish","4":"has-post-thumbnail","6":"product_cat-ruehrwerkstechnik","7":"product_cat-zubehoer-ruehrwerkstechnik","8":"product_tag-fda-konformes-filterpaket","9":"product_tag-lebensmittelkonformer-schalldaempfer","10":"product_tag-filtermodul-ptm-motor","11":"product_tag-hygienischer-luftfilter","12":"product_tag-druckluftmotor-zubehoer","13":"product_tag-atex-schalldaempfer","14":"product_tag-abluftfilter-druckluftmotor","15":"product_tag-drucklufttechnik-lebensmittelindustrie","16":"product_tag-schalldaempfer-ptm","17":"product_tag-abluftfuehrung-druckluftantrieb","18":"product_tag-geraeuschreduzierung-druckluft","19":"product_tag-druckluftfilter-50-db","20":"product_shipping_class-karton-paketversand","21":"pa_schlauchlaenge-50mm","23":"first","24":"instock","25":"taxable","26":"shipping-taxable","27":"purchasable","28":"product-type-variable"},"bundled_by":[],"bundle_stock_status":"instock","bundle_stock_quantity":null,"bundle_virtual":false,"bundle_layout":"","bundle_add_to_cart_form_location":"","bundle_editable_in_cart":false,"bundle_sold_individually_context":"","bundle_item_grouping":"","bundle_min_size":"","bundle_max_size":"","bundle_price":[],"bundled_items":[],"bundle_sell_ids":[],"exclude_global_add_ons":[],"addons":[],"acf":[],"_links":{"self":[{"href":"https:\/\/ptm-mechatronics.com\/es\/wp-json\/wp\/v2\/product\/7830","targetHints":{"allow":["GET"]}}],"collection":[{"href":"https:\/\/ptm-mechatronics.com\/es\/wp-json\/wp\/v2\/product"}],"about":[{"href":"https:\/\/ptm-mechatronics.com\/es\/wp-json\/wp\/v2\/types\/product"}],"replies":[{"embeddable":true,"href":"https:\/\/ptm-mechatronics.com\/es\/wp-json\/wp\/v2\/comments?post=7830"}],"wp:featuredmedia":[{"embeddable":true,"href":"https:\/\/ptm-mechatronics.com\/es\/wp-json\/wp\/v2\/media\/15452"}],"wp:attachment":[{"href":"https:\/\/ptm-mechatronics.com\/es\/wp-json\/wp\/v2\/media?parent=7830"}],"wp:term":[{"taxonomy":"product_brand","embeddable":true,"href":"https:\/\/ptm-mechatronics.com\/es\/wp-json\/wp\/v2\/product_brand?post=7830"},{"taxonomy":"product_cat","embeddable":true,"href":"https:\/\/ptm-mechatronics.com\/es\/wp-json\/wp\/v2\/product_cat?post=7830"},{"taxonomy":"product_tag","embeddable":true,"href":"https:\/\/ptm-mechatronics.com\/es\/wp-json\/wp\/v2\/product_tag?post=7830"}],"curies":[{"name":"wp","href":"https:\/\/api.w.org\/{rel}","templated":true}]}}