{"id":3952,"date":"2024-02-07T17:44:42","date_gmt":"2024-02-07T17:44:42","guid":{"rendered":""},"modified":"2025-11-07T15:51:25","modified_gmt":"2025-11-07T14:51:25","slug":"drehzahlsensor-namur-3-leiter","status":"publish","type":"product","link":"https:\/\/ptm-mechatronics.com\/es\/product\/drehzahlsensor-namur-3-leiter\/","title":{"rendered":"Sensor de velocidad NAMUR de 3 hilos, con cable de 5 m, IP68, ATEX II 3GD Zona 2;22"},"content":{"rendered":"<p data-start=\"182\" data-end=\"257\">Sensor de velocidad NAMUR - preciso, robusto, certificado ATEX para Zona 2\/22<\/p>\n<p data-start=\"259\" data-end=\"632\">El sensor de velocidad NAMUR de 3 hilos con cable de conexi\u00f3n de 5 m, clase de protecci\u00f3n IP68 y homologaci\u00f3n ATEX II 3GD est\u00e1 especialmente dise\u00f1ado para su uso en atm\u00f3sferas potencialmente explosivas de las zonas 2 y 22. Permite una supervisi\u00f3n fiable y continua de la velocidad en aplicaciones industriales como la tecnolog\u00eda de accionamiento, los sistemas de mezcla y los sistemas de transporte.<\/p>\n<p data-start=\"634\" data-end=\"999\">Gracias a la tecnolog\u00eda NAMUR de 3 hilos, el sensor puede integrarse perfectamente en los conceptos de control existentes y proporciona se\u00f1ales precisas para el control de procesos. La robusta carcasa con certificaci\u00f3n IP68 proporciona una protecci\u00f3n fiable contra el polvo y el agua, ideal para entornos exigentes en las industrias de ingenier\u00eda de procesos, alimentaria, qu\u00edmica y farmac\u00e9utica.<\/p>\n<p data-start=\"1001\" data-end=\"1272\">Con su cable de 5 m de longitud, el sensor puede montarse de forma flexible y es ideal para combinarlo con motores neum\u00e1ticos y sistemas de accionamiento PTM. El sensor cumple todos los requisitos para una supervisi\u00f3n duradera, segura y de bajo mantenimiento del movimiento giratorio.<\/p>","protected":false},"excerpt":{"rendered":"<p>El robusto sensor de velocidad NAMUR con tecnolog\u00eda de 3 hilos, cable de 5 m, protecci\u00f3n IP68 y homologaci\u00f3n ATEX para Zona 2\/22 permite una supervisi\u00f3n precisa y segura de la velocidad en entornos industriales potencialmente explosivos.<\/p>","protected":false},"featured_media":15390,"comment_status":"open","ping_status":"closed","template":"","meta":{"_acf_changed":false},"product_brand":[],"product_cat":[1906,428,1421,594,595],"product_tag":[3005,2995,3006,2996,2997,2998,2999,3000,3001,3002,3003,3004],"class_list":{"0":"post-3952","1":"product","2":"type-product","3":"status-publish","4":"has-post-thumbnail","6":"product_cat-zubehoer-druckluftmotor","7":"product_cat-antriebstechnik","8":"product_cat-zubehoer-ruehrwerkstechnik","9":"product_cat-zubehoer","10":"product_cat-ruehrwerkstechnik","11":"product_tag-ptm-drehzahlsensor","12":"product_tag-drehzahlsensor-namur","13":"product_tag-namur-messwertgeber","14":"product_tag-namur-sensor-3-leiter","15":"product_tag-atex-drehzahlsensor","16":"product_tag-zone-0-20-sensor","17":"product_tag-ip68-sensor","18":"product_tag-explosionsgeschuetzter-drehzahlsensor","19":"product_tag-namur-signalgeber","20":"product_tag-drehzahlueberwachung-atex","21":"product_tag-sensor-mit-5m-kabel","22":"product_tag-namur-sensor-zone-0","23":"product_shipping_class-karton-paketversand","24":"pa_anzahl-leiter-732","25":"pa_art-namur","26":"pa_atex-gas-ex-ll-3g-eex-na-iic-t6-x","27":"pa_atex-staub-ex-ii-3d-ip67-t80c-x","28":"pa_gewinde-m8x1","29":"pa_kabellaenge-5m","30":"pa_schutzart-ip68","31":"pa_spannung-7--30-vdc","33":"first","34":"instock","35":"taxable","36":"shipping-taxable","37":"purchasable","38":"product-type-simple"},"bundled_by":["4335","4344","4345"],"bundle_stock_status":"instock","bundle_stock_quantity":null,"bundle_virtual":false,"bundle_layout":"","bundle_add_to_cart_form_location":"","bundle_editable_in_cart":false,"bundle_sold_individually_context":"","bundle_item_grouping":"","bundle_min_size":"","bundle_max_size":"","bundle_price":[],"bundled_items":[],"bundle_sell_ids":[],"exclude_global_add_ons":[],"addons":[],"acf":[],"_links":{"self":[{"href":"https:\/\/ptm-mechatronics.com\/es\/wp-json\/wp\/v2\/product\/3952","targetHints":{"allow":["GET"]}}],"collection":[{"href":"https:\/\/ptm-mechatronics.com\/es\/wp-json\/wp\/v2\/product"}],"about":[{"href":"https:\/\/ptm-mechatronics.com\/es\/wp-json\/wp\/v2\/types\/product"}],"replies":[{"embeddable":true,"href":"https:\/\/ptm-mechatronics.com\/es\/wp-json\/wp\/v2\/comments?post=3952"}],"wp:featuredmedia":[{"embeddable":true,"href":"https:\/\/ptm-mechatronics.com\/es\/wp-json\/wp\/v2\/media\/15390"}],"wp:attachment":[{"href":"https:\/\/ptm-mechatronics.com\/es\/wp-json\/wp\/v2\/media?parent=3952"}],"wp:term":[{"taxonomy":"product_brand","embeddable":true,"href":"https:\/\/ptm-mechatronics.com\/es\/wp-json\/wp\/v2\/product_brand?post=3952"},{"taxonomy":"product_cat","embeddable":true,"href":"https:\/\/ptm-mechatronics.com\/es\/wp-json\/wp\/v2\/product_cat?post=3952"},{"taxonomy":"product_tag","embeddable":true,"href":"https:\/\/ptm-mechatronics.com\/es\/wp-json\/wp\/v2\/product_tag?post=3952"}],"curies":[{"name":"wp","href":"https:\/\/api.w.org\/{rel}","templated":true}]}}