{"id":3941,"date":"2024-02-07T17:44:42","date_gmt":"2024-02-07T17:44:42","guid":{"rendered":""},"modified":"2025-11-07T15:51:22","modified_gmt":"2025-11-07T14:51:22","slug":"druckluftmotor-inox-16nm-0-300rpm","status":"publish","type":"product","link":"https:\/\/ptm-mechatronics.com\/es\/product\/druckluftmotor-inox-16nm-0-300rpm\/","title":{"rendered":"Motor neum\u00e1tico INOX, 16Nm, 0-300rpm"},"content":{"rendered":"<p>Los motores neum\u00e1ticos PTM son adecuados para una amplia gama de aplicaciones gracias a su dise\u00f1o muy robusto y puramente mec\u00e1nico y a su potencia. Por lo general, pueden utilizarse como accionamientos en sistemas y m\u00e1quinas o para generar movimientos giratorios y basculantes. Los motores neum\u00e1ticos PTM se basan en el principio de pist\u00f3n radial extremadamente eficiente: a pesar del bajo consumo de aire, los motores desarrollan un grado de eficiencia muy alto y un par muy elevado. Esto los convierte en la alternativa moderna y econ\u00f3mica a los motores de paletas. Pueden funcionar tanto en el sentido de las agujas del reloj como en sentido contrario y pueden cargarse hasta detenerse. Gracias a su tama\u00f1o compacto, pueden integrarse en casi cualquier aplicaci\u00f3n. Adem\u00e1s, el modelo INOX dispone de protecci\u00f3n antideflagrante completa para las zonas ATEX 1, 2, 21 y 22, conformidad alimentaria y farmac\u00e9utica, clase de sala blanca ISO1 seg\u00fan DIN 14644 y es estanco seg\u00fan la clase de protecci\u00f3n IP68, as\u00ed como resistente a \u00e1cidos y productos qu\u00edmicos.<\/p>","protected":false},"excerpt":{"rendered":"<p>Motor neum\u00e1tico INOX, Extremadamente eficiente y potente, el motor neum\u00e1tico alcanza un nivel muy alto de eficiencia y un par muy elevado a pesar de un consumo m\u00ednimo de aire. Certificado ATEX, conformidad alimentaria y farmac\u00e9utica, clase de sala blanca ISO1 seg\u00fan DIN 14644, impermeable seg\u00fan la clase de protecci\u00f3n IP68, resistente a \u00e1cidos y productos qu\u00edmicos.<\/p>","protected":false},"featured_media":15382,"comment_status":"open","ping_status":"closed","template":"","meta":{"_acf_changed":false},"product_brand":[],"product_cat":[21],"product_tag":[],"class_list":{"0":"post-3941","1":"product","2":"type-product","3":"status-publish","4":"has-post-thumbnail","6":"product_cat-unkategorisiert","7":"product_shipping_class-karton-paketversand","8":"pa_antriebsart-pneumatisch","9":"pa_atex-zone-122122","10":"pa_dichtung-ptfe-fda-konform","11":"pa_drehmoment-16nm","12":"pa_drehzahl-0-300-1-min","13":"pa_durchmesser-159mm","14":"pa_ex-gas-ex-ii-2-g-ex-h-iic-t5-gb-x","15":"pa_ex-staub-ex-ii-2-d-ex-h-iiic-t100c-db-x","16":"pa_geraeuschpegel-75db","17":"pa_hoehe-52mm","18":"pa_labs-oel-und-silikonfrei","19":"pa_luftanschluesse-2xr1-8","20":"pa_material-gehaeuse-v4a-edelstahl-1-4404-elektropoliert","21":"pa_model-pmo-1800-inox","22":"pa_reinraumklassifizierung-iso1-nach-din14644","23":"pa_schutzart-ip68","24":"pa_steckverschraubung-2xschlauch-o8mm","25":"pa_versorgung-5-6bar","27":"first","28":"instock","29":"taxable","30":"shipping-taxable","31":"purchasable","32":"product-type-simple"},"bundled_by":["4346"],"bundle_stock_status":"instock","bundle_stock_quantity":null,"bundle_virtual":false,"bundle_layout":"","bundle_add_to_cart_form_location":"","bundle_editable_in_cart":false,"bundle_sold_individually_context":"","bundle_item_grouping":"","bundle_min_size":"","bundle_max_size":"","bundle_price":[],"bundled_items":[],"bundle_sell_ids":[],"exclude_global_add_ons":[],"addons":[],"acf":[],"_links":{"self":[{"href":"https:\/\/ptm-mechatronics.com\/es\/wp-json\/wp\/v2\/product\/3941","targetHints":{"allow":["GET"]}}],"collection":[{"href":"https:\/\/ptm-mechatronics.com\/es\/wp-json\/wp\/v2\/product"}],"about":[{"href":"https:\/\/ptm-mechatronics.com\/es\/wp-json\/wp\/v2\/types\/product"}],"replies":[{"embeddable":true,"href":"https:\/\/ptm-mechatronics.com\/es\/wp-json\/wp\/v2\/comments?post=3941"}],"wp:featuredmedia":[{"embeddable":true,"href":"https:\/\/ptm-mechatronics.com\/es\/wp-json\/wp\/v2\/media\/15382"}],"wp:attachment":[{"href":"https:\/\/ptm-mechatronics.com\/es\/wp-json\/wp\/v2\/media?parent=3941"}],"wp:term":[{"taxonomy":"product_brand","embeddable":true,"href":"https:\/\/ptm-mechatronics.com\/es\/wp-json\/wp\/v2\/product_brand?post=3941"},{"taxonomy":"product_cat","embeddable":true,"href":"https:\/\/ptm-mechatronics.com\/es\/wp-json\/wp\/v2\/product_cat?post=3941"},{"taxonomy":"product_tag","embeddable":true,"href":"https:\/\/ptm-mechatronics.com\/es\/wp-json\/wp\/v2\/product_tag?post=3941"}],"curies":[{"name":"wp","href":"https:\/\/api.w.org\/{rel}","templated":true}]}}