{"id":3891,"date":"2024-02-07T17:44:41","date_gmt":"2024-02-07T17:44:41","guid":{"rendered":""},"modified":"2025-11-07T15:51:14","modified_gmt":"2025-11-07T14:51:14","slug":"druckluftmotor-basic-4nm-0-300rpm","status":"publish","type":"product","link":"https:\/\/ptm-mechatronics.com\/es\/product\/druckluftmotor-basic-4nm-0-300rpm\/","title":{"rendered":"Motor neum\u00e1tico b\u00e1sico, 4Nm, 0-300rpm"},"content":{"rendered":"<p>Los motores neum\u00e1ticos PTM son adecuados para una amplia gama de aplicaciones gracias a su dise\u00f1o muy robusto y puramente mec\u00e1nico y a su potencia. Por lo general, pueden utilizarse como accionamientos en sistemas y m\u00e1quinas o para generar movimientos giratorios y basculantes. Los motores neum\u00e1ticos PTM se basan en el principio de pist\u00f3n radial extremadamente eficiente: a pesar del bajo consumo de aire, los motores desarrollan un grado de eficiencia muy alto y un par muy elevado. Esto los convierte en la alternativa moderna y econ\u00f3mica a los motores de paletas. Pueden funcionar tanto en el sentido de las agujas del reloj como en sentido contrario y pueden cargarse hasta detenerse. Gracias a su tama\u00f1o compacto, pueden integrarse en casi cualquier aplicaci\u00f3n.<\/p>","protected":false},"excerpt":{"rendered":"<p>Motor neum\u00e1tico b\u00e1sico, ahorre energ\u00eda con una tecnolog\u00eda eficiente. Extremadamente eficiente y potente, el motor neum\u00e1tico alcanza un nivel muy alto de eficiencia y un par muy elevado a pesar de un consumo m\u00ednimo de aire.<\/p>","protected":false},"featured_media":15308,"comment_status":"open","ping_status":"closed","template":"","meta":{"_acf_changed":false},"product_brand":[],"product_cat":[21],"product_tag":[],"class_list":{"0":"post-3891","1":"product","2":"type-product","3":"status-publish","4":"has-post-thumbnail","6":"product_cat-unkategorisiert","7":"product_shipping_class-karton-paketversand","8":"pa_antriebsart-pneumatisch","9":"pa_dichtung-nbr","10":"pa_drehmoment-4nm","11":"pa_drehzahl-0-300-1-min","12":"pa_durchmesser-99mm","13":"pa_geraeuschpegel-75db","14":"pa_hoehe-52mm","15":"pa_labs-oel-und-silikonfrei","16":"pa_luftanschluesse-2xm6x075","17":"pa_material-gehaeuse-aluminium-eloxiert","18":"pa_model-pmo-450-ba","19":"pa_schutzart-ip67","20":"pa_steckverschraubung-2xschlauch-o6mm","21":"pa_versorgung-5-6bar","23":"first","24":"instock","25":"taxable","26":"shipping-taxable","27":"purchasable","28":"product-type-simple"},"bundled_by":["4335"],"bundle_stock_status":"instock","bundle_stock_quantity":null,"bundle_virtual":false,"bundle_layout":"","bundle_add_to_cart_form_location":"","bundle_editable_in_cart":false,"bundle_sold_individually_context":"","bundle_item_grouping":"","bundle_min_size":"","bundle_max_size":"","bundle_price":[],"bundled_items":[],"bundle_sell_ids":[],"exclude_global_add_ons":[],"addons":[],"acf":[],"_links":{"self":[{"href":"https:\/\/ptm-mechatronics.com\/es\/wp-json\/wp\/v2\/product\/3891","targetHints":{"allow":["GET"]}}],"collection":[{"href":"https:\/\/ptm-mechatronics.com\/es\/wp-json\/wp\/v2\/product"}],"about":[{"href":"https:\/\/ptm-mechatronics.com\/es\/wp-json\/wp\/v2\/types\/product"}],"replies":[{"embeddable":true,"href":"https:\/\/ptm-mechatronics.com\/es\/wp-json\/wp\/v2\/comments?post=3891"}],"wp:featuredmedia":[{"embeddable":true,"href":"https:\/\/ptm-mechatronics.com\/es\/wp-json\/wp\/v2\/media\/15308"}],"wp:attachment":[{"href":"https:\/\/ptm-mechatronics.com\/es\/wp-json\/wp\/v2\/media?parent=3891"}],"wp:term":[{"taxonomy":"product_brand","embeddable":true,"href":"https:\/\/ptm-mechatronics.com\/es\/wp-json\/wp\/v2\/product_brand?post=3891"},{"taxonomy":"product_cat","embeddable":true,"href":"https:\/\/ptm-mechatronics.com\/es\/wp-json\/wp\/v2\/product_cat?post=3891"},{"taxonomy":"product_tag","embeddable":true,"href":"https:\/\/ptm-mechatronics.com\/es\/wp-json\/wp\/v2\/product_tag?post=3891"}],"curies":[{"name":"wp","href":"https:\/\/api.w.org\/{rel}","templated":true}]}}