{"id":3727,"date":"2024-02-07T17:44:31","date_gmt":"2024-02-07T17:44:31","guid":{"rendered":""},"modified":"2025-11-07T15:50:55","modified_gmt":"2025-11-07T14:50:55","slug":"wendelruehrer-hygienic-design-abwaertsfoerdernd-fuer-handruehrer-eco-up","status":"publish","type":"product","link":"https:\/\/ptm-mechatronics.com\/es\/product\/wendelruehrer-hygienic-design-abwaertsfoerdernd-fuer-handruehrer-eco-up\/","title":{"rendered":"Agitador espiral de alimentaci\u00f3n descendente de dise\u00f1o higi\u00e9nico para la batidora de mano eco-Up"},"content":{"rendered":"<p>El agitador en espiral realiza el suministro axialmente con propiedades de mezcla laminar. El dise\u00f1o higi\u00e9nico con costuras de soldadura cerradas y superficies electropulidas hace que este agitador sea seguro para los alimentos y adecuado para su uso en entornos higi\u00e9nicamente cr\u00edticos. El agitador espiral es ideal para homogeneizar sustancias muy viscosas. Como agitador mural, el agitador espiral tambi\u00e9n se utiliza para el proceso de transferencia de calor.<\/p>","protected":false},"excerpt":{"rendered":"<p>Agitador espiral de dise\u00f1o higi\u00e9nico con 130 mm de di\u00e1metro fabricado en acero inoxidable V4A 1.4404 de alta calidad<\/p>","protected":false},"featured_media":15334,"comment_status":"open","ping_status":"closed","template":"","meta":{"_acf_changed":false},"product_brand":[],"product_cat":[595,600,631],"product_tag":[],"class_list":{"0":"post-3727","1":"product","2":"type-product","3":"status-publish","4":"has-post-thumbnail","6":"product_cat-ruehrwerkstechnik","7":"product_cat-handruehrer","8":"product_cat-ruehrorgane","9":"product_shipping_class-karton-paketversand","10":"pa_aufnahme-fuer-ruehrorgan-m14-gewinde","11":"pa_blattanstellung-683","12":"pa_blattdicke-3mm","13":"pa_durchmesser-130mm","14":"pa_durchmesser-150mm","15":"pa_foerderrichtung-materialabwaertsfoerdernd-fuer-niedrigviskose-medien","16":"pa_laenge-600mm","17":"pa_material-v4a-edelstahl-1-4404","18":"pa_material-mischer-v4a-edelstahl-1-4571","19":"pa_material-ruehrwelle-v4a-edelstahl-1-4404","20":"pa_oberflaeche-glasperlengestrahlt","21":"pa_oberflaeche-elektropoliert","23":"first","24":"instock","25":"taxable","26":"shipping-taxable","27":"purchasable","28":"product-type-simple"},"bundled_by":[],"bundle_stock_status":"instock","bundle_stock_quantity":null,"bundle_virtual":false,"bundle_layout":"","bundle_add_to_cart_form_location":"","bundle_editable_in_cart":false,"bundle_sold_individually_context":"","bundle_item_grouping":"","bundle_min_size":"","bundle_max_size":"","bundle_price":[],"bundled_items":[],"bundle_sell_ids":[],"exclude_global_add_ons":[],"addons":[],"acf":[],"_links":{"self":[{"href":"https:\/\/ptm-mechatronics.com\/es\/wp-json\/wp\/v2\/product\/3727","targetHints":{"allow":["GET"]}}],"collection":[{"href":"https:\/\/ptm-mechatronics.com\/es\/wp-json\/wp\/v2\/product"}],"about":[{"href":"https:\/\/ptm-mechatronics.com\/es\/wp-json\/wp\/v2\/types\/product"}],"replies":[{"embeddable":true,"href":"https:\/\/ptm-mechatronics.com\/es\/wp-json\/wp\/v2\/comments?post=3727"}],"wp:featuredmedia":[{"embeddable":true,"href":"https:\/\/ptm-mechatronics.com\/es\/wp-json\/wp\/v2\/media\/15334"}],"wp:attachment":[{"href":"https:\/\/ptm-mechatronics.com\/es\/wp-json\/wp\/v2\/media?parent=3727"}],"wp:term":[{"taxonomy":"product_brand","embeddable":true,"href":"https:\/\/ptm-mechatronics.com\/es\/wp-json\/wp\/v2\/product_brand?post=3727"},{"taxonomy":"product_cat","embeddable":true,"href":"https:\/\/ptm-mechatronics.com\/es\/wp-json\/wp\/v2\/product_cat?post=3727"},{"taxonomy":"product_tag","embeddable":true,"href":"https:\/\/ptm-mechatronics.com\/es\/wp-json\/wp\/v2\/product_tag?post=3727"}],"curies":[{"name":"wp","href":"https:\/\/api.w.org\/{rel}","templated":true}]}}