{"id":3712,"date":"2024-02-07T17:44:31","date_gmt":"2024-02-07T17:44:31","guid":{"rendered":""},"modified":"2025-11-07T15:50:55","modified_gmt":"2025-11-07T14:50:55","slug":"ruehrwelle-fuer-1000-liter-ibc-hightorque-mit-schnellwechselsystem-eco-quick","status":"publish","type":"product","link":"https:\/\/ptm-mechatronics.com\/es\/product\/ruehrwelle-fuer-1000-liter-ibc-hightorque-mit-schnellwechselsystem-eco-quick\/","title":{"rendered":"Eje agitador para IBC de 1000 litros HighTorque con sistema de cambio r\u00e1pido eco-Quick"},"content":{"rendered":"<p>Nuestros ejes agitadores est\u00e1n fabricados en acero inoxidable V4A 1.4404 de alta calidad. Gracias al sistema patentado de cambio r\u00e1pido eco-Quick, los ejes agitadores pueden montarse en accionamientos PTM con sistema de cambio r\u00e1pido eco-Quick integrado en un solo paso, sin necesidad de herramientas.<br \/>\nDisponemos del di\u00e1metro de eje adecuado para cada transmisi\u00f3n. Aseg\u00farese de seleccionar el di\u00e1metro adecuado para su accionamiento. Tenga tambi\u00e9n en cuenta que los ejes agitadores eco-Quick s\u00f3lo pueden combinarse con accionamientos eco-Quick. Si tiene alguna pregunta, p\u00f3ngase en contacto con nuestro servicio de atenci\u00f3n al cliente de PTM.<\/p>","protected":false},"excerpt":{"rendered":"<p>Eje agitador de acero inoxidable V4A 1.4404 de alta calidad con sistema patentado de cambio r\u00e1pido eco-Quick para accionamientos PTM; di\u00e1metro \u230030 mm y longitud 793 mm desde el borde superior de la tapa.<\/p>","protected":false},"featured_media":15365,"comment_status":"open","ping_status":"closed","template":"","meta":{"_acf_changed":false},"product_brand":[],"product_cat":[595,651],"product_tag":[],"class_list":{"0":"post-3712","1":"product","2":"type-product","3":"status-publish","4":"has-post-thumbnail","6":"product_cat-ruehrwerkstechnik","7":"product_cat-ruehrwellen","8":"product_shipping_class-karton-paketversand","9":"pa_durchmesser-30mm","10":"pa_laenge-ab-deckeloberkante-793mm","11":"pa_material-v4a-edelstahl-1-4404","12":"pa_patentnummer-20-2020-107-557","14":"first","15":"instock","16":"taxable","17":"shipping-taxable","18":"purchasable","19":"product-type-simple"},"bundled_by":["4330"],"bundle_stock_status":"instock","bundle_stock_quantity":null,"bundle_virtual":false,"bundle_layout":"","bundle_add_to_cart_form_location":"","bundle_editable_in_cart":false,"bundle_sold_individually_context":"","bundle_item_grouping":"","bundle_min_size":"","bundle_max_size":"","bundle_price":[],"bundled_items":[],"bundle_sell_ids":[],"exclude_global_add_ons":[],"addons":[],"acf":[],"_links":{"self":[{"href":"https:\/\/ptm-mechatronics.com\/es\/wp-json\/wp\/v2\/product\/3712","targetHints":{"allow":["GET"]}}],"collection":[{"href":"https:\/\/ptm-mechatronics.com\/es\/wp-json\/wp\/v2\/product"}],"about":[{"href":"https:\/\/ptm-mechatronics.com\/es\/wp-json\/wp\/v2\/types\/product"}],"replies":[{"embeddable":true,"href":"https:\/\/ptm-mechatronics.com\/es\/wp-json\/wp\/v2\/comments?post=3712"}],"wp:featuredmedia":[{"embeddable":true,"href":"https:\/\/ptm-mechatronics.com\/es\/wp-json\/wp\/v2\/media\/15365"}],"wp:attachment":[{"href":"https:\/\/ptm-mechatronics.com\/es\/wp-json\/wp\/v2\/media?parent=3712"}],"wp:term":[{"taxonomy":"product_brand","embeddable":true,"href":"https:\/\/ptm-mechatronics.com\/es\/wp-json\/wp\/v2\/product_brand?post=3712"},{"taxonomy":"product_cat","embeddable":true,"href":"https:\/\/ptm-mechatronics.com\/es\/wp-json\/wp\/v2\/product_cat?post=3712"},{"taxonomy":"product_tag","embeddable":true,"href":"https:\/\/ptm-mechatronics.com\/es\/wp-json\/wp\/v2\/product_tag?post=3712"}],"curies":[{"name":"wp","href":"https:\/\/api.w.org\/{rel}","templated":true}]}}