{"id":3671,"date":"2024-02-07T17:44:30","date_gmt":"2024-02-07T17:44:30","guid":{"rendered":""},"modified":"2025-11-07T15:50:55","modified_gmt":"2025-11-07T14:50:55","slug":"ruehrwelle-fuer-1000-liter-ibc-hightorque-mit-gewindenabe","status":"publish","type":"product","link":"https:\/\/ptm-mechatronics.com\/es\/product\/ruehrwelle-fuer-1000-liter-ibc-hightorque-mit-gewindenabe\/","title":{"rendered":"Eje agitador para IBC HighTorque de 1000 litros con cubo roscado"},"content":{"rendered":"<p>Nuestros ejes agitadores est\u00e1n fabricados en acero inoxidable V4A 1.4404 de alta calidad. Pueden montarse en accionamientos PTM utilizando el buje roscado patentado.<br \/>\nDisponemos del di\u00e1metro de eje adecuado para cada transmisi\u00f3n. Aseg\u00farese de seleccionar el di\u00e1metro adecuado para su accionamiento. Si tiene alguna pregunta, p\u00f3ngase en contacto con nuestro servicio de atenci\u00f3n al cliente de PTM.<\/p>","protected":false},"excerpt":{"rendered":"<p>Eje agitador de acero inoxidable V4A 1.4404 de alta calidad con cubo roscado patentado para transmisiones PTM; di\u00e1metro \u230030 mm y longitud 793 mm desde el borde superior de la cubierta.<\/p>","protected":false},"featured_media":15364,"comment_status":"open","ping_status":"closed","template":"","meta":{"_acf_changed":false},"product_brand":[],"product_cat":[595,651],"product_tag":[],"class_list":{"0":"post-3671","1":"product","2":"type-product","3":"status-publish","4":"has-post-thumbnail","6":"product_cat-ruehrwerkstechnik","7":"product_cat-ruehrwellen","8":"product_shipping_class-karton-paketversand","9":"pa_durchmesser-30mm","10":"pa_gewinde-m27","11":"pa_laenge-ab-deckeloberkante-793mm","12":"pa_material-v4a-edelstahl-1-4404","13":"pa_patentnummer-20-2020-107-557","15":"first","16":"instock","17":"taxable","18":"shipping-taxable","19":"purchasable","20":"product-type-simple"},"bundled_by":["4330"],"bundle_stock_status":"instock","bundle_stock_quantity":null,"bundle_virtual":false,"bundle_layout":"","bundle_add_to_cart_form_location":"","bundle_editable_in_cart":false,"bundle_sold_individually_context":"","bundle_item_grouping":"","bundle_min_size":"","bundle_max_size":"","bundle_price":[],"bundled_items":[],"bundle_sell_ids":[],"exclude_global_add_ons":[],"addons":[],"acf":[],"_links":{"self":[{"href":"https:\/\/ptm-mechatronics.com\/es\/wp-json\/wp\/v2\/product\/3671","targetHints":{"allow":["GET"]}}],"collection":[{"href":"https:\/\/ptm-mechatronics.com\/es\/wp-json\/wp\/v2\/product"}],"about":[{"href":"https:\/\/ptm-mechatronics.com\/es\/wp-json\/wp\/v2\/types\/product"}],"replies":[{"embeddable":true,"href":"https:\/\/ptm-mechatronics.com\/es\/wp-json\/wp\/v2\/comments?post=3671"}],"wp:featuredmedia":[{"embeddable":true,"href":"https:\/\/ptm-mechatronics.com\/es\/wp-json\/wp\/v2\/media\/15364"}],"wp:attachment":[{"href":"https:\/\/ptm-mechatronics.com\/es\/wp-json\/wp\/v2\/media?parent=3671"}],"wp:term":[{"taxonomy":"product_brand","embeddable":true,"href":"https:\/\/ptm-mechatronics.com\/es\/wp-json\/wp\/v2\/product_brand?post=3671"},{"taxonomy":"product_cat","embeddable":true,"href":"https:\/\/ptm-mechatronics.com\/es\/wp-json\/wp\/v2\/product_cat?post=3671"},{"taxonomy":"product_tag","embeddable":true,"href":"https:\/\/ptm-mechatronics.com\/es\/wp-json\/wp\/v2\/product_tag?post=3671"}],"curies":[{"name":"wp","href":"https:\/\/api.w.org\/{rel}","templated":true}]}}