{"id":3455,"date":"2024-02-07T17:44:22","date_gmt":"2024-02-07T17:44:22","guid":{"rendered":""},"modified":"2026-04-13T09:13:11","modified_gmt":"2026-04-13T07:13:11","slug":"stativruehrwerk-fuer-kleingebinde-antrieb-atex-zone-1","status":"publish","type":"product","link":"https:\/\/ptm-mechatronics.com\/es\/product\/stativruehrwerk-fuer-kleingebinde-antrieb-atex-zone-1\/","title":{"rendered":"Mezclador neum\u00e1tico de pie para recipientes peque\u00f1os y laboratorio - ATEX"},"content":{"rendered":"<p>El mezclador de pie para recipientes peque\u00f1os y laboratorios es la soluci\u00f3n ideal para procesos de mezcla eficaces y seguros en la producci\u00f3n. Combina la tecnolog\u00eda m\u00e1s avanzada con un manejo sencillo, lo que permite optimizar el proceso de agitaci\u00f3n en recipientes peque\u00f1os.<\/p>\n<h3><span style=\"font-size: 90%;\">Caracter\u00edsticas y ventajas:<\/span><\/h3>\n<ul>\n<li>Potente accionamiento neum\u00e1tico: para una agitaci\u00f3n fiable y constante.<\/li>\n<li>Manejo ergon\u00f3mico y seguro: el dispositivo de elevaci\u00f3n autom\u00e1tica facilita el proceso de mezcla y el cambio de recipiente y garantiza un m\u00e9todo de trabajo ergon\u00f3mico.<\/li>\n<li>Flexibilidad gracias a las alturas de agitaci\u00f3n ajustables: Gracias al freno mec\u00e1nico, el soporte puede ajustarse con precisi\u00f3n a diferentes alturas de agitaci\u00f3n. Esto garantiza una alta precisi\u00f3n de repetici\u00f3n en el proceso de producci\u00f3n y reduce los tiempos de preparaci\u00f3n.<\/li>\n<li>Adaptaci\u00f3n a distintos tama\u00f1os de recipientes: El soporte de sujeci\u00f3n permite fijar de forma segura recipientes de diferentes alturas y di\u00e1metros y garantiza la estabilidad durante el proceso de mezcla.<\/li>\n<li>Control sencillo: el pr\u00e1ctico panel de control permite un manejo intuitivo y un control total del proceso de mezcla.<\/li>\n<\/ul>\n<p>Esta batidora de pie combina eficacia, seguridad y versatilidad y es la elecci\u00f3n perfecta para aplicaciones exigentes en el procesado de envases peque\u00f1os.<\/p>\n<p>Volumen de suministro sin mesa ni contenedor<\/p>","protected":false},"excerpt":{"rendered":"<p>Potente batidora de pie para recipientes peque\u00f1os de hasta 30 litros - accionamiento certificado para ATEX Zona 1 - alta seguridad de trabajo.<\/p>","protected":false},"featured_media":15351,"comment_status":"open","ping_status":"closed","template":"","meta":{"_acf_changed":false},"product_brand":[],"product_cat":[595,612],"product_tag":[2822,2549,2814,2815,2816,2817,2818,2819,2820,2821],"class_list":{"0":"post-3455","1":"product","2":"type-product","3":"status-publish","4":"has-post-thumbnail","6":"product_cat-ruehrwerkstechnik","7":"product_cat-kleingebinderuehrwerke","8":"product_tag-atex-zertifiziertes-ruehrwerk","9":"product_tag-pneumatisches-ruehrwerk-atex","10":"product_tag-atex-ruehrwerk","11":"product_tag-stativruehrwerk-kleingebinde","12":"product_tag-explosionsgeschuetztes-ruehrwerk","13":"product_tag-ruehrwerk-zone-1","14":"product_tag-ptm-ruehrtechnik","15":"product_tag-ruehrwerk-fuer-gefahrstoffe","16":"product_tag-kleingebinderuehrwerk-atex","17":"product_tag-ex-geschuetztes-ruehrwerk","18":"product_shipping_class-europalette-speditionsversand","19":"pa_antriebsart-pneumatisch","20":"pa_atex-fuer-atex-zone-1","21":"pa_atex-zone-122122","22":"pa_behaeltervolumen-10-20-liter","23":"pa_deckeldurchmesser-380mm","24":"pa_dichtung-ptfe","25":"pa_drehmoment-4nm","26":"pa_drehzahl-0-300-1-min","27":"pa_durchmesser-ruehrwelle-16mm","28":"pa_ex-gas-ex-ii-2-g-ex-h-iic-t5-gb-x","29":"pa_ex-staub-ex-ii-2-d-ex-h-iiic-t100c-db-x","30":"pa_geeignete-fassdurchmesser-30-liter","31":"pa_geraeuschpegel-75db","32":"pa_gesamtbreite-440mm","33":"pa_gesamthoehe-1335mm","34":"pa_gesamttiefe-600mm","35":"pa_labs-oel-und-silikonfrei","36":"pa_laenge-ruehrwelle-ca-360mm-ab-deckloberkante","37":"pa_material-deckel-v4a-edelstahl-1-4404","38":"pa_mittlerer-luftverbrauch-50l-min","39":"pa_model-eco-station-30","40":"pa_ruehrorgan-becherruehrorgan-eco-cup-170mm","41":"pa_stativverfahrweg-500mm","42":"pa_typ-stativruehrwerk","43":"pa_versorgung-5-6bar","45":"first","46":"instock","47":"taxable","48":"shipping-taxable","49":"purchasable","50":"product-type-simple"},"bundled_by":[],"bundle_stock_status":"instock","bundle_stock_quantity":null,"bundle_virtual":false,"bundle_layout":"","bundle_add_to_cart_form_location":"","bundle_editable_in_cart":false,"bundle_sold_individually_context":"","bundle_item_grouping":"","bundle_min_size":"","bundle_max_size":"","bundle_price":[],"bundled_items":[],"bundle_sell_ids":[],"exclude_global_add_ons":[],"addons":[],"acf":[],"_links":{"self":[{"href":"https:\/\/ptm-mechatronics.com\/es\/wp-json\/wp\/v2\/product\/3455","targetHints":{"allow":["GET"]}}],"collection":[{"href":"https:\/\/ptm-mechatronics.com\/es\/wp-json\/wp\/v2\/product"}],"about":[{"href":"https:\/\/ptm-mechatronics.com\/es\/wp-json\/wp\/v2\/types\/product"}],"replies":[{"embeddable":true,"href":"https:\/\/ptm-mechatronics.com\/es\/wp-json\/wp\/v2\/comments?post=3455"}],"wp:featuredmedia":[{"embeddable":true,"href":"https:\/\/ptm-mechatronics.com\/es\/wp-json\/wp\/v2\/media\/15351"}],"wp:attachment":[{"href":"https:\/\/ptm-mechatronics.com\/es\/wp-json\/wp\/v2\/media?parent=3455"}],"wp:term":[{"taxonomy":"product_brand","embeddable":true,"href":"https:\/\/ptm-mechatronics.com\/es\/wp-json\/wp\/v2\/product_brand?post=3455"},{"taxonomy":"product_cat","embeddable":true,"href":"https:\/\/ptm-mechatronics.com\/es\/wp-json\/wp\/v2\/product_cat?post=3455"},{"taxonomy":"product_tag","embeddable":true,"href":"https:\/\/ptm-mechatronics.com\/es\/wp-json\/wp\/v2\/product_tag?post=3455"}],"curies":[{"name":"wp","href":"https:\/\/api.w.org\/{rel}","templated":true}]}}