{"id":3403,"date":"2024-02-07T17:44:21","date_gmt":"2024-02-07T17:44:21","guid":{"rendered":""},"modified":"2025-11-07T15:50:43","modified_gmt":"2025-11-07T14:50:43","slug":"ruehrwerk-fuer-200-liter-spundfass-antrieb-atex-zone-1","status":"publish","type":"product","link":"https:\/\/ptm-mechatronics.com\/es\/product\/ruehrwerk-fuer-200-liter-spundfass-antrieb-atex-zone-1\/","title":{"rendered":"Agitador para barril de 200 litros - Accionamiento ATEX Zona 1"},"content":{"rendered":"<h1 data-start=\"224\" data-end=\"307\"><span style=\"font-size: 75%;\">Agitador neum\u00e1tico para bidones - certificado ATEX, robusto, flexible, listo para su uso inmediato<\/span><\/h1>\n<p data-start=\"309\" data-end=\"686\">El potente agitador neum\u00e1tico para bidones de tap\u00f3n es ideal para mezclar de forma fiable una amplia gama de medios, de baja a alta viscosidad. El travesa\u00f1o ajustable de acero inoxidable V4A 1.4404 de alta calidad es especialmente robusto y puede adaptarse con flexibilidad a di\u00e1metros de recipiente de 378 a 613 mm. El sistema se fija de forma segura mediante dos abrazaderas de cierre r\u00e1pido.<\/p>\n<p data-start=\"688\" data-end=\"996\">El orificio de ventilaci\u00f3n seg\u00fan DIN 6643 - G3\/4 permanece libremente accesible. Gracias al mezclador de cuchillas inclinadas abatibles suministrado, el agitador es ideal para aberturas de barril con tap\u00f3n de 2\u2033. En el volumen de suministro se incluye un eje agitador de acero inoxidable a juego, por lo que el sistema est\u00e1 listo para su uso inmediato.<\/p>\n<p data-start=\"688\" data-end=\"996\">Nota: Los barriles de tap\u00f3n no est\u00e1n normalizados. Compruebe detenidamente las dimensiones y la profundidad de su bid\u00f3n. En algunos casos, puede ser necesario adaptar el eje agitador. Estaremos encantados de asesorarle personalmente.<\/p>\n<p data-start=\"1202\" data-end=\"1247\">Volumen de suministro sin tambor y sin manguera.<\/p>","protected":false},"excerpt":{"rendered":"<p>Agitador neum\u00e1tico con travesa\u00f1o V4A para bidones de tap\u00f3n, listo para su uso inmediato, de ajuste flexible e ideal para aberturas de bid\u00f3n de 2\u2033.<\/p>","protected":false},"featured_media":15347,"comment_status":"open","ping_status":"closed","template":"","meta":{"_acf_changed":false},"product_brand":[],"product_cat":[595,603],"product_tag":[],"class_list":{"0":"post-3403","1":"product","2":"type-product","3":"status-publish","4":"has-post-thumbnail","6":"product_cat-ruehrwerkstechnik","7":"product_cat-fassruehrwerke","8":"product_shipping_class-karton-paketversand","9":"pa_antriebsart-pneumatisch","10":"pa_atex-zone-122122","11":"pa_behaeltervolumen-200-liter","12":"pa_dichtung-ptfe","13":"pa_drehmoment-16nm","14":"pa_drehzahl-0-300-1-min","15":"pa_durchmesser-ruehrwelle-20mm","16":"pa_ex-gas-ex-ii-2-g-ex-h-iic-t5-gb-x","17":"pa_ex-staub-ex-ii-2-d-ex-h-iiic-t100c-db-x","18":"pa_geeignete-fassdurchmesser-fuer-60-bis-200-liter-spundfaesser","19":"pa_geraeuschpegel-75db","20":"pa_labs-oel-und-silikonfrei","21":"pa_laenge-ruehrwelle-ca-730mm-ab-deckeloberkante","22":"pa_material-gehaeuse-aluminium-eloxiert","23":"pa_material-traverse-v4a-edelstahl-1-4404","24":"pa_mittlerer-luftverbrauch-100l-min","25":"pa_ruehrorgan-klapp-schraegblattmischer-d200mm","26":"pa_schutzart-ip67","27":"pa_steckverschraubung-abluft-schlauch-o12mm","28":"pa_steckverschraubung-zuluft-schlauch-o8mm","29":"pa_traversenspannweite-zwischen-378-und-613mm-einstellbar","30":"pa_typ-traversenruehrwerk","31":"pa_typ-spundfassruehrwerk","32":"pa_versorgung-5-6bar","34":"first","35":"instock","36":"taxable","37":"shipping-taxable","38":"purchasable","39":"product-type-simple"},"bundled_by":[],"bundle_stock_status":"instock","bundle_stock_quantity":null,"bundle_virtual":false,"bundle_layout":"","bundle_add_to_cart_form_location":"","bundle_editable_in_cart":false,"bundle_sold_individually_context":"","bundle_item_grouping":"","bundle_min_size":"","bundle_max_size":"","bundle_price":[],"bundled_items":[],"bundle_sell_ids":[],"exclude_global_add_ons":[],"addons":[],"acf":[],"_links":{"self":[{"href":"https:\/\/ptm-mechatronics.com\/es\/wp-json\/wp\/v2\/product\/3403","targetHints":{"allow":["GET"]}}],"collection":[{"href":"https:\/\/ptm-mechatronics.com\/es\/wp-json\/wp\/v2\/product"}],"about":[{"href":"https:\/\/ptm-mechatronics.com\/es\/wp-json\/wp\/v2\/types\/product"}],"replies":[{"embeddable":true,"href":"https:\/\/ptm-mechatronics.com\/es\/wp-json\/wp\/v2\/comments?post=3403"}],"wp:featuredmedia":[{"embeddable":true,"href":"https:\/\/ptm-mechatronics.com\/es\/wp-json\/wp\/v2\/media\/15347"}],"wp:attachment":[{"href":"https:\/\/ptm-mechatronics.com\/es\/wp-json\/wp\/v2\/media?parent=3403"}],"wp:term":[{"taxonomy":"product_brand","embeddable":true,"href":"https:\/\/ptm-mechatronics.com\/es\/wp-json\/wp\/v2\/product_brand?post=3403"},{"taxonomy":"product_cat","embeddable":true,"href":"https:\/\/ptm-mechatronics.com\/es\/wp-json\/wp\/v2\/product_cat?post=3403"},{"taxonomy":"product_tag","embeddable":true,"href":"https:\/\/ptm-mechatronics.com\/es\/wp-json\/wp\/v2\/product_tag?post=3403"}],"curies":[{"name":"wp","href":"https:\/\/api.w.org\/{rel}","templated":true}]}}