{"id":3357,"date":"2024-02-07T17:44:20","date_gmt":"2024-02-07T17:44:20","guid":{"rendered":""},"modified":"2025-11-07T15:50:40","modified_gmt":"2025-11-07T14:50:40","slug":"ruehrwerk-mit-traverse-fuer-200-liter-fass-antrieb-atex-zone-1","status":"publish","type":"product","link":"https:\/\/ptm-mechatronics.com\/es\/product\/ruehrwerk-mit-traverse-fuer-200-liter-fass-antrieb-atex-zone-1\/","title":{"rendered":"Agitador con traslaci\u00f3n para bid\u00f3n de 200 litros - Accionamiento ATEX Zona 1"},"content":{"rendered":"<p>El agitador consta de un accionamiento neum\u00e1tico potente y energ\u00e9ticamente eficiente con certificaci\u00f3n ATEX para Zona ATEX 1, eje agitador con agitador eco-Cup y travesa\u00f1o. El eje agitador, el elemento agitador y el travesa\u00f1o est\u00e1n fabricados en acero inoxidable V4A 1.4404 de alta calidad. El travesa\u00f1o con dos dispositivos de sujeci\u00f3n se adapta a bidones normalizados con una capacidad de 200 litros y un di\u00e1metro de 500 a 600 mm.<br \/>\nEl agitador agita de forma fiable medios de baja y alta viscosidad de todo tipo. Sus componentes ya est\u00e1n optimizados para un proceso de agitaci\u00f3n fiable y seguro en bidones de 200 litros. El agitador eco-Cup incluido en el volumen de suministro tiene un comportamiento de agitaci\u00f3n suave y proporciona un resultado de agitaci\u00f3n homog\u00e9neo.<\/p>","protected":false},"excerpt":{"rendered":"<p>Potente agitador totalmente equipado con travesa\u00f1o, eje agitador y elemento agitador para bid\u00f3n de 200 litros - Accionamiento ATEX Zona 1<\/p>","protected":false},"featured_media":15340,"comment_status":"open","ping_status":"closed","template":"","meta":{"_acf_changed":false},"product_brand":[],"product_cat":[595,603],"product_tag":[],"class_list":{"0":"post-3357","1":"product","2":"type-product","3":"status-publish","4":"has-post-thumbnail","6":"product_cat-ruehrwerkstechnik","7":"product_cat-fassruehrwerke","8":"product_shipping_class-karton-paketversand","9":"pa_antriebsart-pneumatisch","10":"pa_atex-zone-122122","11":"pa_behaeltervolumen-200-liter","12":"pa_dichtung-ptfe","13":"pa_drehmoment-16nm","14":"pa_drehzahl-0-300-1-min","15":"pa_durchmesser-ruehrwelle-20mm","16":"pa_ex-gas-ex-ii-2-g-ex-h-iic-t5-gb-x","17":"pa_ex-staub-ex-ii-2-d-ex-h-iiic-t100c-db-x","18":"pa_geeignete-fassdurchmesser-500-600mm","19":"pa_geraeuschpegel-75db","20":"pa_labs-oel-und-silikonfrei","21":"pa_laenge-ruehrwelle-ca-780mm-ab-deckeloberkante","22":"pa_material-gehaeuse-aluminium-eloxiert","23":"pa_material-traverse-v4a-edelstahl-1-4404","24":"pa_mittlerer-luftverbrauch-100l-min","25":"pa_ruehrorgan-becherruehrorgan-eco-cup-320mm","26":"pa_schutzart-ip67","27":"pa_steckverschraubung-abluft-schlauch-o12mm","28":"pa_steckverschraubung-zuluft-schlauch-o8mm","29":"pa_typ-traversenruehrwerk","30":"pa_versorgung-5-6bar","32":"first","33":"instock","34":"taxable","35":"shipping-taxable","36":"purchasable","37":"product-type-simple"},"bundled_by":[],"bundle_stock_status":"instock","bundle_stock_quantity":null,"bundle_virtual":false,"bundle_layout":"","bundle_add_to_cart_form_location":"","bundle_editable_in_cart":false,"bundle_sold_individually_context":"","bundle_item_grouping":"","bundle_min_size":"","bundle_max_size":"","bundle_price":[],"bundled_items":[],"bundle_sell_ids":[],"exclude_global_add_ons":[],"addons":[],"acf":[],"_links":{"self":[{"href":"https:\/\/ptm-mechatronics.com\/es\/wp-json\/wp\/v2\/product\/3357","targetHints":{"allow":["GET"]}}],"collection":[{"href":"https:\/\/ptm-mechatronics.com\/es\/wp-json\/wp\/v2\/product"}],"about":[{"href":"https:\/\/ptm-mechatronics.com\/es\/wp-json\/wp\/v2\/types\/product"}],"replies":[{"embeddable":true,"href":"https:\/\/ptm-mechatronics.com\/es\/wp-json\/wp\/v2\/comments?post=3357"}],"wp:featuredmedia":[{"embeddable":true,"href":"https:\/\/ptm-mechatronics.com\/es\/wp-json\/wp\/v2\/media\/15340"}],"wp:attachment":[{"href":"https:\/\/ptm-mechatronics.com\/es\/wp-json\/wp\/v2\/media?parent=3357"}],"wp:term":[{"taxonomy":"product_brand","embeddable":true,"href":"https:\/\/ptm-mechatronics.com\/es\/wp-json\/wp\/v2\/product_brand?post=3357"},{"taxonomy":"product_cat","embeddable":true,"href":"https:\/\/ptm-mechatronics.com\/es\/wp-json\/wp\/v2\/product_cat?post=3357"},{"taxonomy":"product_tag","embeddable":true,"href":"https:\/\/ptm-mechatronics.com\/es\/wp-json\/wp\/v2\/product_tag?post=3357"}],"curies":[{"name":"wp","href":"https:\/\/api.w.org\/{rel}","templated":true}]}}