{"id":3267,"date":"2024-02-07T17:44:19","date_gmt":"2024-02-07T17:44:19","guid":{"rendered":""},"modified":"2026-03-09T10:39:06","modified_gmt":"2026-03-09T09:39:06","slug":"stativ-fuer-laborruehrer-280x280mm","status":"publish","type":"product","link":"https:\/\/ptm-mechatronics.com\/es\/product\/stativ-fuer-laborruehrer-280x280mm\/","title":{"rendered":"Soporte para agitador de laboratorio 280x280mm"},"content":{"rendered":"<p>El pr\u00e1ctico soporte le ofrece una opci\u00f3n de montaje estable y r\u00e1pida para agitadores de laboratorio y otros equipos de laboratorio. El equipo puede fijarse de forma flexible al soporte mediante dos abrazaderas de tornillo para que su aplicaci\u00f3n est\u00e9 lista para su uso de forma r\u00e1pida y fiable.<\/p>\n<p>Nuestros agitadores de laboratorio eco-Lab y eco-Lab INOX pueden montarse directa y f\u00e1cilmente en el soporte gracias a su varilla de montaje integrada. Esto permite un posicionamiento seguro y un manejo c\u00f3modo para una amplia gama de aplicaciones de laboratorio.<\/p>","protected":false},"excerpt":{"rendered":"<p>Pr\u00e1ctico soporte grande para recipientes con un di\u00e1metro m\u00e1ximo de 350 mm que incluye dos abrazaderas de tornillo.<\/p>","protected":false},"featured_media":15328,"comment_status":"open","ping_status":"closed","template":"","meta":{"_acf_changed":false},"product_brand":[],"product_cat":[595,596],"product_tag":[],"class_list":{"0":"post-3267","1":"product","2":"type-product","3":"status-publish","4":"has-post-thumbnail","6":"product_cat-ruehrwerkstechnik","7":"product_cat-laborruehrer","8":"product_shipping_class-karton-paketversand","9":"pa_grundflaeche-280x280mm","10":"pa_hoehe-530mm","11":"pa_stabdurchmesser-12mm","13":"first","14":"instock","15":"taxable","16":"shipping-taxable","17":"purchasable","18":"product-type-simple"},"bundled_by":[],"bundle_stock_status":"instock","bundle_stock_quantity":null,"bundle_virtual":false,"bundle_layout":"","bundle_add_to_cart_form_location":"","bundle_editable_in_cart":false,"bundle_sold_individually_context":"","bundle_item_grouping":"","bundle_min_size":"","bundle_max_size":"","bundle_price":[],"bundled_items":[],"bundle_sell_ids":[],"exclude_global_add_ons":[],"addons":[],"acf":[],"_links":{"self":[{"href":"https:\/\/ptm-mechatronics.com\/es\/wp-json\/wp\/v2\/product\/3267","targetHints":{"allow":["GET"]}}],"collection":[{"href":"https:\/\/ptm-mechatronics.com\/es\/wp-json\/wp\/v2\/product"}],"about":[{"href":"https:\/\/ptm-mechatronics.com\/es\/wp-json\/wp\/v2\/types\/product"}],"replies":[{"embeddable":true,"href":"https:\/\/ptm-mechatronics.com\/es\/wp-json\/wp\/v2\/comments?post=3267"}],"wp:featuredmedia":[{"embeddable":true,"href":"https:\/\/ptm-mechatronics.com\/es\/wp-json\/wp\/v2\/media\/15328"}],"wp:attachment":[{"href":"https:\/\/ptm-mechatronics.com\/es\/wp-json\/wp\/v2\/media?parent=3267"}],"wp:term":[{"taxonomy":"product_brand","embeddable":true,"href":"https:\/\/ptm-mechatronics.com\/es\/wp-json\/wp\/v2\/product_brand?post=3267"},{"taxonomy":"product_cat","embeddable":true,"href":"https:\/\/ptm-mechatronics.com\/es\/wp-json\/wp\/v2\/product_cat?post=3267"},{"taxonomy":"product_tag","embeddable":true,"href":"https:\/\/ptm-mechatronics.com\/es\/wp-json\/wp\/v2\/product_tag?post=3267"}],"curies":[{"name":"wp","href":"https:\/\/api.w.org\/{rel}","templated":true}]}}