{"id":3256,"date":"2024-02-07T17:44:19","date_gmt":"2024-02-07T17:44:19","guid":{"rendered":""},"modified":"2026-03-09T10:30:45","modified_gmt":"2026-03-09T09:30:45","slug":"laborruehrer-eco-lab-900g-inox","status":"publish","type":"product","link":"https:\/\/ptm-mechatronics.com\/es\/product\/laborruehrer-eco-lab-900g-inox\/","title":{"rendered":"Agitador de laboratorio eco-Lab 900G INOX"},"content":{"rendered":"<p class=\"translation-block\" data-start=\"196\" data-end=\"555\">El <strong data-start=\"200\" data-end=\"228\">agitador de laboratorio eco-Lab INOX<\/strong> est\u00e1 fabricado en <strong data-start=\"251\" data-end=\"275\">acero inoxidable V4A 1.4404<\/strong> de alta calidad e impresiona por su excepcional robustez, higiene y rendimiento. Equipada con el eficaz <strong data-start=\"406\" data-end=\"428\">motor agitador eco<\/strong>, <strong data-start=\"430\" data-end=\"452\">pinza de sujeci\u00f3n r\u00e1pida<\/strong> y <strong data-start=\"457\" data-end=\"472\">varilla de montaje<\/strong>, la eco-Lab INOX puede integrarse sin esfuerzo en una amplia gama de aplicaciones.<\/p>\n<p class=\"translation-block\" data-start=\"557\" data-end=\"961\">Su <strong data-start=\"563\" data-end=\"583\">baja velocidad<\/strong> combinada con <strong data-start=\"601\" data-end=\"626\">par muy alto<\/strong> permite mezclar de forma fiable y uniforme todas las sustancias, desde medios de baja viscosidad hasta medios de alta viscosidad. Gracias a las <strong data-start=\"749\" data-end=\"783\">superficies pulidas de acero inoxidable<\/strong> y al <strong data-start=\"788\" data-end=\"808\">dise\u00f1o de bordes suaves<\/strong> (pocos bordes y socavaduras), la eco-Lab INOX est\u00e1 especialmente dise\u00f1ado para su uso en <strong data-start=\"896\" data-end=\"910\">cuartos limpios<\/strong> y <strong data-start=\"915\" data-end=\"949\">\u00e1reas higi\u00e9nicamente sensibles<\/strong>.<\/p>\n<p class=\"\" data-start=\"963\" data-end=\"994\">Las ventajas de un vistazo:<\/p>\n<ul>\n<li data-start=\"997\" data-end=\"1033\">De acero inoxidable V4A 1.4404<\/li>\n<li data-start=\"997\" data-end=\"1033\">Alto nivel de higiene para salas blancas<\/li>\n<li data-start=\"997\" data-end=\"1033\">Adecuado para medios de baja y alta viscosidad<\/li>\n<li data-start=\"997\" data-end=\"1033\">Alto par a baja velocidad<\/li>\n<li data-start=\"997\" data-end=\"1033\">Integraci\u00f3n r\u00e1pida gracias a la varilla de montaje y al portabrocas de cierre r\u00e1pido<\/li>\n<li data-start=\"997\" data-end=\"1033\">Superficies pulidas y resistentes<\/li>\n<li data-start=\"997\" data-end=\"1033\">Duradero y f\u00e1cil de mantener<\/li>\n<\/ul>\n<p><span style=\"font-size: 75%;\">Volumen de suministro sin soporte ni contenedor<\/span><\/p>","protected":false},"excerpt":{"rendered":"<p>Agitador de laboratorio fabricado en acero inoxidable V4A 1.4404 de alta calidad con alto par a baja velocidad, dise\u00f1o higi\u00e9nico para un uso fiable en salas blancas, para sustancias de baja a alta viscosidad.<\/p>","protected":false},"featured_media":15326,"comment_status":"open","ping_status":"closed","template":"","meta":{"_acf_changed":false},"product_brand":[],"product_cat":[595,596],"product_tag":[2841,2842,2843,2834,2835,2836,2837,2838,2839,2840],"class_list":{"0":"post-3256","1":"product","2":"type-product","3":"status-publish","4":"has-post-thumbnail","6":"product_cat-ruehrwerkstechnik","7":"product_cat-laborruehrer","8":"product_tag-schnellspannfutter-ruehrwerk","9":"product_tag-laborruehrer-fuer-reinraum","10":"product_tag-hygienisches-ruehrwerk-edelstahl","11":"product_tag-laborruehrer-edelstahl","12":"product_tag-eco-lab-inox","13":"product_tag-ruehrwerk-v4a-edelstahl","14":"product_tag-laborruehrwerk-kaufen","15":"product_tag-hygieneruehrwerk-reinraum","16":"product_tag-ruehrwerk-fuer-hochviskose-substanzen","17":"product_tag-ruehrwerk-mit-hohem-drehmoment","18":"product_shipping_class-karton-paketversand","19":"pa_antriebsart-pneumatisch","20":"pa_atex-zone-122122","21":"pa_dichtung-ptfe-fda-konform","22":"pa_drehmoment-4nm","23":"pa_drehzahl-0-600-1-min","24":"pa_durchmesser-106mm","25":"pa_ex-gas-ex-ii-2-g-ex-h-iic-t5-gb-x","26":"pa_ex-staub-ex-ii-2-d-ex-h-iiic-t100c-db-x","27":"pa_geraeuschpegel-75db","28":"pa_labeling-lasergravur","29":"pa_labs-oel-und-silikonfrei","30":"pa_material-gehaeuse-v4a-edelstahl-1-4404-elektropoliert","31":"pa_mittlerer-luftverbrauch-50l-min","32":"pa_model-eco-lab-900g-inox","33":"pa_montagestab-d12mm","34":"pa_reinraumklassifizierung-iso1-nach-din14644","35":"pa_schutzart-ip68","36":"pa_steckverschraubung-abluft-schlauch-o10mm","37":"pa_steckverschraubung-zuluft-schlauch-o6mm","38":"pa_versorgung-5-6bar","40":"first","41":"instock","42":"taxable","43":"shipping-taxable","44":"purchasable","45":"product-type-simple"},"bundled_by":[],"bundle_stock_status":"instock","bundle_stock_quantity":null,"bundle_virtual":false,"bundle_layout":"","bundle_add_to_cart_form_location":"","bundle_editable_in_cart":false,"bundle_sold_individually_context":"","bundle_item_grouping":"","bundle_min_size":"","bundle_max_size":"","bundle_price":[],"bundled_items":[],"bundle_sell_ids":[],"exclude_global_add_ons":[],"addons":[],"acf":[],"_links":{"self":[{"href":"https:\/\/ptm-mechatronics.com\/es\/wp-json\/wp\/v2\/product\/3256","targetHints":{"allow":["GET"]}}],"collection":[{"href":"https:\/\/ptm-mechatronics.com\/es\/wp-json\/wp\/v2\/product"}],"about":[{"href":"https:\/\/ptm-mechatronics.com\/es\/wp-json\/wp\/v2\/types\/product"}],"replies":[{"embeddable":true,"href":"https:\/\/ptm-mechatronics.com\/es\/wp-json\/wp\/v2\/comments?post=3256"}],"wp:featuredmedia":[{"embeddable":true,"href":"https:\/\/ptm-mechatronics.com\/es\/wp-json\/wp\/v2\/media\/15326"}],"wp:attachment":[{"href":"https:\/\/ptm-mechatronics.com\/es\/wp-json\/wp\/v2\/media?parent=3256"}],"wp:term":[{"taxonomy":"product_brand","embeddable":true,"href":"https:\/\/ptm-mechatronics.com\/es\/wp-json\/wp\/v2\/product_brand?post=3256"},{"taxonomy":"product_cat","embeddable":true,"href":"https:\/\/ptm-mechatronics.com\/es\/wp-json\/wp\/v2\/product_cat?post=3256"},{"taxonomy":"product_tag","embeddable":true,"href":"https:\/\/ptm-mechatronics.com\/es\/wp-json\/wp\/v2\/product_tag?post=3256"}],"curies":[{"name":"wp","href":"https:\/\/api.w.org\/{rel}","templated":true}]}}