{"id":15717,"date":"2025-12-01T13:26:30","date_gmt":"2025-12-01T12:26:30","guid":{"rendered":"https:\/\/ptm-mechatronics.com\/?post_type=product&#038;p=15717"},"modified":"2026-01-21T09:13:17","modified_gmt":"2026-01-21T08:13:17","slug":"fasspumpe-hygienic-design-max-foerderhoehe","status":"publish","type":"product","link":"https:\/\/ptm-mechatronics.com\/es\/product\/fasspumpe-hygienic-design-max-foerderhoehe\/","title":{"rendered":"Bomba de bid\u00f3n Hygienic Design 2,2 bar"},"content":{"rendered":"<h1 data-start=\"227\" data-end=\"303\"><span style=\"font-size: 75%;\">Bomba de tambor Hygienic Design para una altura de bombeo m\u00e1xima<\/span><\/h1>\n<p>Esta bomba para bidones de dise\u00f1o higi\u00e9nico se ha dise\u00f1ado especialmente para aplicaciones en las que se requiere una altura de impulsi\u00f3n especialmente alta y un dise\u00f1o higi\u00e9nico, por ejemplo en las industrias alimentaria, cosm\u00e9tica o qu\u00edmica. El robusto motor de CA de 850 W (230 V, 8500 rpm) est\u00e1 equipado con protecci\u00f3n t\u00e9rmica contra sobrecarga, desconexi\u00f3n por subtensi\u00f3n conforme a la Directiva de m\u00e1quinas 2006\/42\/CE y clase de protecci\u00f3n IP24.<\/p>\n<p>La unidad de bombeo de acero inoxidable (1.4571) tiene tres impulsores radiales, un cierre mec\u00e1nico duradero y una profundidad de inmersi\u00f3n de 1.000 mm. La conexi\u00f3n del lado de presi\u00f3n tiene una rosca exterior G 1 \u00bc\u201c, ideal para la conexi\u00f3n a soluciones de llenado profesionales. La certificaci\u00f3n ATEX II 1\/2 G IIB T3 permite un uso seguro en atm\u00f3sferas potencialmente explosivas.<\/p>\n<p>El juego de accesorios suministrado contiene<\/p>\n<ul>\n<li>Manguera de tejido de PVC DN25 de 2 m<\/li>\n<li>2x conectores de manguera de acero inoxidable DN25<\/li>\n<li>2x abrazaderas de acero inoxidable<\/li>\n<li>1x boquilla de gasolina acero inoxidable\/PTFE<\/li>\n<li>1x adaptador de ca\u00f1\u00f3n PP<\/li>\n<\/ul>","protected":false},"excerpt":{"rendered":"<p>Bomba de bid\u00f3n de dise\u00f1o higi\u00e9nico con unidad de bombeo de acero inoxidable, tres impulsores radiales y accesorios para aplicaciones higi\u00e9nicas con elevados requisitos de caudal y zonas ATEX.<\/p>","protected":false},"featured_media":15716,"comment_status":"closed","ping_status":"closed","template":"","meta":{"_acf_changed":false},"product_brand":[],"product_cat":[3206,3224,3266],"product_tag":[3227,3248,3249,3250,3251,3252,3253,3254,3255],"class_list":{"0":"post-15717","1":"product","2":"type-product","3":"status-publish","4":"has-post-thumbnail","6":"product_cat-pumpentechnik","7":"product_cat-fasspumpen","8":"product_cat-hygienic-design-pumpen","9":"product_tag-fasspumpen-komplettset","10":"product_tag-chemie-fasspumpe","11":"product_tag-fasspumpen-set-chemikalien","12":"product_tag-pvdf-pumpe","13":"product_tag-hastelloy-c-pumpwerk","14":"product_tag-zapfpistole-pvdf-fep","15":"product_tag-schlauch-dn25-chemie","16":"product_tag-fasspumpe-aggressiv","17":"product_tag-pumpwerk-dl-pvdf-hc","18":"product_shipping_class-karton-paketversand","19":"pa_foerderleistung-max-100-l-min","20":"pa_leistung-850-watt","21":"pa_material-edelstahl","22":"pa_schutzart-ip24","23":"pa_spannung-230v","25":"first","26":"instock","27":"taxable","28":"shipping-taxable","29":"purchasable","30":"product-type-simple"},"bundled_by":[],"bundle_stock_status":"instock","bundle_stock_quantity":null,"bundle_virtual":false,"bundle_layout":"","bundle_add_to_cart_form_location":"","bundle_editable_in_cart":false,"bundle_sold_individually_context":"","bundle_item_grouping":"","bundle_min_size":"","bundle_max_size":"","bundle_price":[],"bundled_items":[],"bundle_sell_ids":[],"exclude_global_add_ons":[],"addons":[],"acf":[],"_links":{"self":[{"href":"https:\/\/ptm-mechatronics.com\/es\/wp-json\/wp\/v2\/product\/15717","targetHints":{"allow":["GET"]}}],"collection":[{"href":"https:\/\/ptm-mechatronics.com\/es\/wp-json\/wp\/v2\/product"}],"about":[{"href":"https:\/\/ptm-mechatronics.com\/es\/wp-json\/wp\/v2\/types\/product"}],"replies":[{"embeddable":true,"href":"https:\/\/ptm-mechatronics.com\/es\/wp-json\/wp\/v2\/comments?post=15717"}],"wp:featuredmedia":[{"embeddable":true,"href":"https:\/\/ptm-mechatronics.com\/es\/wp-json\/wp\/v2\/media\/15716"}],"wp:attachment":[{"href":"https:\/\/ptm-mechatronics.com\/es\/wp-json\/wp\/v2\/media?parent=15717"}],"wp:term":[{"taxonomy":"product_brand","embeddable":true,"href":"https:\/\/ptm-mechatronics.com\/es\/wp-json\/wp\/v2\/product_brand?post=15717"},{"taxonomy":"product_cat","embeddable":true,"href":"https:\/\/ptm-mechatronics.com\/es\/wp-json\/wp\/v2\/product_cat?post=15717"},{"taxonomy":"product_tag","embeddable":true,"href":"https:\/\/ptm-mechatronics.com\/es\/wp-json\/wp\/v2\/product_tag?post=15717"}],"curies":[{"name":"wp","href":"https:\/\/api.w.org\/{rel}","templated":true}]}}