{"id":15710,"date":"2025-12-01T09:36:52","date_gmt":"2025-12-01T08:36:52","guid":{"rendered":"https:\/\/ptm-mechatronics.com\/?post_type=product&#038;p=15710"},"modified":"2026-01-21T09:12:13","modified_gmt":"2026-01-21T08:12:13","slug":"fasspumpe-hygienic-design-max-foerderleistung","status":"publish","type":"product","link":"https:\/\/ptm-mechatronics.com\/es\/product\/fasspumpe-hygienic-design-max-foerderleistung\/","title":{"rendered":"Bomba de bid\u00f3n Hygienic Design 0,8 bar"},"content":{"rendered":"<h1 data-start=\"227\" data-end=\"303\"><span style=\"font-size: 75%;\">Grupo de bombas de bid\u00f3n de dise\u00f1o higi\u00e9nico para una capacidad de suministro m\u00e1xima<\/span><\/h1>\n<p>Esta potente bomba para bidones de dise\u00f1o higi\u00e9nico se ha desarrollado especialmente para aplicaciones higi\u00e9nicamente exigentes y combina la m\u00e1xima capacidad de suministro con una seguridad de funcionamiento fiable. El potente motor de CA (850 W, 230 V, 8500 rpm) est\u00e1 equipado con protecci\u00f3n t\u00e9rmica contra sobrecarga, un dispositivo de desconexi\u00f3n por subtensi\u00f3n conforme a la Directiva de m\u00e1quinas 2006\/42\/CE y clase de protecci\u00f3n IP24, ideal para su uso en \u00e1reas sensibles como las industrias alimentaria, cosm\u00e9tica o farmac\u00e9utica.<\/p>\n<p>La unidad de bombeo est\u00e1 fabricada en acero inoxidable de alta calidad (1.4571) y tiene un cierre mec\u00e1nico duradero de carbono\/cer\u00e1mica\/A4\/FKM y un impulsor de flujo axial. La profundidad de inmersi\u00f3n es de 1.000 mm con un di\u00e1metro de tuber\u00eda de 40 mm. El sistema cuenta con certificaci\u00f3n ATEX para Zona II 1\/2 G IIB T3 y, por tanto, tambi\u00e9n es adecuado para atm\u00f3sferas potencialmente explosivas.<\/p>\n<p>El juego de accesorios incluye todos los componentes necesarios para una puesta en marcha inmediata:<\/p>\n<ul>\n<li>Manguera de tejido de PVC DN25 de 2 m<\/li>\n<li>2x conectores de manguera de acero inoxidable DN25<\/li>\n<li>2x abrazaderas de acero inoxidable<\/li>\n<li>1x boquilla de gasolina de acero inoxidable\/PTFE<\/li>\n<li>1x adaptador de ca\u00f1\u00f3n PP<\/li>\n<li>1x soporte de pared<\/li>\n<\/ul>","protected":false},"excerpt":{"rendered":"<p>Bomba de bid\u00f3n Hygienic Design con motor de 850 W, unidad de bombeo de acero inoxidable y juego de accesorios para aplicaciones sensibles desde el punto de vista higi\u00e9nico con caudales elevados.<\/p>","protected":false},"featured_media":15716,"comment_status":"closed","ping_status":"closed","template":"","meta":{"_acf_changed":false},"product_brand":[],"product_cat":[3206,3224,3266],"product_tag":[3227,3248,3249,3250,3251,3252,3253,3254,3255],"class_list":{"0":"post-15710","1":"product","2":"type-product","3":"status-publish","4":"has-post-thumbnail","6":"product_cat-pumpentechnik","7":"product_cat-fasspumpen","8":"product_cat-hygienic-design-pumpen","9":"product_tag-fasspumpen-komplettset","10":"product_tag-chemie-fasspumpe","11":"product_tag-fasspumpen-set-chemikalien","12":"product_tag-pvdf-pumpe","13":"product_tag-hastelloy-c-pumpwerk","14":"product_tag-zapfpistole-pvdf-fep","15":"product_tag-schlauch-dn25-chemie","16":"product_tag-fasspumpe-aggressiv","17":"product_tag-pumpwerk-dl-pvdf-hc","18":"product_shipping_class-karton-paketversand","19":"pa_dichtung-kohle-keramik-a4-fkm","20":"pa_foerderleistung-max-100-l-min","21":"pa_leistung-850-watt","22":"pa_material-edelstahl","23":"pa_schutzart-ip24","24":"pa_spannung-230v","26":"first","27":"instock","28":"taxable","29":"shipping-taxable","30":"purchasable","31":"product-type-simple"},"bundled_by":[],"bundle_stock_status":"instock","bundle_stock_quantity":null,"bundle_virtual":false,"bundle_layout":"","bundle_add_to_cart_form_location":"","bundle_editable_in_cart":false,"bundle_sold_individually_context":"","bundle_item_grouping":"","bundle_min_size":"","bundle_max_size":"","bundle_price":[],"bundled_items":[],"bundle_sell_ids":[],"exclude_global_add_ons":[],"addons":[],"acf":[],"_links":{"self":[{"href":"https:\/\/ptm-mechatronics.com\/es\/wp-json\/wp\/v2\/product\/15710","targetHints":{"allow":["GET"]}}],"collection":[{"href":"https:\/\/ptm-mechatronics.com\/es\/wp-json\/wp\/v2\/product"}],"about":[{"href":"https:\/\/ptm-mechatronics.com\/es\/wp-json\/wp\/v2\/types\/product"}],"replies":[{"embeddable":true,"href":"https:\/\/ptm-mechatronics.com\/es\/wp-json\/wp\/v2\/comments?post=15710"}],"wp:featuredmedia":[{"embeddable":true,"href":"https:\/\/ptm-mechatronics.com\/es\/wp-json\/wp\/v2\/media\/15716"}],"wp:attachment":[{"href":"https:\/\/ptm-mechatronics.com\/es\/wp-json\/wp\/v2\/media?parent=15710"}],"wp:term":[{"taxonomy":"product_brand","embeddable":true,"href":"https:\/\/ptm-mechatronics.com\/es\/wp-json\/wp\/v2\/product_brand?post=15710"},{"taxonomy":"product_cat","embeddable":true,"href":"https:\/\/ptm-mechatronics.com\/es\/wp-json\/wp\/v2\/product_cat?post=15710"},{"taxonomy":"product_tag","embeddable":true,"href":"https:\/\/ptm-mechatronics.com\/es\/wp-json\/wp\/v2\/product_tag?post=15710"}],"curies":[{"name":"wp","href":"https:\/\/api.w.org\/{rel}","templated":true}]}}