{"id":15634,"date":"2025-11-20T15:34:25","date_gmt":"2025-11-20T14:34:25","guid":{"rendered":"https:\/\/ptm-mechatronics.com\/?post_type=product&#038;p=15634"},"modified":"2025-11-28T11:25:48","modified_gmt":"2025-11-28T10:25:48","slug":"pumpwerk-fuer-faesser-verduennte-saeuren-laugen","status":"publish","type":"product","link":"https:\/\/ptm-mechatronics.com\/es\/product\/pumpwerk-fuer-faesser-verduennte-saeuren-laugen\/","title":{"rendered":"Estaci\u00f3n de bombeo para bidones, \u00e1cidos diluidos\/\u00e1lcalis"},"content":{"rendered":"<h1 data-start=\"242\" data-end=\"330\"><span style=\"font-size: 75%;\"><strong data-start=\"242\" data-end=\"330\">Estaci\u00f3n de bombeo 1.000 mm para bidones<br \/>\n<\/strong><\/span><span style=\"font-size: 75%;\">- Eje axial de acero inoxidable sin juntas<\/span><\/h1>\n<p>La robusta unidad de bombeo de bidones sin juntas es adecuada para un uso fiable en aplicaciones qu\u00edmicas e industriales.<\/p>\n<p>La carcasa es de polipropileno (PP) resistente a los productos qu\u00edmicos, mientras que el eje de transmisi\u00f3n es de acero inoxidable de alta calidad (V2A\/Niro). El dise\u00f1o de bombeo axial garantiza un suministro eficaz del medio con una baja susceptibilidad al desgaste. Gracias al dise\u00f1o sin juntas, la unidad de bombeo pr\u00e1cticamente no requiere mantenimiento y es especialmente adecuada para medios ligeramente agresivos y de baja viscosidad.<\/p>\n<p>Volumen de suministro sin motor<\/p>","protected":false},"excerpt":{"rendered":"<p>Unidad de bombeo sin juntas, longitud 1.000 mm, fabricada en PP resistente a productos qu\u00edmicos con eje de acero inoxidable para el trasvase seguro de medios de baja viscosidad.<\/p>","protected":false},"featured_media":15696,"comment_status":"closed","ping_status":"closed","template":"","meta":{"_acf_changed":false},"product_brand":[],"product_cat":[3206,3224],"product_tag":[],"class_list":{"0":"post-15634","1":"product","2":"type-product","3":"status-publish","4":"has-post-thumbnail","6":"product_cat-pumpentechnik","7":"product_cat-fasspumpen","8":"product_shipping_class-karton-paketversand","9":"pa_laenge-1000mm","10":"pa_material-edelstahl","11":"pa_material-polypropylen-pp","13":"first","14":"instock","15":"taxable","16":"shipping-taxable","17":"purchasable","18":"product-type-simple"},"bundled_by":[],"bundle_stock_status":"instock","bundle_stock_quantity":null,"bundle_virtual":false,"bundle_layout":"","bundle_add_to_cart_form_location":"","bundle_editable_in_cart":false,"bundle_sold_individually_context":"","bundle_item_grouping":"","bundle_min_size":"","bundle_max_size":"","bundle_price":[],"bundled_items":[],"bundle_sell_ids":[],"exclude_global_add_ons":[],"addons":[],"acf":[],"_links":{"self":[{"href":"https:\/\/ptm-mechatronics.com\/es\/wp-json\/wp\/v2\/product\/15634","targetHints":{"allow":["GET"]}}],"collection":[{"href":"https:\/\/ptm-mechatronics.com\/es\/wp-json\/wp\/v2\/product"}],"about":[{"href":"https:\/\/ptm-mechatronics.com\/es\/wp-json\/wp\/v2\/types\/product"}],"replies":[{"embeddable":true,"href":"https:\/\/ptm-mechatronics.com\/es\/wp-json\/wp\/v2\/comments?post=15634"}],"wp:featuredmedia":[{"embeddable":true,"href":"https:\/\/ptm-mechatronics.com\/es\/wp-json\/wp\/v2\/media\/15696"}],"wp:attachment":[{"href":"https:\/\/ptm-mechatronics.com\/es\/wp-json\/wp\/v2\/media?parent=15634"}],"wp:term":[{"taxonomy":"product_brand","embeddable":true,"href":"https:\/\/ptm-mechatronics.com\/es\/wp-json\/wp\/v2\/product_brand?post=15634"},{"taxonomy":"product_cat","embeddable":true,"href":"https:\/\/ptm-mechatronics.com\/es\/wp-json\/wp\/v2\/product_cat?post=15634"},{"taxonomy":"product_tag","embeddable":true,"href":"https:\/\/ptm-mechatronics.com\/es\/wp-json\/wp\/v2\/product_tag?post=15634"}],"curies":[{"name":"wp","href":"https:\/\/api.w.org\/{rel}","templated":true}]}}