{"id":15632,"date":"2025-11-20T15:13:46","date_gmt":"2025-11-20T14:13:46","guid":{"rendered":"https:\/\/ptm-mechatronics.com\/?post_type=product&#038;p=15632"},"modified":"2025-12-03T12:52:22","modified_gmt":"2025-12-03T11:52:22","slug":"universalmotor-fuer-fasspumpen-700-watt-atex","status":"publish","type":"product","link":"https:\/\/ptm-mechatronics.com\/es\/product\/universalmotor-fuer-fasspumpen-700-watt-atex\/","title":{"rendered":"Motor universal para bombas de bidones, 700 vatios, ATEX"},"content":{"rendered":"<h1 data-start=\"196\" data-end=\"275\"><span style=\"font-size: 75%;\">Motor universal ATEX para bombas de bidones<br \/>\n<\/span><span style=\"font-size: 75%;\">- Compacta, potente y vers\u00e1til<\/span><\/h1>\n<p data-start=\"277\" data-end=\"588\">El motor universal con certificaci\u00f3n ATEX (Ex II 2 G EEx de IIC T5) es el elemento de accionamiento central de su bomba modular para bidones ATEX. Con una potencia de 700 W, una tensi\u00f3n de 230 V a 50 Hz y la clase de protecci\u00f3n IP54, el motor ofrece una potencia fiable para un funcionamiento continuo en entornos potencialmente explosivos.<\/p>\n<p data-start=\"590\" data-end=\"911\">El motor puede montarse y desmontarse sin herramientas, lo que ofrece la m\u00e1xima flexibilidad en el manejo y la limpieza. Es compatible con todas las estaciones de bombeo ATEX PTM de la tienda e impresiona por su bombeo seguro, c\u00f3modo e higi\u00e9nico de una amplia gama de l\u00edquidos.<\/p>","protected":false},"excerpt":{"rendered":"<p>Motor universal ATEX con 700 W de potencia, unidad de accionamiento compacta para bombas de bidones modulares de PTM mechatronics que puede instalarse sin herramientas.<\/p>","protected":false},"featured_media":15709,"comment_status":"closed","ping_status":"closed","template":"","meta":{"_acf_changed":false},"product_brand":[],"product_cat":[3206,3224],"product_tag":[],"class_list":{"0":"post-15632","1":"product","2":"type-product","3":"status-publish","4":"has-post-thumbnail","6":"product_cat-pumpentechnik","7":"product_cat-fasspumpen","8":"product_shipping_class-karton-paketversand","9":"pa_leistung-700-watt","10":"pa_schutzart-ip54","11":"pa_spannung-230v","13":"first","14":"instock","15":"taxable","16":"shipping-taxable","17":"purchasable","18":"product-type-simple"},"bundled_by":[],"bundle_stock_status":"instock","bundle_stock_quantity":null,"bundle_virtual":false,"bundle_layout":"","bundle_add_to_cart_form_location":"","bundle_editable_in_cart":false,"bundle_sold_individually_context":"","bundle_item_grouping":"","bundle_min_size":"","bundle_max_size":"","bundle_price":[],"bundled_items":[],"bundle_sell_ids":[],"exclude_global_add_ons":[],"addons":[],"acf":[],"_links":{"self":[{"href":"https:\/\/ptm-mechatronics.com\/es\/wp-json\/wp\/v2\/product\/15632","targetHints":{"allow":["GET"]}}],"collection":[{"href":"https:\/\/ptm-mechatronics.com\/es\/wp-json\/wp\/v2\/product"}],"about":[{"href":"https:\/\/ptm-mechatronics.com\/es\/wp-json\/wp\/v2\/types\/product"}],"replies":[{"embeddable":true,"href":"https:\/\/ptm-mechatronics.com\/es\/wp-json\/wp\/v2\/comments?post=15632"}],"wp:featuredmedia":[{"embeddable":true,"href":"https:\/\/ptm-mechatronics.com\/es\/wp-json\/wp\/v2\/media\/15709"}],"wp:attachment":[{"href":"https:\/\/ptm-mechatronics.com\/es\/wp-json\/wp\/v2\/media?parent=15632"}],"wp:term":[{"taxonomy":"product_brand","embeddable":true,"href":"https:\/\/ptm-mechatronics.com\/es\/wp-json\/wp\/v2\/product_brand?post=15632"},{"taxonomy":"product_cat","embeddable":true,"href":"https:\/\/ptm-mechatronics.com\/es\/wp-json\/wp\/v2\/product_cat?post=15632"},{"taxonomy":"product_tag","embeddable":true,"href":"https:\/\/ptm-mechatronics.com\/es\/wp-json\/wp\/v2\/product_tag?post=15632"}],"curies":[{"name":"wp","href":"https:\/\/api.w.org\/{rel}","templated":true}]}}