{"id":15629,"date":"2025-11-19T12:30:48","date_gmt":"2025-11-19T11:30:48","guid":{"rendered":"https:\/\/ptm-mechatronics.com\/?post_type=product&#038;p=15629"},"modified":"2025-12-03T12:53:28","modified_gmt":"2025-12-03T11:53:28","slug":"fasspumpe-atex","status":"publish","type":"product","link":"https:\/\/ptm-mechatronics.com\/es\/product\/fasspumpe-atex\/","title":{"rendered":"Bomba de bidones ATEX"},"content":{"rendered":"<h1 data-start=\"227\" data-end=\"303\"><span style=\"font-size: 75%;\">Bomba de bidones ATEX<\/span><\/h1>\n<p>El grupo de bombeo de bidones con certificaci\u00f3n ATEX es la soluci\u00f3n ideal para el llenado seguro de l\u00edquidos inflamables en atm\u00f3sferas potencialmente explosivas. Equipado con el potente motor Ex (Ex II 2 G EEx de IIC T5, IP54) y la robusta unidad de bombeo (ATEX II 1\/2 G IIB T4), este conjunto cumple los requisitos de seguridad m\u00e1s exigentes. La manguera conductora de disolvente DN25 de 2 m de longitud y la resistente boquilla de la bomba de lat\u00f3n\/PTFE permiten un suministro seguro y controlado. Un cable de compensaci\u00f3n de potencial tambi\u00e9n proporciona la protecci\u00f3n necesaria contra la carga electrost\u00e1tica.<\/p>\n<p data-start=\"644\" data-end=\"1136\">La caracter\u00edstica especial: El motor puede separarse de la estaci\u00f3n de bombeo sin herramientas y acoplarse a otras estaciones de bombeo. Esto significa que un motor puede utilizarse de forma flexible con varias unidades de bombeo. Los componentes adicionales tambi\u00e9n est\u00e1n disponibles individualmente en la tienda, para una modularidad y adaptabilidad m\u00e1ximas.<\/p>\n<p data-start=\"644\" data-end=\"1136\">Componentes del juego:<\/p>\n<ul>\n<li>Motor universal Ex II 2 G EEx de IIC T5, 230V o. USP, 50 Hz, 700W<\/li>\n<li>Grupo de bombeo ATEX II 1\/2 G IIB T4, acero inoxidable sin soldadura, axial, eje de acero inoxidable (acero inoxidable)<\/li>\n<li>Manguera de disolvente de 2 m DN25<\/li>\n<li>2x conectores de manguera de lat\u00f3n 1 1\/4\u2033<\/li>\n<li>Boquilla dosificadora lat\u00f3n\/PTFE<\/li>\n<li>Cable de compensaci\u00f3n de potencial<\/li>\n<\/ul>","protected":false},"excerpt":{"rendered":"<p>Kit de bomba de bid\u00f3n para el llenado seguro de \u00e1cidos y \u00e1lcalis diluidos - totalmente equipado y listo para su uso inmediato.<\/p>","protected":false},"featured_media":15705,"comment_status":"closed","ping_status":"closed","template":"","meta":{"_acf_changed":false},"product_brand":[],"product_cat":[3206,3224],"product_tag":[3229,3230,3231,3232,3233,3234,3235,3226,3227,3228],"class_list":{"0":"post-15629","1":"product","2":"type-product","3":"status-publish","4":"has-post-thumbnail","6":"product_cat-pumpentechnik","7":"product_cat-fasspumpen","8":"product_tag-fasspumpenset-bs1","9":"product_tag-fasspumpe-verduennte-saeuren","10":"product_tag-fasspumpe-laugen","11":"product_tag-chemiepumpe-set","12":"product_tag-pp-fasspumpensystem","13":"product_tag-edelstahlwelle-fasspumpe","14":"product_tag-zapfpistole-fpm","15":"product_tag-fasspumpe-set","16":"product_tag-fasspumpen-komplettset","17":"product_tag-labor-fasspumpe","18":"product_shipping_class-karton-paketversand","19":"pa_atex-motor-ex-ii-2-g-eex-de-iic-t5","20":"pa_foerderleistung-max-100-l-min","21":"pa_leistung-700-watt","22":"pa_material-ptfe","23":"pa_material-messing","24":"pa_material-edelstahl","25":"pa_schutzart-ip54","27":"first","28":"instock","29":"taxable","30":"shipping-taxable","31":"purchasable","32":"product-type-simple"},"bundled_by":[],"bundle_stock_status":"instock","bundle_stock_quantity":null,"bundle_virtual":false,"bundle_layout":"","bundle_add_to_cart_form_location":"","bundle_editable_in_cart":false,"bundle_sold_individually_context":"","bundle_item_grouping":"","bundle_min_size":"","bundle_max_size":"","bundle_price":[],"bundled_items":[],"bundle_sell_ids":[],"exclude_global_add_ons":[],"addons":[],"acf":[],"_links":{"self":[{"href":"https:\/\/ptm-mechatronics.com\/es\/wp-json\/wp\/v2\/product\/15629","targetHints":{"allow":["GET"]}}],"collection":[{"href":"https:\/\/ptm-mechatronics.com\/es\/wp-json\/wp\/v2\/product"}],"about":[{"href":"https:\/\/ptm-mechatronics.com\/es\/wp-json\/wp\/v2\/types\/product"}],"replies":[{"embeddable":true,"href":"https:\/\/ptm-mechatronics.com\/es\/wp-json\/wp\/v2\/comments?post=15629"}],"wp:featuredmedia":[{"embeddable":true,"href":"https:\/\/ptm-mechatronics.com\/es\/wp-json\/wp\/v2\/media\/15705"}],"wp:attachment":[{"href":"https:\/\/ptm-mechatronics.com\/es\/wp-json\/wp\/v2\/media?parent=15629"}],"wp:term":[{"taxonomy":"product_brand","embeddable":true,"href":"https:\/\/ptm-mechatronics.com\/es\/wp-json\/wp\/v2\/product_brand?post=15629"},{"taxonomy":"product_cat","embeddable":true,"href":"https:\/\/ptm-mechatronics.com\/es\/wp-json\/wp\/v2\/product_cat?post=15629"},{"taxonomy":"product_tag","embeddable":true,"href":"https:\/\/ptm-mechatronics.com\/es\/wp-json\/wp\/v2\/product_tag?post=15629"}],"curies":[{"name":"wp","href":"https:\/\/api.w.org\/{rel}","templated":true}]}}