{"id":15628,"date":"2025-11-18T15:03:55","date_gmt":"2025-11-18T14:03:55","guid":{"rendered":"https:\/\/ptm-mechatronics.com\/?post_type=product&#038;p=15628"},"modified":"2025-12-03T12:54:30","modified_gmt":"2025-12-03T11:54:30","slug":"fasspumpe-fuer-oel-neutrale-fluessigkeiten","status":"publish","type":"product","link":"https:\/\/ptm-mechatronics.com\/es\/product\/fasspumpe-fuer-oel-neutrale-fluessigkeiten\/","title":{"rendered":"Bomba de bid\u00f3n para aceite y l\u00edquidos neutros"},"content":{"rendered":"<h1 data-start=\"227\" data-end=\"303\"><span style=\"font-size: 75%;\">Bomba de bid\u00f3n para aceite y l\u00edquidos neutros, lista para su uso inmediato<\/span><\/h1>\n<p data-start=\"716\" data-end=\"1056\">El grupo de bombeo para bidones de aceite es su soluci\u00f3n completa y pr\u00e1ctica para el llenado sencillo y seguro de aceite y l\u00edquidos neutros en el sector industrial. Con su robusto motor el\u00e9ctrico y su duradera unidad de bombeo, el equipo es ideal para el uso diario. Gracias a la manguera de PVC reforzada con tejido (DN25) de 2 m de longitud y a la boquilla dosificadora de aluminio de alta calidad, se pueden llenar incluso grandes cantidades de forma r\u00e1pida y controlada. El adaptador para bid\u00f3n incluido y el soporte de pared garantizan una instalaci\u00f3n sencilla y que ocupa poco espacio.<\/p>\n<p data-start=\"716\" data-end=\"1056\">La caracter\u00edstica especial: El motor puede separarse de la estaci\u00f3n de bombeo sin herramientas y acoplarse a otras estaciones de bombeo. Esto significa que un motor puede utilizarse de forma flexible con varias unidades de bombeo. Los componentes adicionales tambi\u00e9n est\u00e1n disponibles individualmente en la tienda, para una modularidad y adaptabilidad m\u00e1ximas.<\/p>\n<p data-start=\"644\" data-end=\"1136\">Componentes del juego:<\/p>\n<ul>\n<li>Motor universal 230V, 50Hz, 4,5 A, 850W, IP24<\/li>\n<li>Grupo de bombeo de aluminio sin juntas, axial, eje de acero inoxidable (Niro)<\/li>\n<li>Manguera de tejido de PVC DN25 de 2 m<\/li>\n<li>Racor para manguera aluminio DN25<\/li>\n<li>2x abrazaderas de acero inoxidable<\/li>\n<li>Boquilla dosificadora de aluminio DN25<\/li>\n<li>Adaptador de ca\u00f1\u00f3n PP<\/li>\n<li>Soporte de pared<\/li>\n<\/ul>","protected":false},"excerpt":{"rendered":"<p>Bomba para bidones de aceite para el llenado seguro de aceites y l\u00edquidos neutros, lista para su uso inmediato<\/p>","protected":false},"featured_media":15658,"comment_status":"closed","ping_status":"closed","template":"","meta":{"_acf_changed":false},"product_brand":[],"product_cat":[3206,3224],"product_tag":[],"class_list":{"0":"post-15628","1":"product","2":"type-product","3":"status-publish","4":"has-post-thumbnail","6":"product_cat-pumpentechnik","7":"product_cat-fasspumpen","8":"product_shipping_class-karton-paketversand","9":"pa_dichtung-fep","10":"pa_foerderleistung-50-80-l-min","11":"pa_leistung-850-watt","12":"pa_material-edelstahl","13":"pa_material-polypropylen-pp","14":"pa_material-alu","15":"pa_schutzart-ip24","16":"pa_spannung-230v","18":"first","19":"instock","20":"taxable","21":"shipping-taxable","22":"purchasable","23":"product-type-simple"},"bundled_by":[],"bundle_stock_status":"instock","bundle_stock_quantity":null,"bundle_virtual":false,"bundle_layout":"","bundle_add_to_cart_form_location":"","bundle_editable_in_cart":false,"bundle_sold_individually_context":"","bundle_item_grouping":"","bundle_min_size":"","bundle_max_size":"","bundle_price":[],"bundled_items":[],"bundle_sell_ids":[],"exclude_global_add_ons":[],"addons":[],"acf":[],"_links":{"self":[{"href":"https:\/\/ptm-mechatronics.com\/es\/wp-json\/wp\/v2\/product\/15628","targetHints":{"allow":["GET"]}}],"collection":[{"href":"https:\/\/ptm-mechatronics.com\/es\/wp-json\/wp\/v2\/product"}],"about":[{"href":"https:\/\/ptm-mechatronics.com\/es\/wp-json\/wp\/v2\/types\/product"}],"replies":[{"embeddable":true,"href":"https:\/\/ptm-mechatronics.com\/es\/wp-json\/wp\/v2\/comments?post=15628"}],"wp:featuredmedia":[{"embeddable":true,"href":"https:\/\/ptm-mechatronics.com\/es\/wp-json\/wp\/v2\/media\/15658"}],"wp:attachment":[{"href":"https:\/\/ptm-mechatronics.com\/es\/wp-json\/wp\/v2\/media?parent=15628"}],"wp:term":[{"taxonomy":"product_brand","embeddable":true,"href":"https:\/\/ptm-mechatronics.com\/es\/wp-json\/wp\/v2\/product_brand?post=15628"},{"taxonomy":"product_cat","embeddable":true,"href":"https:\/\/ptm-mechatronics.com\/es\/wp-json\/wp\/v2\/product_cat?post=15628"},{"taxonomy":"product_tag","embeddable":true,"href":"https:\/\/ptm-mechatronics.com\/es\/wp-json\/wp\/v2\/product_tag?post=15628"}],"curies":[{"name":"wp","href":"https:\/\/api.w.org\/{rel}","templated":true}]}}