{"id":15627,"date":"2025-11-18T10:24:39","date_gmt":"2025-11-18T09:24:39","guid":{"rendered":"https:\/\/ptm-mechatronics.com\/?post_type=product&#038;p=15627"},"modified":"2025-12-03T12:55:20","modified_gmt":"2025-12-03T11:55:20","slug":"fasspumpe-fuer-chemikalien","status":"publish","type":"product","link":"https:\/\/ptm-mechatronics.com\/es\/product\/fasspumpe-fuer-chemikalien\/","title":{"rendered":"Bomba de bid\u00f3n para productos qu\u00edmicos"},"content":{"rendered":"<h1 data-start=\"227\" data-end=\"303\"><span style=\"font-size: 75%;\">Juego de bombas de bid\u00f3n para productos qu\u00edmicos, listas para su uso inmediato<\/span><\/h1>\n<p data-start=\"272\" data-end=\"714\">Este grupo de bombas para bidones es la soluci\u00f3n completa ideal para la manipulaci\u00f3n segura de productos qu\u00edmicos agresivos. Contiene un potente motor el\u00e9ctrico y una unidad de bombeo resistente a productos qu\u00edmicos con un eje de Hastelloy C de alta calidad. Esto hace que el conjunto sea ideal para el llenado de \u00e1cidos altamente corrosivos, \u00e1lcalis y otros medios agresivos, tanto en el laboratorio como en el sector industrial.<\/p>\n<p data-start=\"716\" data-end=\"1056\">Una manguera qu\u00edmica universal de 2 m de longitud (DN25) con dos conectores de manguera de PVDF garantiza una conexi\u00f3n segura y a prueba de fugas. La boquilla dosificadora integrada de PVDF con junta de FEP garantiza una dosificaci\u00f3n precisa incluso con medios sensibles. Gracias al adaptador para bidones y al soporte mural, el conjunto se puede utilizar de forma flexible y ahorrando espacio.<\/p>\n<p data-start=\"716\" data-end=\"1056\">La caracter\u00edstica especial: El motor puede separarse de la estaci\u00f3n de bombeo sin herramientas y acoplarse a otras estaciones de bombeo. Esto significa que un motor puede utilizarse de forma flexible con varias unidades de bombeo. Los componentes adicionales tambi\u00e9n est\u00e1n disponibles individualmente en la tienda, para una modularidad y adaptabilidad m\u00e1ximas.<\/p>\n<p data-start=\"644\" data-end=\"1136\">Componentes del juego:<\/p>\n<ul>\n<li>Motor universal 230V, 50Hz, 4,5 A, 850W, IP24<\/li>\n<li>Estaci\u00f3n de bombeo sin sello, axial, <span class=\"T286Pc\" data-sfc-cp=\"\" data-complete=\"true\">Fluoruro de polivinilideno (PVDF)<\/span>, Eje Hastelloy (HC)<\/li>\n<li>Manguera qu\u00edmica universal DN25 de 2 m<\/li>\n<li>2x racor para manguera PVDF DN25<\/li>\n<li>2x abrazaderas de acero inoxidable<\/li>\n<li>Boquilla dispensadora PVDF\/FEP 1 \u00bc\u201c<\/li>\n<li>Adaptador de ca\u00f1\u00f3n PP<\/li>\n<li>Soporte de pared<\/li>\n<\/ul>","protected":false},"excerpt":{"rendered":"<p>Juego de bombas de bid\u00f3n para el llenado seguro de productos qu\u00edmicos, totalmente equipadas y listas para su uso inmediato.<\/p>","protected":false},"featured_media":15657,"comment_status":"closed","ping_status":"closed","template":"","meta":{"_acf_changed":false},"product_brand":[],"product_cat":[3206,3224],"product_tag":[3248,3249,3250,3251,3252,3253,3254,3255,3227],"class_list":{"0":"post-15627","1":"product","2":"type-product","3":"status-publish","4":"has-post-thumbnail","6":"product_cat-pumpentechnik","7":"product_cat-fasspumpen","8":"product_tag-chemie-fasspumpe","9":"product_tag-fasspumpen-set-chemikalien","10":"product_tag-pvdf-pumpe","11":"product_tag-hastelloy-c-pumpwerk","12":"product_tag-zapfpistole-pvdf-fep","13":"product_tag-schlauch-dn25-chemie","14":"product_tag-fasspumpe-aggressiv","15":"product_tag-pumpwerk-dl-pvdf-hc","16":"product_tag-fasspumpen-komplettset","17":"product_shipping_class-karton-paketversand","18":"pa_dichtung-fep","19":"pa_foerderleistung-50-80-l-min","20":"pa_leistung-850-watt","21":"pa_material-edelstahl","22":"pa_material-polypropylen-pp","23":"pa_material-hastelloy-c","24":"pa_material-polyvinylidenfluorid-pvdf","25":"pa_schutzart-ip24","26":"pa_spannung-230v","28":"first","29":"instock","30":"taxable","31":"shipping-taxable","32":"purchasable","33":"product-type-simple"},"bundled_by":[],"bundle_stock_status":"instock","bundle_stock_quantity":null,"bundle_virtual":false,"bundle_layout":"","bundle_add_to_cart_form_location":"","bundle_editable_in_cart":false,"bundle_sold_individually_context":"","bundle_item_grouping":"","bundle_min_size":"","bundle_max_size":"","bundle_price":[],"bundled_items":[],"bundle_sell_ids":[],"exclude_global_add_ons":[],"addons":[],"acf":[],"_links":{"self":[{"href":"https:\/\/ptm-mechatronics.com\/es\/wp-json\/wp\/v2\/product\/15627","targetHints":{"allow":["GET"]}}],"collection":[{"href":"https:\/\/ptm-mechatronics.com\/es\/wp-json\/wp\/v2\/product"}],"about":[{"href":"https:\/\/ptm-mechatronics.com\/es\/wp-json\/wp\/v2\/types\/product"}],"replies":[{"embeddable":true,"href":"https:\/\/ptm-mechatronics.com\/es\/wp-json\/wp\/v2\/comments?post=15627"}],"wp:featuredmedia":[{"embeddable":true,"href":"https:\/\/ptm-mechatronics.com\/es\/wp-json\/wp\/v2\/media\/15657"}],"wp:attachment":[{"href":"https:\/\/ptm-mechatronics.com\/es\/wp-json\/wp\/v2\/media?parent=15627"}],"wp:term":[{"taxonomy":"product_brand","embeddable":true,"href":"https:\/\/ptm-mechatronics.com\/es\/wp-json\/wp\/v2\/product_brand?post=15627"},{"taxonomy":"product_cat","embeddable":true,"href":"https:\/\/ptm-mechatronics.com\/es\/wp-json\/wp\/v2\/product_cat?post=15627"},{"taxonomy":"product_tag","embeddable":true,"href":"https:\/\/ptm-mechatronics.com\/es\/wp-json\/wp\/v2\/product_tag?post=15627"}],"curies":[{"name":"wp","href":"https:\/\/api.w.org\/{rel}","templated":true}]}}