{"id":15626,"date":"2025-11-18T10:02:52","date_gmt":"2025-11-18T09:02:52","guid":{"rendered":"https:\/\/ptm-mechatronics.com\/?post_type=product&#038;p=15626"},"modified":"2026-01-12T10:10:59","modified_gmt":"2026-01-12T09:10:59","slug":"fasspumpe-fuer-konzentrierte-saeuren-laugen","status":"publish","type":"product","link":"https:\/\/ptm-mechatronics.com\/es\/product\/fasspumpe-fuer-konzentrierte-saeuren-laugen\/","title":{"rendered":"Bomba de bidones para \u00e1cidos y \u00e1lcalis concentrados"},"content":{"rendered":"<h1 data-start=\"227\" data-end=\"303\"><span style=\"font-size: 75%;\">Bomba de bid\u00f3n para \u00e1cidos y \u00e1lcalis concentrados, lista para su uso inmediato<\/span><\/h1>\n<p data-start=\"269\" data-end=\"557\">El juego completo de bombas para bidones se ha dise\u00f1ado especialmente para el bombeo seguro y c\u00f3modo de \u00e1cidos y \u00e1lcalis concentrados. Con su potente motor el\u00e9ctrico, su unidad de bombeo y su amplia gama de accesorios, el equipo puede utilizarse inmediatamente, por lo que resulta ideal para su uso en laboratorios, producci\u00f3n o talleres.<\/p>\n<p data-start=\"559\" data-end=\"1126\">La unidad de bombeo resistente a productos qu\u00edmicos fabricada en polipropileno (PP) est\u00e1 equipada con un eje de Hastelloy C y es ideal para una amplia gama de medios, desde productos qu\u00edmicos ligeramente agresivos hasta l\u00edquidos m\u00e1s exigentes. La manguera de PVC reforzado con un di\u00e1metro de 25 mm y el conector de manguera de PP garantizan un caudal fiable. Una boquilla dosificadora con junta FPM y componentes de Hastelloy C garantiza un llenado controlado y seguro. Gracias al adaptador para bidones y al soporte mural, la bomba puede utilizarse de forma flexible y ahorrando espacio.<\/p>\n<p data-start=\"559\" data-end=\"1126\">La caracter\u00edstica especial: El motor puede separarse de la estaci\u00f3n de bombeo sin herramientas y acoplarse a otras estaciones de bombeo. Esto significa que un motor puede utilizarse de forma flexible con varias unidades de bombeo. Los componentes adicionales tambi\u00e9n est\u00e1n disponibles individualmente en la tienda, para una modularidad y adaptabilidad m\u00e1ximas.<\/p>\n<p data-start=\"644\" data-end=\"1136\">Componentes del juego:<\/p>\n<ul>\n<li data-start=\"644\" data-end=\"1136\">Motor universal 230V, 50Hz, 4,5 A, 850W, IP24<\/li>\n<li>Grupo de bombeo sin sello, radial, polipropileno, eje Hastelloy (HC)<\/li>\n<li>Manguera de PVC reforzado, 2 m, DN25<\/li>\n<li>Conector de manguera PP, DN25<\/li>\n<li>2x abrazaderas de acero inoxidable<\/li>\n<li>Boquilla dosificadora PP\/FPM\/Hastelloy-C, DN25<\/li>\n<li>Adaptador de ca\u00f1\u00f3n PP<\/li>\n<li>Soporte de pared<\/li>\n<\/ul>","protected":false},"excerpt":{"rendered":"<p>Kit de bomba de bid\u00f3n para el llenado seguro de \u00e1cidos y \u00e1lcalis concentrados, totalmente equipado y listo para su uso inmediato.<\/p>","protected":false},"featured_media":15656,"comment_status":"closed","ping_status":"closed","template":"","meta":{"_acf_changed":false},"product_brand":[],"product_cat":[3206,3224],"product_tag":[3241,3242,3243,3244,3236,3237,3238,3239,3240],"class_list":{"0":"post-15626","1":"product","2":"type-product","3":"status-publish","4":"has-post-thumbnail","6":"product_cat-pumpentechnik","7":"product_cat-fasspumpen","8":"product_tag-pumpwerk-dl-pp-r-hc","9":"product_tag-pvc-schlauch-dn25","10":"product_tag-fassadapter-pp","11":"product_tag-fasspumpe-chemikalienbestaendig","12":"product_tag-fasspumpen-set","13":"product_tag-chemiepumpe-komplettset","14":"product_tag-fasspumpe-mit-hastelloy","15":"product_tag-zapfpistole-fpm-hc","16":"product_tag-motor-p400-a-230","17":"product_shipping_class-karton-paketversand","18":"pa_dichtung-fpm","19":"pa_foerderleistung-50-80-l-min","20":"pa_leistung-850-watt","21":"pa_material-pvc","22":"pa_material-hastelloy-c","23":"pa_material-edelstahl","24":"pa_material-polypropylen-pp","25":"pa_schutzart-ip24","26":"pa_spannung-230v","28":"first","29":"instock","30":"taxable","31":"shipping-taxable","32":"purchasable","33":"product-type-simple"},"bundled_by":[],"bundle_stock_status":"instock","bundle_stock_quantity":null,"bundle_virtual":false,"bundle_layout":"","bundle_add_to_cart_form_location":"","bundle_editable_in_cart":false,"bundle_sold_individually_context":"","bundle_item_grouping":"","bundle_min_size":"","bundle_max_size":"","bundle_price":[],"bundled_items":[],"bundle_sell_ids":[],"exclude_global_add_ons":[],"addons":[],"acf":[],"_links":{"self":[{"href":"https:\/\/ptm-mechatronics.com\/es\/wp-json\/wp\/v2\/product\/15626","targetHints":{"allow":["GET"]}}],"collection":[{"href":"https:\/\/ptm-mechatronics.com\/es\/wp-json\/wp\/v2\/product"}],"about":[{"href":"https:\/\/ptm-mechatronics.com\/es\/wp-json\/wp\/v2\/types\/product"}],"replies":[{"embeddable":true,"href":"https:\/\/ptm-mechatronics.com\/es\/wp-json\/wp\/v2\/comments?post=15626"}],"wp:featuredmedia":[{"embeddable":true,"href":"https:\/\/ptm-mechatronics.com\/es\/wp-json\/wp\/v2\/media\/15656"}],"wp:attachment":[{"href":"https:\/\/ptm-mechatronics.com\/es\/wp-json\/wp\/v2\/media?parent=15626"}],"wp:term":[{"taxonomy":"product_brand","embeddable":true,"href":"https:\/\/ptm-mechatronics.com\/es\/wp-json\/wp\/v2\/product_brand?post=15626"},{"taxonomy":"product_cat","embeddable":true,"href":"https:\/\/ptm-mechatronics.com\/es\/wp-json\/wp\/v2\/product_cat?post=15626"},{"taxonomy":"product_tag","embeddable":true,"href":"https:\/\/ptm-mechatronics.com\/es\/wp-json\/wp\/v2\/product_tag?post=15626"}],"curies":[{"name":"wp","href":"https:\/\/api.w.org\/{rel}","templated":true}]}}