{"id":15621,"date":"2025-11-26T11:55:40","date_gmt":"2025-11-26T10:55:40","guid":{"rendered":"https:\/\/ptm-mechatronics.com\/?post_type=product&#038;p=15621"},"modified":"2025-12-03T12:48:27","modified_gmt":"2025-12-03T11:48:27","slug":"fasspumpe-fuer-verduennte-saeuren-laugen","status":"publish","type":"product","link":"https:\/\/ptm-mechatronics.com\/es\/product\/fasspumpe-fuer-verduennte-saeuren-laugen\/","title":{"rendered":"Bomba de bid\u00f3n para \u00e1cidos y \u00e1lcalis diluidos"},"content":{"rendered":"<h1 data-start=\"227\" data-end=\"303\"><span style=\"font-size: 75%;\">Bomba de bid\u00f3n para \u00e1cidos y \u00e1lcalis diluidos, lista para su uso inmediato<\/span><\/h1>\n<p data-start=\"305\" data-end=\"642\">El juego completo de bombas para bidones se ha dise\u00f1ado especialmente para el bombeo seguro y c\u00f3modo de \u00e1cidos y \u00e1lcalis diluidos. Con su potente motor el\u00e9ctrico, su unidad de bombeo y su amplia gama de accesorios, el equipo puede utilizarse inmediatamente, por lo que resulta ideal para su uso en laboratorios, producci\u00f3n o talleres.<\/p>\n<p data-start=\"644\" data-end=\"1136\">La unidad de bombeo est\u00e1 fabricada en polipropileno (PP) resistente a los productos qu\u00edmicos con un eje de transmisi\u00f3n de acero inoxidable, lo que la hace especialmente duradera. La manguera de PVC reforzada suministrada (2 m, DN19) con conector de manguera y abrazaderas de acero inoxidable garantiza una conexi\u00f3n segura y a prueba de fugas. La boquilla dispensadora de PP con junta FPM y componentes de acero inoxidable garantiza una dispensaci\u00f3n c\u00f3moda. El adaptador para barril de PP y el pr\u00e1ctico soporte de pared completan el conjunto.<\/p>\n<p data-start=\"644\" data-end=\"1136\">La caracter\u00edstica especial: El motor puede separarse de la estaci\u00f3n de bombeo sin herramientas y acoplarse a otras estaciones de bombeo. Esto significa que un motor puede utilizarse de forma flexible con varias unidades de bombeo. Los componentes adicionales tambi\u00e9n est\u00e1n disponibles individualmente en la tienda, para una modularidad y adaptabilidad m\u00e1ximas.<\/p>\n<p data-start=\"644\" data-end=\"1136\">Componentes del juego:<\/p>\n<ul>\n<li>Motor universal 230V, 50Hz, 2,5 A, 520W, IP24<\/li>\n<li>Grupo de bombeo sin sello, axial, polipropileno, eje de acero inoxidable (Niro)<\/li>\n<li>Manguera de PVC reforzado, 2 m, DN19<\/li>\n<li>Conector de manguera PP, DN19<\/li>\n<li>2x abrazaderas de acero inoxidable<\/li>\n<li>Boquilla dosificadora PP\/FPM\/Niro<\/li>\n<li>Adaptador de ca\u00f1\u00f3n PP<\/li>\n<li>Soporte de pared<\/li>\n<\/ul>","protected":false},"excerpt":{"rendered":"<p>Kit de bomba de bid\u00f3n para el llenado seguro de \u00e1cidos y \u00e1lcalis diluidos - totalmente equipado y listo para su uso inmediato.<\/p>","protected":false},"featured_media":15655,"comment_status":"closed","ping_status":"closed","template":"","meta":{"_acf_changed":false},"product_brand":[],"product_cat":[3206,3224],"product_tag":[3228,3229,3230,3231,3232,3233,3234,3235,3226,3227],"class_list":{"0":"post-15621","1":"product","2":"type-product","3":"status-publish","4":"has-post-thumbnail","6":"product_cat-pumpentechnik","7":"product_cat-fasspumpen","8":"product_tag-labor-fasspumpe","9":"product_tag-fasspumpenset-bs1","10":"product_tag-fasspumpe-verduennte-saeuren","11":"product_tag-fasspumpe-laugen","12":"product_tag-chemiepumpe-set","13":"product_tag-pp-fasspumpensystem","14":"product_tag-edelstahlwelle-fasspumpe","15":"product_tag-zapfpistole-fpm","16":"product_tag-fasspumpe-set","17":"product_tag-fasspumpen-komplettset","18":"product_shipping_class-karton-paketversand","19":"pa_dichtung-fpm","20":"pa_foerderleistung-30-50-l-min","21":"pa_leistung-520-watt","22":"pa_material-edelstahl","23":"pa_material-polypropylen-pp","24":"pa_material-pvc","25":"pa_schutzart-ip24","26":"pa_spannung-230v","28":"first","29":"instock","30":"taxable","31":"shipping-taxable","32":"purchasable","33":"product-type-simple"},"bundled_by":[],"bundle_stock_status":"instock","bundle_stock_quantity":null,"bundle_virtual":false,"bundle_layout":"","bundle_add_to_cart_form_location":"","bundle_editable_in_cart":false,"bundle_sold_individually_context":"","bundle_item_grouping":"","bundle_min_size":"","bundle_max_size":"","bundle_price":[],"bundled_items":[],"bundle_sell_ids":[],"exclude_global_add_ons":[],"addons":[],"acf":[],"_links":{"self":[{"href":"https:\/\/ptm-mechatronics.com\/es\/wp-json\/wp\/v2\/product\/15621","targetHints":{"allow":["GET"]}}],"collection":[{"href":"https:\/\/ptm-mechatronics.com\/es\/wp-json\/wp\/v2\/product"}],"about":[{"href":"https:\/\/ptm-mechatronics.com\/es\/wp-json\/wp\/v2\/types\/product"}],"replies":[{"embeddable":true,"href":"https:\/\/ptm-mechatronics.com\/es\/wp-json\/wp\/v2\/comments?post=15621"}],"wp:featuredmedia":[{"embeddable":true,"href":"https:\/\/ptm-mechatronics.com\/es\/wp-json\/wp\/v2\/media\/15655"}],"wp:attachment":[{"href":"https:\/\/ptm-mechatronics.com\/es\/wp-json\/wp\/v2\/media?parent=15621"}],"wp:term":[{"taxonomy":"product_brand","embeddable":true,"href":"https:\/\/ptm-mechatronics.com\/es\/wp-json\/wp\/v2\/product_brand?post=15621"},{"taxonomy":"product_cat","embeddable":true,"href":"https:\/\/ptm-mechatronics.com\/es\/wp-json\/wp\/v2\/product_cat?post=15621"},{"taxonomy":"product_tag","embeddable":true,"href":"https:\/\/ptm-mechatronics.com\/es\/wp-json\/wp\/v2\/product_tag?post=15621"}],"curies":[{"name":"wp","href":"https:\/\/api.w.org\/{rel}","templated":true}]}}