{"id":15620,"date":"2025-11-17T08:47:21","date_gmt":"2025-11-17T07:47:21","guid":{"rendered":"https:\/\/ptm-mechatronics.com\/?post_type=product&#038;p=15620"},"modified":"2026-03-09T10:40:32","modified_gmt":"2026-03-09T09:40:32","slug":"pumpwerk-fuer-ibc-container","status":"publish","type":"product","link":"https:\/\/ptm-mechatronics.com\/es\/product\/pumpwerk-fuer-ibc-container\/","title":{"rendered":"Estaci\u00f3n de bombeo para contenedores IBC"},"content":{"rendered":"<p data-start=\"332\" data-end=\"703\">La unidad de bombeo de 1.000 mm es la ampliaci\u00f3n perfecta para su bomba modular de laboratorio para recipientes y botes peque\u00f1os. Es ideal para el llenado de una amplia gama de l\u00edquidos en entornos de laboratorio y producci\u00f3n, ya sea para productos qu\u00edmicos, agua u otros medios. Gracias a sus materiales de alta calidad, la unidad de bombeo es especialmente robusta y duradera.<\/p>\n<p data-start=\"705\" data-end=\"1074\">El dise\u00f1o modular permite instalar f\u00e1cilmente y sin herramientas un motor el\u00e9ctrico adecuado, disponible por separado. El tubo de aspiraci\u00f3n es de polipropileno (PP) resistente a los productos qu\u00edmicos, el eje de accionamiento es de acero inoxidable robusto y la junta es de FKM (Viton). El codo de descarga de PP suministrado garantiza una descarga limpia en el recipiente de destino.<\/p>\n<p data-start=\"1076\" data-end=\"1237\">La unidad de bombeo es compatible con el sistema de bombas de laboratorio de PTM mechatronics y permite un cambio r\u00e1pido para diferentes aplicaciones o medios.<\/p>","protected":false},"excerpt":{"rendered":"<p>Unidad de bombeo de 1.000 mm de longitud para la ampliaci\u00f3n modular de las bombas de laboratorio PTM, materiales resistentes a los productos qu\u00edmicos y montaje del motor sin herramientas.<\/p>","protected":false},"featured_media":15883,"comment_status":"closed","ping_status":"closed","template":"","meta":{"_acf_changed":false},"product_brand":[],"product_cat":[3206,3215],"product_tag":[],"class_list":{"0":"post-15620","1":"product","2":"type-product","3":"status-publish","4":"has-post-thumbnail","6":"product_cat-pumpentechnik","7":"product_cat-laborpumpen","8":"product_shipping_class-karton-paketversand","9":"pa_dichtung-fkm","10":"pa_laenge-1000mm","11":"pa_material-edelstahl","12":"pa_material-polypropylen-pp","14":"first","15":"instock","16":"taxable","17":"shipping-taxable","18":"purchasable","19":"product-type-simple"},"bundled_by":[],"bundle_stock_status":"instock","bundle_stock_quantity":null,"bundle_virtual":false,"bundle_layout":"","bundle_add_to_cart_form_location":"","bundle_editable_in_cart":false,"bundle_sold_individually_context":"","bundle_item_grouping":"","bundle_min_size":"","bundle_max_size":"","bundle_price":[],"bundled_items":[],"bundle_sell_ids":[],"exclude_global_add_ons":[],"addons":[],"acf":[],"_links":{"self":[{"href":"https:\/\/ptm-mechatronics.com\/es\/wp-json\/wp\/v2\/product\/15620","targetHints":{"allow":["GET"]}}],"collection":[{"href":"https:\/\/ptm-mechatronics.com\/es\/wp-json\/wp\/v2\/product"}],"about":[{"href":"https:\/\/ptm-mechatronics.com\/es\/wp-json\/wp\/v2\/types\/product"}],"replies":[{"embeddable":true,"href":"https:\/\/ptm-mechatronics.com\/es\/wp-json\/wp\/v2\/comments?post=15620"}],"wp:featuredmedia":[{"embeddable":true,"href":"https:\/\/ptm-mechatronics.com\/es\/wp-json\/wp\/v2\/media\/15883"}],"wp:attachment":[{"href":"https:\/\/ptm-mechatronics.com\/es\/wp-json\/wp\/v2\/media?parent=15620"}],"wp:term":[{"taxonomy":"product_brand","embeddable":true,"href":"https:\/\/ptm-mechatronics.com\/es\/wp-json\/wp\/v2\/product_brand?post=15620"},{"taxonomy":"product_cat","embeddable":true,"href":"https:\/\/ptm-mechatronics.com\/es\/wp-json\/wp\/v2\/product_cat?post=15620"},{"taxonomy":"product_tag","embeddable":true,"href":"https:\/\/ptm-mechatronics.com\/es\/wp-json\/wp\/v2\/product_tag?post=15620"}],"curies":[{"name":"wp","href":"https:\/\/api.w.org\/{rel}","templated":true}]}}