{"id":15615,"date":"2025-11-14T13:40:02","date_gmt":"2025-11-14T12:40:02","guid":{"rendered":"https:\/\/ptm-mechatronics.com\/?post_type=product&#038;p=15615"},"modified":"2026-03-09T11:10:46","modified_gmt":"2026-03-09T10:10:46","slug":"zapfpistole","status":"publish","type":"product","link":"https:\/\/ptm-mechatronics.com\/es\/product\/zapfpistole\/","title":{"rendered":"Boquilla dosificadora"},"content":{"rendered":"<p data-start=\"265\" data-end=\"587\">La boquilla dosificadora de polipropileno (PP) resistente a los productos qu\u00edmicos es ideal para el llenado y la dosificaci\u00f3n controlados de l\u00edquidos en laboratorios y en la producci\u00f3n. Se suministra con una manguera flexible de PVC (DN19, longitud 1,5 m) para un manejo c\u00f3modo.<\/p>\n<p data-start=\"589\" data-end=\"822\">Gracias a sus materiales robustos y a su ajuste preciso, la boquilla dispensadora es ideal para su uso con bombas de laboratorio y recipientes peque\u00f1os. Garantiza una dispensaci\u00f3n segura y sin goteos y est\u00e1 r\u00e1pidamente lista para su uso.<\/p>","protected":false},"excerpt":{"rendered":"<p>Robusta boquilla dosificadora de PP con manguera de PVC de 1,5 m (DN19) para un llenado seguro y preciso con bombas de laboratorio PTM.<\/p>","protected":false},"featured_media":15887,"comment_status":"closed","ping_status":"closed","template":"","meta":{"_acf_changed":false},"product_brand":[],"product_cat":[3206,3215],"product_tag":[],"class_list":{"0":"post-15615","1":"product","2":"type-product","3":"status-publish","4":"has-post-thumbnail","6":"product_cat-pumpentechnik","7":"product_cat-laborpumpen","8":"product_shipping_class-karton-paketversand","9":"pa_material-polypropylen-pp","10":"pa_material-pvc","11":"pa_schlauchlaenge-15m","13":"first","14":"instock","15":"taxable","16":"shipping-taxable","17":"purchasable","18":"product-type-simple"},"bundled_by":[],"bundle_stock_status":"instock","bundle_stock_quantity":null,"bundle_virtual":false,"bundle_layout":"","bundle_add_to_cart_form_location":"","bundle_editable_in_cart":false,"bundle_sold_individually_context":"","bundle_item_grouping":"","bundle_min_size":"","bundle_max_size":"","bundle_price":[],"bundled_items":[],"bundle_sell_ids":[],"exclude_global_add_ons":[],"addons":[],"acf":[],"_links":{"self":[{"href":"https:\/\/ptm-mechatronics.com\/es\/wp-json\/wp\/v2\/product\/15615","targetHints":{"allow":["GET"]}}],"collection":[{"href":"https:\/\/ptm-mechatronics.com\/es\/wp-json\/wp\/v2\/product"}],"about":[{"href":"https:\/\/ptm-mechatronics.com\/es\/wp-json\/wp\/v2\/types\/product"}],"replies":[{"embeddable":true,"href":"https:\/\/ptm-mechatronics.com\/es\/wp-json\/wp\/v2\/comments?post=15615"}],"wp:featuredmedia":[{"embeddable":true,"href":"https:\/\/ptm-mechatronics.com\/es\/wp-json\/wp\/v2\/media\/15887"}],"wp:attachment":[{"href":"https:\/\/ptm-mechatronics.com\/es\/wp-json\/wp\/v2\/media?parent=15615"}],"wp:term":[{"taxonomy":"product_brand","embeddable":true,"href":"https:\/\/ptm-mechatronics.com\/es\/wp-json\/wp\/v2\/product_brand?post=15615"},{"taxonomy":"product_cat","embeddable":true,"href":"https:\/\/ptm-mechatronics.com\/es\/wp-json\/wp\/v2\/product_cat?post=15615"},{"taxonomy":"product_tag","embeddable":true,"href":"https:\/\/ptm-mechatronics.com\/es\/wp-json\/wp\/v2\/product_tag?post=15615"}],"curies":[{"name":"wp","href":"https:\/\/api.w.org\/{rel}","templated":true}]}}