{"id":15608,"date":"2025-11-14T09:16:10","date_gmt":"2025-11-14T08:16:10","guid":{"rendered":"https:\/\/ptm-mechatronics.com\/?post_type=product&#038;p=15608"},"modified":"2025-12-15T12:41:09","modified_gmt":"2025-12-15T11:41:09","slug":"haltestopfen","status":"publish","type":"product","link":"https:\/\/ptm-mechatronics.com\/es\/product\/haltestopfen\/","title":{"rendered":"Tap\u00f3n de retenci\u00f3n"},"content":{"rendered":"<h1 data-start=\"172\" data-end=\"234\"><span style=\"font-size: 75%;\">Tap\u00f3n de retenci\u00f3n de PP<br \/>\n- Estable, c\u00f3nico, flexible en su uso<\/span><\/h1>\n<p data-start=\"236\" data-end=\"579\">El tap\u00f3n c\u00f3nico de robusto polipropileno (PP) sirve para centrar con seguridad su bomba de laboratorio en recipientes y botes peque\u00f1os. Gracias a su di\u00e1metro flexible, es apto para aberturas de recipientes de 40 a 58 mm y se adapta con fiabilidad a diferentes aberturas de recipientes gracias a su forma c\u00f3nica.<\/p>\n<p data-start=\"581\" data-end=\"850\">El material PP resistente a los productos qu\u00edmicos garantiza una larga vida \u00fatil y una gran resistencia a los medios agresivos. El tap\u00f3n es r\u00e1pido de colocar y f\u00e1cil de limpiar, ideal para aplicaciones que cambian con frecuencia en laboratorios y entornos de producci\u00f3n.<\/p>","protected":false},"excerpt":{"rendered":"<p>Tap\u00f3n c\u00f3nico de PP para bombas de laboratorio con aberturas de recipiente de 40 a 58 mm, para una sujeci\u00f3n centrada y estable.<\/p>","protected":false},"featured_media":15885,"comment_status":"closed","ping_status":"closed","template":"","meta":{"_acf_changed":false},"product_brand":[],"product_cat":[3215,3206],"product_tag":[],"class_list":{"0":"post-15608","1":"product","2":"type-product","3":"status-publish","4":"has-post-thumbnail","6":"product_cat-laborpumpen","7":"product_cat-pumpentechnik","8":"product_shipping_class-karton-paketversand","9":"pa_material-polypropylen-pp","11":"first","12":"instock","13":"taxable","14":"shipping-taxable","15":"purchasable","16":"product-type-simple"},"bundled_by":[],"bundle_stock_status":"instock","bundle_stock_quantity":null,"bundle_virtual":false,"bundle_layout":"","bundle_add_to_cart_form_location":"","bundle_editable_in_cart":false,"bundle_sold_individually_context":"","bundle_item_grouping":"","bundle_min_size":"","bundle_max_size":"","bundle_price":[],"bundled_items":[],"bundle_sell_ids":[],"exclude_global_add_ons":[],"addons":[],"acf":[],"_links":{"self":[{"href":"https:\/\/ptm-mechatronics.com\/es\/wp-json\/wp\/v2\/product\/15608","targetHints":{"allow":["GET"]}}],"collection":[{"href":"https:\/\/ptm-mechatronics.com\/es\/wp-json\/wp\/v2\/product"}],"about":[{"href":"https:\/\/ptm-mechatronics.com\/es\/wp-json\/wp\/v2\/types\/product"}],"replies":[{"embeddable":true,"href":"https:\/\/ptm-mechatronics.com\/es\/wp-json\/wp\/v2\/comments?post=15608"}],"wp:featuredmedia":[{"embeddable":true,"href":"https:\/\/ptm-mechatronics.com\/es\/wp-json\/wp\/v2\/media\/15885"}],"wp:attachment":[{"href":"https:\/\/ptm-mechatronics.com\/es\/wp-json\/wp\/v2\/media?parent=15608"}],"wp:term":[{"taxonomy":"product_brand","embeddable":true,"href":"https:\/\/ptm-mechatronics.com\/es\/wp-json\/wp\/v2\/product_brand?post=15608"},{"taxonomy":"product_cat","embeddable":true,"href":"https:\/\/ptm-mechatronics.com\/es\/wp-json\/wp\/v2\/product_cat?post=15608"},{"taxonomy":"product_tag","embeddable":true,"href":"https:\/\/ptm-mechatronics.com\/es\/wp-json\/wp\/v2\/product_tag?post=15608"}],"curies":[{"name":"wp","href":"https:\/\/api.w.org\/{rel}","templated":true}]}}