{"id":15596,"date":"2025-11-13T13:01:24","date_gmt":"2025-11-13T12:01:24","guid":{"rendered":"https:\/\/ptm-mechatronics.com\/?post_type=product&#038;p=15596"},"modified":"2025-12-15T13:08:04","modified_gmt":"2025-12-15T12:08:04","slug":"universalmotor-fuer-laborpumpen","status":"publish","type":"product","link":"https:\/\/ptm-mechatronics.com\/es\/product\/universalmotor-fuer-laborpumpen\/","title":{"rendered":"Motor universal para bombas de laboratorio"},"content":{"rendered":"<h1 data-start=\"196\" data-end=\"275\"><span style=\"font-size: 75%;\"><strong data-start=\"196\" data-end=\"275\">Motor universal para bombas de laboratorio<br \/>\n<\/strong><\/span><span style=\"font-size: 75%;\">- Compacta, potente y vers\u00e1til<\/span><\/h1>\n<p data-start=\"277\" data-end=\"588\">El motor universal es el elemento central de accionamiento de su bomba modular de laboratorio para recipientes peque\u00f1os y bidones. Con una potencia de 130 W y un rango de tensi\u00f3n de 130-230 V a 50 Hz, el motor ofrece una potencia fiable para un funcionamiento continuo en el laboratorio o en el entorno de producci\u00f3n.<\/p>\n<p data-start=\"590\" data-end=\"911\">Gracias a su dise\u00f1o compacto y a su clase de protecci\u00f3n IP21, el motor es ideal para aplicaciones con espacio limitado, en combinaci\u00f3n con las unidades de bombeo a juego de PTM mechatronics. El motor puede montarse y desmontarse sin herramientas, lo que ofrece la m\u00e1xima flexibilidad en el manejo y la limpieza.<\/p>\n<p data-start=\"913\" data-end=\"1078\">Es compatible con todas las estaciones de bombeo PTM de la tienda e impresiona por su bombeo seguro, c\u00f3modo e higi\u00e9nico de una amplia gama de l\u00edquidos.<\/p>","protected":false},"excerpt":{"rendered":"<p>Motor universal con 130 W de potencia, unidad de accionamiento compacta para bombas de laboratorio modulares de PTM mechatronics que puede instalarse sin herramientas.<\/p>","protected":false},"featured_media":15890,"comment_status":"closed","ping_status":"closed","template":"","meta":{"_acf_changed":false},"product_brand":[],"product_cat":[3206,3215],"product_tag":[],"class_list":{"0":"post-15596","1":"product","2":"type-product","3":"status-publish","4":"has-post-thumbnail","6":"product_cat-pumpentechnik","7":"product_cat-laborpumpen","8":"product_shipping_class-karton-paketversand","9":"pa_leistung-130-watt","10":"pa_schutzart-ip21","11":"pa_spannung-130-230v","13":"first","14":"instock","15":"taxable","16":"shipping-taxable","17":"purchasable","18":"product-type-simple"},"bundled_by":[],"bundle_stock_status":"instock","bundle_stock_quantity":null,"bundle_virtual":false,"bundle_layout":"","bundle_add_to_cart_form_location":"","bundle_editable_in_cart":false,"bundle_sold_individually_context":"","bundle_item_grouping":"","bundle_min_size":"","bundle_max_size":"","bundle_price":[],"bundled_items":[],"bundle_sell_ids":[],"exclude_global_add_ons":[],"addons":[],"acf":[],"_links":{"self":[{"href":"https:\/\/ptm-mechatronics.com\/es\/wp-json\/wp\/v2\/product\/15596","targetHints":{"allow":["GET"]}}],"collection":[{"href":"https:\/\/ptm-mechatronics.com\/es\/wp-json\/wp\/v2\/product"}],"about":[{"href":"https:\/\/ptm-mechatronics.com\/es\/wp-json\/wp\/v2\/types\/product"}],"replies":[{"embeddable":true,"href":"https:\/\/ptm-mechatronics.com\/es\/wp-json\/wp\/v2\/comments?post=15596"}],"wp:featuredmedia":[{"embeddable":true,"href":"https:\/\/ptm-mechatronics.com\/es\/wp-json\/wp\/v2\/media\/15890"}],"wp:attachment":[{"href":"https:\/\/ptm-mechatronics.com\/es\/wp-json\/wp\/v2\/media?parent=15596"}],"wp:term":[{"taxonomy":"product_brand","embeddable":true,"href":"https:\/\/ptm-mechatronics.com\/es\/wp-json\/wp\/v2\/product_brand?post=15596"},{"taxonomy":"product_cat","embeddable":true,"href":"https:\/\/ptm-mechatronics.com\/es\/wp-json\/wp\/v2\/product_cat?post=15596"},{"taxonomy":"product_tag","embeddable":true,"href":"https:\/\/ptm-mechatronics.com\/es\/wp-json\/wp\/v2\/product_tag?post=15596"}],"curies":[{"name":"wp","href":"https:\/\/api.w.org\/{rel}","templated":true}]}}