{"id":15591,"date":"2025-11-12T12:30:42","date_gmt":"2025-11-12T11:30:42","guid":{"rendered":"https:\/\/ptm-mechatronics.com\/?post_type=product&#038;p=15591"},"modified":"2026-03-09T11:11:45","modified_gmt":"2026-03-09T10:11:45","slug":"laborpumpe-fuer-kleingebinde","status":"publish","type":"product","link":"https:\/\/ptm-mechatronics.com\/es\/product\/laborpumpe-fuer-kleingebinde\/","title":{"rendered":"Bomba de laboratorio para recipientes peque\u00f1os"},"content":{"rendered":"<p data-start=\"344\" data-end=\"712\">Esta bomba el\u00e9ctrica de laboratorio para recipientes y botes peque\u00f1os es la soluci\u00f3n ideal para el llenado limpio y eficaz de una amplia gama de l\u00edquidos en el laboratorio o en la producci\u00f3n. A diferencia de las bombas manuales cl\u00e1sicas, este modelo funciona con un potente motor el\u00e9ctrico de 130 vatios, que garantiza un caudal constante y un manejo c\u00f3modo.<\/p>\n<p data-start=\"714\" data-end=\"1003\">La caracter\u00edstica especial: El motor puede separarse de la estaci\u00f3n de bombeo sin herramientas y acoplarse a otras estaciones de bombeo. Esto significa que un motor puede utilizarse de forma flexible con varias unidades de bombeo. Los componentes adicionales tambi\u00e9n est\u00e1n disponibles individualmente en la tienda, para una modularidad y adaptabilidad m\u00e1ximas.<\/p>\n<h4 data-start=\"1005\" data-end=\"1038\">Componentes del conjunto:<\/h4>\n<ul>\n<li data-start=\"1041\" data-end=\"1064\">Estaci\u00f3n de bombeo (500 mm)<\/li>\n<li data-start=\"1041\" data-end=\"1064\">Tubo de aspiraci\u00f3n de PP (polipropileno)<\/li>\n<li data-start=\"1106\" data-end=\"1139\">Eje de transmisi\u00f3n de acero inoxidable<\/li>\n<li data-start=\"1142\" data-end=\"1172\">Junta de FKM (Viton)<\/li>\n<li data-start=\"1175\" data-end=\"1212\">Motor el\u00e9ctrico de 130 W de potencia<\/li>\n<li data-start=\"1215\" data-end=\"1233\">Curva de salida<\/li>\n<li data-start=\"1236\" data-end=\"1289\">Tap\u00f3n de PP para aberturas de recipientes de 40-58 mm<\/li>\n<\/ul>\n<p data-start=\"1291\" data-end=\"1464\">El juego es ideal para recipientes peque\u00f1os, botes y recipientes de laboratorio similares e impresiona por su f\u00e1cil limpieza, durabilidad y resistencia qu\u00edmica.<\/p>\n<p data-start=\"1291\" data-end=\"1464\">Volumen de suministro sin contenedor<\/p>","protected":false},"excerpt":{"rendered":"<p>Bomba el\u00e9ctrica de laboratorio como juego completo con motor, unidad de bombeo y accesorios para bidones y recipientes peque\u00f1os, transformable sin herramientas, dise\u00f1o modular.<\/p>","protected":false},"featured_media":15892,"comment_status":"closed","ping_status":"closed","template":"","meta":{"_acf_changed":false},"product_brand":[],"product_cat":[3206,3215],"product_tag":[],"class_list":{"0":"post-15591","1":"product","2":"type-product","3":"status-publish","4":"has-post-thumbnail","6":"product_cat-pumpentechnik","7":"product_cat-laborpumpen","8":"product_shipping_class-karton-paketversand","9":"pa_dichtung-fkm","10":"pa_foerderleistung-0-30-l-min","11":"pa_laenge-500mm","12":"pa_leistung-130-watt","13":"pa_material-edelstahl","14":"pa_material-polypropylen-pp","16":"first","17":"instock","18":"taxable","19":"shipping-taxable","20":"purchasable","21":"product-type-simple"},"bundled_by":[],"bundle_stock_status":"instock","bundle_stock_quantity":null,"bundle_virtual":false,"bundle_layout":"","bundle_add_to_cart_form_location":"","bundle_editable_in_cart":false,"bundle_sold_individually_context":"","bundle_item_grouping":"","bundle_min_size":"","bundle_max_size":"","bundle_price":[],"bundled_items":[],"bundle_sell_ids":[],"exclude_global_add_ons":[],"addons":[],"acf":[],"_links":{"self":[{"href":"https:\/\/ptm-mechatronics.com\/es\/wp-json\/wp\/v2\/product\/15591","targetHints":{"allow":["GET"]}}],"collection":[{"href":"https:\/\/ptm-mechatronics.com\/es\/wp-json\/wp\/v2\/product"}],"about":[{"href":"https:\/\/ptm-mechatronics.com\/es\/wp-json\/wp\/v2\/types\/product"}],"replies":[{"embeddable":true,"href":"https:\/\/ptm-mechatronics.com\/es\/wp-json\/wp\/v2\/comments?post=15591"}],"wp:featuredmedia":[{"embeddable":true,"href":"https:\/\/ptm-mechatronics.com\/es\/wp-json\/wp\/v2\/media\/15892"}],"wp:attachment":[{"href":"https:\/\/ptm-mechatronics.com\/es\/wp-json\/wp\/v2\/media?parent=15591"}],"wp:term":[{"taxonomy":"product_brand","embeddable":true,"href":"https:\/\/ptm-mechatronics.com\/es\/wp-json\/wp\/v2\/product_brand?post=15591"},{"taxonomy":"product_cat","embeddable":true,"href":"https:\/\/ptm-mechatronics.com\/es\/wp-json\/wp\/v2\/product_cat?post=15591"},{"taxonomy":"product_tag","embeddable":true,"href":"https:\/\/ptm-mechatronics.com\/es\/wp-json\/wp\/v2\/product_tag?post=15591"}],"curies":[{"name":"wp","href":"https:\/\/api.w.org\/{rel}","templated":true}]}}