{"id":15011,"date":"2025-09-12T13:56:47","date_gmt":"2025-09-12T11:56:47","guid":{"rendered":"https:\/\/ptm-mechatronics.com\/?post_type=product&#038;p=15011"},"modified":"2026-03-09T10:16:39","modified_gmt":"2026-03-09T09:16:39","slug":"stativruehrwerk-pro-hygienic-design-fuer-faesser","status":"publish","type":"product","link":"https:\/\/ptm-mechatronics.com\/es\/product\/stativruehrwerk-pro-hygienic-design-fuer-faesser\/","title":{"rendered":"Agitador de pie pro Hygienic Design para bidones"},"content":{"rendered":"<h1 data-start=\"100\" data-end=\"191\"><span style=\"font-size: 90%;\">Batidora de pie de acero inoxidable - Dise\u00f1o higi\u00e9nico para una m\u00e1xima seguridad alimentaria<\/span><\/h1>\n<p data-start=\"193\" data-end=\"497\">Nuestra batidora de pie de acero inoxidable de alta calidad se ha desarrollado especialmente para procesos de mezcla exigentes en las industrias alimentaria, farmac\u00e9utica y qu\u00edmica. Gracias a su dise\u00f1o higi\u00e9nico y a su construcci\u00f3n sin espacios muertos, garantiza la m\u00e1xima higiene y seguridad alimentaria.<\/p>\n<h2 data-start=\"499\" data-end=\"549\"><span style=\"font-size: 80%;\">Mezcla perfecta con la m\u00e1xima higiene<\/span><\/h2>\n<p data-start=\"550\" data-end=\"827\">El agitador proporciona una mezcla potente y uniforme de l\u00edquidos, emulsiones y medios viscosos. Gracias a las superficies lisas de acero inoxidable, es f\u00e1cil de limpiar y evita la contaminaci\u00f3n del producto: ideal para aplicaciones en las que la higiene es fundamental.<\/p>\n<p data-start=\"829\" data-end=\"869\">Sus ventajas de un vistazo:<\/p>\n<ul>\n<li data-start=\"870\" data-end=\"1412\">Dise\u00f1o higi\u00e9nico: sin espacios muertos, f\u00e1cil de limpiar, para los m\u00e1s altos requisitos de higiene<\/li>\n<li data-start=\"870\" data-end=\"1412\">Construcci\u00f3n de acero inoxidable: resistente a la corrosi\u00f3n, robusta y duradera<\/li>\n<li data-start=\"870\" data-end=\"1412\">Seguridad alimentaria - Materiales certificados para uso en la industria alimentaria<\/li>\n<li data-start=\"870\" data-end=\"1412\">Accionamiento a elegir: el\u00e9ctrico o neum\u00e1tico seg\u00fan las necesidades<\/li>\n<li data-start=\"870\" data-end=\"1412\">Certificaci\u00f3n ATEX - tambi\u00e9n apto para su uso en atm\u00f3sferas potencialmente explosivas<\/li>\n<li data-start=\"870\" data-end=\"1412\">Aplicaci\u00f3n flexible - Para distintos tama\u00f1os de envases y procesos de producci\u00f3n, amplia gama de accesorios<\/li>\n<\/ul>\n<p data-start=\"1414\" data-end=\"1440\">\u00c1mbitos de aplicaci\u00f3n:<\/p>\n<ul>\n<li data-start=\"1441\" data-end=\"1740\">Producci\u00f3n alimentaria (productos l\u00e1cteos, salsas, bebidas)<\/li>\n<li data-start=\"1441\" data-end=\"1740\">Industria farmac\u00e9utica (l\u00edquidos est\u00e9riles, cremas, pomadas)<\/li>\n<li data-start=\"1441\" data-end=\"1740\">Producci\u00f3n de cosm\u00e9ticos (emulsiones, lociones, champ\u00fas)<\/li>\n<li data-start=\"1441\" data-end=\"1740\">Industria qu\u00edmica (barnices, pinturas, disolventes)<\/li>\n<li data-start=\"1441\" data-end=\"1740\">Zonas ATEX (atm\u00f3sferas potencialmente explosivas)<\/li>\n<\/ul>\n<p data-start=\"1742\" data-end=\"1898\">Gracias a su acabado de alta calidad y a su sofisticado dise\u00f1o, nuestra batidora de pie cumple todos los requisitos de higiene, eficacia y seguridad.<\/p>\n<p data-start=\"1742\" data-end=\"1898\">Nuestra batidora de pie de acero inoxidable puede adaptarse de forma \u00f3ptima a sus requisitos espec\u00edficos gracias a una amplia gama de opciones y accesorios, incluidos dise\u00f1os especiales para procesos de mezcla especiales.<\/p>","protected":false},"excerpt":{"rendered":"<p>Batidora de pie de acero inoxidable con dise\u00f1o higi\u00e9nico para una m\u00e1xima seguridad alimentaria, disponible con accionamiento el\u00e9ctrico o neum\u00e1tico, certificaci\u00f3n ATEX, opciones y accesorios vers\u00e1tiles<\/p>","protected":false},"featured_media":15501,"comment_status":"open","ping_status":"closed","template":"","meta":{"_acf_changed":false},"product_brand":[],"product_cat":[595,603],"product_tag":[2545,2556,2546,2557,2547,2558,2548,2559,2549,2560,2550,2561,2551,2562,2552,2553,2554,2544,2555],"class_list":{"0":"post-15011","1":"product","2":"type-product","3":"status-publish","4":"has-post-thumbnail","6":"product_cat-ruehrwerkstechnik","7":"product_cat-fassruehrwerke","8":"product_tag-hygienic-design-ruehrwerk","9":"product_tag-hygienisches-ruehrwerk","10":"product_tag-ruehrwerk-fuer-lebensmittelindustrie","11":"product_tag-edelstahlruehrwerk-mit-atex","12":"product_tag-lebensmittelsicherheit-ruehrwerk","13":"product_tag-lebensmittelruehrwerk-edelstahl","14":"product_tag-atex-ruehrwerk-edelstahl","15":"product_tag-pharma-ruehrwerk-edelstahl","16":"product_tag-pneumatisches-ruehrwerk-atex","17":"product_tag-chemie-ruehrwerk-edelstahl","18":"product_tag-elektrisches-stativruehrwerk","19":"product_tag-pneumatisches-ruehrwerk-fuer-lebensmittel","20":"product_tag-industrie-ruehrwerk-edelstahl","21":"product_tag-ruehrwerk-mit-drehzahlregelung","22":"product_tag-ruehrwerk-mit-hygienic-design","23":"product_tag-edelstahl-ruehrwerk-lebensmittel","24":"product_tag-ruehrwerk-atex-zertifiziert","25":"product_tag-stativruehrwerk-edelstahl","26":"product_tag-mischtechnik-edelstahl","27":"product_shipping_class-sonderpalette-speditionsversand","28":"pa_antriebsart-pneumatisch","29":"pa_antriebsart-elektrisch","30":"pa_atex-zone-0-1","31":"pa_atex-zone-122122","32":"pa_behaeltervolumen-60-liter","33":"pa_behaeltervolumen-30-liter","34":"pa_behaeltervolumen-100-liter","35":"pa_behaeltervolumen-200-liter","36":"pa_behaeltervolumen-ibc","37":"pa_dichtung-ptfe","38":"pa_ex-gas-ex-ii-2-g-ex-h-iic-t5-gb-x","39":"pa_ex-staub-ex-ii-2-d-ex-h-iiic-t100c-db-x","40":"pa_labs-oel-und-silikonfrei","41":"pa_material-deckel-v4a-edelstahl-1-4404","42":"pa_model-eco-station-pro","43":"pa_typ-stativruehrwerk","45":"first","46":"outofstock","47":"taxable","48":"shipping-taxable","49":"product-type-simple"},"bundled_by":[],"bundle_stock_status":"outofstock","bundle_stock_quantity":null,"bundle_virtual":false,"bundle_layout":"","bundle_add_to_cart_form_location":"","bundle_editable_in_cart":false,"bundle_sold_individually_context":"","bundle_item_grouping":"","bundle_min_size":"","bundle_max_size":"","bundle_price":[],"bundled_items":[],"bundle_sell_ids":[],"exclude_global_add_ons":[],"addons":[],"acf":[],"_links":{"self":[{"href":"https:\/\/ptm-mechatronics.com\/es\/wp-json\/wp\/v2\/product\/15011","targetHints":{"allow":["GET"]}}],"collection":[{"href":"https:\/\/ptm-mechatronics.com\/es\/wp-json\/wp\/v2\/product"}],"about":[{"href":"https:\/\/ptm-mechatronics.com\/es\/wp-json\/wp\/v2\/types\/product"}],"replies":[{"embeddable":true,"href":"https:\/\/ptm-mechatronics.com\/es\/wp-json\/wp\/v2\/comments?post=15011"}],"wp:featuredmedia":[{"embeddable":true,"href":"https:\/\/ptm-mechatronics.com\/es\/wp-json\/wp\/v2\/media\/15501"}],"wp:attachment":[{"href":"https:\/\/ptm-mechatronics.com\/es\/wp-json\/wp\/v2\/media?parent=15011"}],"wp:term":[{"taxonomy":"product_brand","embeddable":true,"href":"https:\/\/ptm-mechatronics.com\/es\/wp-json\/wp\/v2\/product_brand?post=15011"},{"taxonomy":"product_cat","embeddable":true,"href":"https:\/\/ptm-mechatronics.com\/es\/wp-json\/wp\/v2\/product_cat?post=15011"},{"taxonomy":"product_tag","embeddable":true,"href":"https:\/\/ptm-mechatronics.com\/es\/wp-json\/wp\/v2\/product_tag?post=15011"}],"curies":[{"name":"wp","href":"https:\/\/api.w.org\/{rel}","templated":true}]}}