{"id":14940,"date":"2025-09-08T12:50:35","date_gmt":"2025-09-08T10:50:35","guid":{"rendered":"https:\/\/ptm-mechatronics.com\/?post_type=product&#038;p=14940"},"modified":"2026-03-05T17:54:24","modified_gmt":"2026-03-05T16:54:24","slug":"pneumatisches-ruehrwerk-mit-deckel-fuer-30-liter-fass-atex","status":"publish","type":"product","link":"https:\/\/ptm-mechatronics.com\/es\/product\/pneumatisches-ruehrwerk-mit-deckel-fuer-30-liter-fass-atex\/","title":{"rendered":"Agitador neum\u00e1tico con tapa para bid\u00f3n de 30 litros - ATEX"},"content":{"rendered":"<h1><span style=\"font-size: 90%;\">Agitador ATEX para bidones de 30 litros: potente, seguro y orientado al proceso<\/span><\/h1>\n<p>Este agitador con certificaci\u00f3n ATEX para zonas ATEX 1 \u00f3 0\/1 est\u00e1 especialmente dise\u00f1ado para su uso en atm\u00f3sferas potencialmente explosivas y para procesar grandes cantidades de producto en bidones de 30 litros. El accionamiento neum\u00e1tico energ\u00e9ticamente eficiente, en combinaci\u00f3n con el eje agitador y el elemento agitador, garantiza una mezcla potente pero suave de medios de cualquier clase de viscosidad.<\/p>\n<p>Todos los componentes en contacto con el medio -eje agitador, elemento agitador y tapa- est\u00e1n fabricados en acero inoxidable V4A (1.4404) de alta calidad, por lo que garantizan la m\u00e1xima higiene, resistencia a la corrosi\u00f3n y durabilidad. La tapa, con un rango de sujeci\u00f3n de 300 a 400 mm, est\u00e1 dise\u00f1ada para bidones normalizados de 30 litros y dispone de dos dispositivos de sujeci\u00f3n, una pr\u00e1ctica trampilla de acceso y una rejilla de seguridad integrada que protege contra intervenciones involuntarias durante el funcionamiento.<\/p>\n<p>Tus opciones:<\/p>\n<p>ATEX Zona 1:<br \/>\nEx II 2 G Ex h IIC T5 Gb X<br \/>\nEx II 2 D Ex h IIIC T100\u00b0C Db X o<br \/>\nATEX Zona 0\/1:<br \/>\nEx II 1\/2 G Ex h IIC T5 Ga\/Gb<br \/>\nEx II 1\/2 D Ex h IIIC T100\u00b0C Da\/Db<\/p>\n<p>Sistema de cambio r\u00e1pido del eje agitador:<br \/>\nNuestro sistema de cambio r\u00e1pido eco-Quick le ofrece un cambio r\u00e1pido y limpio del eje agitador en cuesti\u00f3n de segundos y sin herramientas adicionales.<\/p>\n<p>Agitador de vasos eco-Cup o mezclador de palas inclinadas<br \/>\nGracias a su comportamiento de agitaci\u00f3n laminar, el agitador de vaso eco-Cup ofrece una mezcla homog\u00e9nea, incluso con medios exigentes y muy viscosos como pastas, suspensiones o emulsiones.<\/p>\n<p>El mezclador de palas inclinadas impresiona por sus caracter\u00edsticas de transporte axial con un componente ligeramente radial y genera un flujo turbulento que permite una mezcla especialmente eficaz. Su robusto dise\u00f1o lo hace ideal para sustancias muy viscosas.<\/p>\n<p>Conjunto neum\u00e1tico<br \/>\nEl conjunto neum\u00e1tico incluye un m\u00f3dulo de suministro de aire con v\u00e1lvula de cierre, filtro regulador y man\u00f3metro para un suministro de aire comprimido seguro y limpio entre el sistema y el accionamiento del agitador, para un funcionamiento duradero y fiable. El filtro de aire de escape integrado reduce el ruido de funcionamiento a s\u00f3lo 50 dB(A) y garantiza que el aire de escape se descargue de forma segura.<\/p>\n<p>Las ventajas de un vistazo:<\/p>\n<ul>\n<li>Actuador con certificaci\u00f3n ATEX para zona 1 \u00f3 0\/1<\/li>\n<li>Neum\u00e1tica, energ\u00e9ticamente eficiente y potente<\/li>\n<li>Para bidones de 30 litros de \u00d8 300-400 mm<\/li>\n<li>Eje agitador, elemento agitador y tapa de acero inoxidable V4A<\/li>\n<li>Dos dispositivos de sujeci\u00f3n para un agarre seguro<\/li>\n<li>Con trampilla de acceso y rejilla de seguridad<\/li>\n<li>Adecuado para medios de baja y alta viscosidad<\/li>\n<li>Comportamiento homog\u00e9neo y de agitaci\u00f3n suave<\/li>\n<li>Robusto, higi\u00e9nico y de bajo mantenimiento<\/li>\n<\/ul>","protected":false},"excerpt":{"rendered":"<p><span class=\"_fadeIn_m1hgl_8\">ATEX-<\/span><span class=\"_fadeIn_m1hgl_8\">Agitador <\/span><span class=\"_fadeIn_m1hgl_8\">para 30<\/span><span class=\"_fadeIn_m1hgl_8\">-<\/span><span class=\"_fadeIn_m1hgl_8\">Litro<\/span><span class=\"_fadeIn_m1hgl_8\">Barriles <\/span><span class=\"_fadeIn_m1hgl_8\">con <\/span><span class=\"_fadeIn_m1hgl_8\">V4A-<\/span><span class=\"_fadeIn_m1hgl_8\">Componentes, <\/span><span class=\"_fadeIn_m1hgl_8\">Solapa Encore <\/span><span class=\"_fadeIn_m1hgl_8\">con <\/span><span class=\"_fadeIn_m1hgl_8\">Rejilla de seguridad, agitador seleccionable, <\/span><span class=\"_fadeIn_m1hgl_8\">para <\/span><span class=\"_fadeIn_m1hgl_8\">a <\/span><span class=\"_fadeIn_m1hgl_8\">seguro, <\/span><span class=\"_fadeIn_m1hgl_8\">eficiente <\/span><span class=\"_fadeIn_m1hgl_8\">y <\/span><span class=\"_fadeIn_m1hgl_8\">higi\u00e9nico <\/span><span class=\"_fadeIn_m1hgl_8\">Revuelva <\/span><span class=\"_fadeIn_m1hgl_8\">m\u00e1s viscoso <\/span><span class=\"_fadeIn_m1hgl_8\">Medios de comunicaci\u00f3n <\/span><span class=\"_fadeIn_m1hgl_8\">en <\/span><span class=\"_fadeIn_m1hgl_8\">potencialmente explosivo <\/span><span class=\"_fadeIn_m1hgl_8\">Alrededores.<\/span><\/p>","protected":false},"featured_media":15550,"comment_status":"open","ping_status":"closed","template":"","meta":{"_acf_changed":false},"product_brand":[],"product_cat":[595,612],"product_tag":[2735,2816,2939,2940,2944,2954,2960,2961,2962,3152,2637],"class_list":{"0":"post-14940","1":"product","2":"type-product","3":"status-publish","4":"has-post-thumbnail","6":"product_cat-ruehrwerkstechnik","7":"product_cat-kleingebinderuehrwerke","8":"product_tag-schragblattmischer","9":"product_tag-explosionsgeschuetztes-ruehrwerk","10":"product_tag-pneumatischer-ruehrantrieb-atex","11":"product_tag-becherruehrorgan-eco-cup","12":"product_tag-atex-ruehrwerk-30-liter","13":"product_tag-zugabeklappe-ruehrwerk","14":"product_tag-fassruehrwerk-edelstahl","15":"product_tag-v4a-ruehrwerk-zone-1","16":"product_tag-sicherheitsgitter-ruehrsystem","17":"product_tag-v4a-ruehrwerk-zone-0-1","18":"product_tag-ruehrwerk-fuer-hochviskose-medien","19":"product_shipping_class-europalette-speditionsversand","20":"pa_antriebsart-pneumatisch","21":"pa_atex-fuer-atex-zone-0-1","22":"pa_atex-fuer-atex-zone-1","23":"pa_bedien-anschlusskonzept-ohne","24":"pa_bedien-anschlusskonzept-pneumatikset","25":"pa_behaeltervolumen-30-liter","26":"pa_dichtung-ptfe","27":"pa_drehmoment-16nm","28":"pa_drehzahl-0-300-1-min","29":"pa_durchmesser-ruehrwelle-16mm","30":"pa_geeignete-fassdurchmesser-300-400mm","31":"pa_geraeuschpegel-75db","32":"pa_labs-oel-und-silikonfrei","33":"pa_laenge-ruehrwelle-ca-360mm-ab-deckeloberkante","34":"pa_material-deckel-v4a-edelstahl-1-4404","35":"pa_material-gehaeuse-aluminium-eloxiert","36":"pa_mittlerer-luftverbrauch-25l-min","37":"pa_ruehrorgan-schraegblattmischer-325mm","38":"pa_ruehrorgan-becherruehrorgan-eco-cup-320mm","39":"pa_schnellwechselsystem-mit-gewindeverbindung","40":"pa_schnellwechselsystem-mit-schnellwechselsystem","41":"pa_schutzart-ip67","42":"pa_steckverschraubung-abluft-schlauch-o10mm","43":"pa_steckverschraubung-zuluft-schlauch-o6mm","44":"pa_typ-deckelruehrwerk","45":"pa_versorgung-5-6bar","47":"first","48":"instock","49":"taxable","50":"shipping-taxable","51":"purchasable","52":"product-type-variable"},"bundled_by":[],"bundle_stock_status":"instock","bundle_stock_quantity":null,"bundle_virtual":false,"bundle_layout":"","bundle_add_to_cart_form_location":"","bundle_editable_in_cart":false,"bundle_sold_individually_context":"","bundle_item_grouping":"","bundle_min_size":"","bundle_max_size":"","bundle_price":[],"bundled_items":[],"bundle_sell_ids":[],"exclude_global_add_ons":[],"addons":[],"acf":[],"_links":{"self":[{"href":"https:\/\/ptm-mechatronics.com\/es\/wp-json\/wp\/v2\/product\/14940","targetHints":{"allow":["GET"]}}],"collection":[{"href":"https:\/\/ptm-mechatronics.com\/es\/wp-json\/wp\/v2\/product"}],"about":[{"href":"https:\/\/ptm-mechatronics.com\/es\/wp-json\/wp\/v2\/types\/product"}],"replies":[{"embeddable":true,"href":"https:\/\/ptm-mechatronics.com\/es\/wp-json\/wp\/v2\/comments?post=14940"}],"wp:featuredmedia":[{"embeddable":true,"href":"https:\/\/ptm-mechatronics.com\/es\/wp-json\/wp\/v2\/media\/15550"}],"wp:attachment":[{"href":"https:\/\/ptm-mechatronics.com\/es\/wp-json\/wp\/v2\/media?parent=14940"}],"wp:term":[{"taxonomy":"product_brand","embeddable":true,"href":"https:\/\/ptm-mechatronics.com\/es\/wp-json\/wp\/v2\/product_brand?post=14940"},{"taxonomy":"product_cat","embeddable":true,"href":"https:\/\/ptm-mechatronics.com\/es\/wp-json\/wp\/v2\/product_cat?post=14940"},{"taxonomy":"product_tag","embeddable":true,"href":"https:\/\/ptm-mechatronics.com\/es\/wp-json\/wp\/v2\/product_tag?post=14940"}],"curies":[{"name":"wp","href":"https:\/\/api.w.org\/{rel}","templated":true}]}}