{"id":14856,"date":"2025-09-08T12:17:48","date_gmt":"2025-09-08T10:17:48","guid":{"rendered":"https:\/\/ptm-mechatronics.com\/?post_type=product&#038;p=14856"},"modified":"2026-03-09T08:54:59","modified_gmt":"2026-03-09T07:54:59","slug":"pneumatisches-stativruehrwerk-fuer-30-liter-fass","status":"publish","type":"product","link":"https:\/\/ptm-mechatronics.com\/es\/product\/pneumatisches-stativruehrwerk-fuer-30-liter-fass\/","title":{"rendered":"Batidora de pie neum\u00e1tica para bid\u00f3n de 30 litros"},"content":{"rendered":"<h1><span style=\"font-size: 75%;\"><span class=\"_fadeIn_m1hgl_8\">Agitador de pie <\/span><span class=\"_fadeIn_m1hgl_8\">para 30<\/span><span class=\"_fadeIn_m1hgl_8\">-<\/span><span class=\"_fadeIn_m1hgl_8\">Litro<\/span><span class=\"_fadeIn_m1hgl_8\">Barriles - <\/span><span class=\"_fadeIn_m1hgl_8\">potente, <\/span><span class=\"_fadeIn_m1hgl_8\">seguro, <\/span><span class=\"_fadeIn_m1hgl_8\">Ergon\u00f3mico<\/span><\/span><\/h1>\n<p data-start=\"372\" data-end=\"913\"><span class=\"_fadeIn_m1hgl_8\">En <\/span><span class=\"_fadeIn_m1hgl_8\">Agitador de pie <\/span><span class=\"_fadeIn_m1hgl_8\">para 3<\/span><span class=\"_fadeIn_m1hgl_8\">0-<\/span><span class=\"_fadeIn_m1hgl_8\">Litro<\/span><span class=\"_fadeIn_m1hgl_8\">Barriles<\/span> <span class=\"_fadeIn_m1hgl_8\">fue <\/span><span class=\"_fadeIn_m1hgl_8\">para <\/span><span class=\"_fadeIn_m1hgl_8\">el <\/span><span class=\"_fadeIn_m1hgl_8\">eficiente <\/span><span class=\"_fadeIn_m1hgl_8\">y <\/span><span class=\"_fadeIn_m1hgl_8\">seguro <\/span><span class=\"_fadeIn_m1hgl_8\">Tratamiento <\/span><span class=\"_fadeIn_m1hgl_8\">bajo <\/span><span class=\"_fadeIn_m1hgl_8\">hasta <\/span><span class=\"_fadeIn_m1hgl_8\">muy viscoso <\/span><span class=\"_fadeIn_m1hgl_8\">Medios de comunicaci\u00f3n<\/span> <span class=\"_fadeIn_m1hgl_8\">desarrollado. <\/span><span class=\"_fadeIn_m1hgl_8\">En <\/span><span class=\"_fadeIn_m1hgl_8\">existe <\/span><span class=\"_fadeIn_m1hgl_8\">de <\/span><span class=\"_fadeIn_m1hgl_8\">un <\/span><span class=\"_fadeIn_m1hgl_8\">potente, <\/span><span class=\"_fadeIn_m1hgl_8\">neum\u00e1tico <\/span><span class=\"_fadeIn_m1hgl_8\">Conducir<\/span><span class=\"_fadeIn_m1hgl_8\">, <\/span><span class=\"_fadeIn_m1hgl_8\">un <\/span><span class=\"_fadeIn_m1hgl_8\">masivo <\/span><span class=\"_fadeIn_m1hgl_8\">Acero inoxidable<\/span><span class=\"_fadeIn_m1hgl_8\">Tapa<\/span><span class=\"_fadeIn_m1hgl_8\">, <\/span><span class=\"_fadeIn_m1hgl_8\">un <\/span><span class=\"_fadeIn_m1hgl_8\">Eje agitador <\/span><span class=\"_fadeIn_m1hgl_8\">con <\/span><span class=\"_fadeIn_m1hgl_8\">Agitador<\/span>\u00a0<span class=\"_fadeIn_m1hgl_8\">y <\/span><span class=\"_fadeIn_m1hgl_8\">un <\/span><span class=\"_fadeIn_m1hgl_8\">Tr\u00edpode <\/span><span class=\"_fadeIn_m1hgl_8\">con <\/span><span class=\"_fadeIn_m1hgl_8\">m\u00e1s autom\u00e1tico <\/span><span class=\"_fadeIn_m1hgl_8\">Dispositivo de elevaci\u00f3n <\/span><span class=\"_fadeIn_m1hgl_8\">y <\/span><span class=\"_fadeIn_m1hgl_8\">Panel de control<\/span><span class=\"_fadeIn_m1hgl_8\">. <\/span><span class=\"_fadeIn_m1hgl_8\">Todos <\/span><span class=\"_fadeIn_m1hgl_8\">contacto con los medios <\/span><span class=\"_fadeIn_m1hgl_8\">Componentes - <\/span><span class=\"_fadeIn_m1hgl_8\">Eje agitador <\/span><span class=\"_fadeIn_m1hgl_8\">y <\/span><span class=\"_fadeIn_m1hgl_8\">Agitador<\/span><span class=\"_fadeIn_m1hgl_8\"> \u2013 <\/span><span class=\"_fadeIn_m1hgl_8\">son <\/span><span class=\"_fadeIn_m1hgl_8\">de <\/span><span class=\"_fadeIn_m1hgl_8\">V4A <\/span><span class=\"_fadeIn_m1hgl_8\">Acero inoxidable (<\/span><span class=\"_fadeIn_m1hgl_8\">1.4404)<\/span> <span class=\"_fadeIn_m1hgl_8\">fabricado <\/span><span class=\"_fadeIn_m1hgl_8\">y <\/span><span class=\"_fadeIn_m1hgl_8\">ofrecen un alto <\/span><span class=\"_fadeIn_m1hgl_8\">Higiene <\/span><span class=\"_fadeIn_m1hgl_8\">y <\/span><span class=\"_fadeIn_m1hgl_8\">Resistencia a la corrosi\u00f3n.<\/span><\/p>\n<p data-start=\"915\" data-end=\"1293\"><span class=\"_fadeIn_m1hgl_8\">En <\/span><span class=\"_fadeIn_m1hgl_8\">Agitador <\/span><span class=\"_fadeIn_m1hgl_8\">es <\/span><span class=\"_fadeIn_m1hgl_8\">completa <\/span><span class=\"_fadeIn_m1hgl_8\">en <\/span><span class=\"_fadeIn_m1hgl_8\">el <\/span><span class=\"_fadeIn_m1hgl_8\">Utilice <\/span><span class=\"_fadeIn_m1hgl_8\">en <\/span><span class=\"_fadeIn_m1hgl_8\">normalizado 3<\/span><span class=\"_fadeIn_m1hgl_8\">0-<\/span><span class=\"_fadeIn_m1hgl_8\">Litro<\/span><span class=\"_fadeIn_m1hgl_8\">Barriles<\/span> <span class=\"_fadeIn_m1hgl_8\">armonizado <\/span><span class=\"_fadeIn_m1hgl_8\">y <\/span><span class=\"_fadeIn_m1hgl_8\">ofrece <\/span><span class=\"_fadeIn_m1hgl_8\">a <\/span><span class=\"_fadeIn_m1hgl_8\">incluso, <\/span><span class=\"_fadeIn_m1hgl_8\">homog\u00e9neo <\/span><span class=\"_fadeIn_m1hgl_8\">Resultado de la agitaci\u00f3n<\/span><span class=\"_fadeIn_m1hgl_8\">, <\/span><span class=\"_fadeIn_m1hgl_8\">s\u00ed mismo <\/span><span class=\"_fadeIn_m1hgl_8\">con <\/span><span class=\"_fadeIn_m1hgl_8\">duro, <\/span><span class=\"_fadeIn_m1hgl_8\">viscoso <\/span><span class=\"_fadeIn_m1hgl_8\">Sustancias. <\/span><span class=\"_fadeIn_m1hgl_8\">En <\/span><span class=\"_fadeIn_m1hgl_8\">autom\u00e1tico <\/span><span class=\"_fadeIn_m1hgl_8\">Dispositivo de elevaci\u00f3n<\/span> <span class=\"_fadeIn_m1hgl_8\">facilita <\/span><span class=\"_fadeIn_m1hgl_8\">el <\/span><span class=\"_fadeIn_m1hgl_8\">Elevaci\u00f3n <\/span><span class=\"_fadeIn_m1hgl_8\">y <\/span><span class=\"_fadeIn_m1hgl_8\">Bajar <\/span><span class=\"_fadeIn_m1hgl_8\">de la <\/span><span class=\"_fadeIn_m1hgl_8\">agitador, <\/span><span class=\"_fadeIn_m1hgl_8\">proporciona <\/span><span class=\"_fadeIn_m1hgl_8\">para <\/span><span class=\"_fadeIn_m1hgl_8\">un <\/span><span class=\"_fadeIn_m1hgl_8\">seguro <\/span><span class=\"_fadeIn_m1hgl_8\">Cambio de contenedor <\/span><span class=\"_fadeIn_m1hgl_8\">y <\/span><span class=\"_fadeIn_m1hgl_8\">reducido <\/span><span class=\"_fadeIn_m1hgl_8\">f\u00edsico <\/span><span class=\"_fadeIn_m1hgl_8\">Carga <\/span><span class=\"_fadeIn_m1hgl_8\">en el <\/span><span class=\"_fadeIn_m1hgl_8\">El trabajo cotidiano.<\/span><\/p>\n<p data-start=\"1295\" data-end=\"1572\"><span class=\"_fadeIn_m1hgl_8\">Para <\/span><span class=\"_fadeIn_m1hgl_8\">m\u00e1ximo <\/span><span class=\"_fadeIn_m1hgl_8\">Seguridad en el trabajo <\/span><span class=\"_fadeIn_m1hgl_8\">tiene <\/span><span class=\"_fadeIn_m1hgl_8\">el <\/span><span class=\"_fadeIn_m1hgl_8\">Agitador <\/span><span class=\"_fadeIn_m1hgl_8\">acerca de <\/span><span class=\"_fadeIn_m1hgl_8\">un <\/span><span class=\"_fadeIn_m1hgl_8\">autom\u00e1tico <\/span><span class=\"_fadeIn_m1hgl_8\">Desconectar <\/span><span class=\"_fadeIn_m1hgl_8\">en el <\/span><span class=\"_fadeIn_m1hgl_8\">Elevaci\u00f3n <\/span><span class=\"_fadeIn_m1hgl_8\">de la <\/span><span class=\"_fadeIn_m1hgl_8\">Tapas<\/span><span class=\"_fadeIn_m1hgl_8\">, <\/span><span class=\"_fadeIn_m1hgl_8\">en <\/span><span class=\"_fadeIn_m1hgl_8\">Intervenciones <\/span><span class=\"_fadeIn_m1hgl_8\">en <\/span><span class=\"_fadeIn_m1hgl_8\">m\u00f3vil <\/span><span class=\"_fadeIn_m1hgl_8\">Piezas <\/span><span class=\"_fadeIn_m1hgl_8\">a <\/span><span class=\"_fadeIn_m1hgl_8\">prevenir. <\/span><span class=\"_fadeIn_m1hgl_8\">En <\/span><span class=\"_fadeIn_m1hgl_8\">Proceso de agitaci\u00f3n <\/span><span class=\"_fadeIn_m1hgl_8\">comienza <\/span><span class=\"_fadeIn_m1hgl_8\">de nuevo <\/span><span class=\"_fadeIn_m1hgl_8\">autom\u00e1ticamente <\/span><span class=\"_fadeIn_m1hgl_8\">acerca de <\/span><span class=\"_fadeIn_m1hgl_8\">un <\/span><span class=\"_fadeIn_m1hgl_8\">Detecci\u00f3n de contenedores<\/span> <span class=\"_fadeIn_m1hgl_8\">en el <\/span><span class=\"_fadeIn_m1hgl_8\">Bajando - <\/span><span class=\"_fadeIn_m1hgl_8\">eficiente <\/span><span class=\"_fadeIn_m1hgl_8\">y <\/span><span class=\"_fadeIn_m1hgl_8\">seguro.<\/span><\/p>\n<h3 data-start=\"1337\" data-end=\"1549\"><span class=\"_fadeIn_m1hgl_8\">Tus opciones:<\/span><\/h3>\n<p>Sistema de cambio r\u00e1pido del eje agitador:<br \/>\nNuestra <a href=\"https:\/\/youtu.be\/TjagGW4DoyA?feature=shared\" target=\"_blank\" rel=\"noopener\">Sistema de cambio r\u00e1pido eco-Quick<\/a> le ofrece un cambio r\u00e1pido y limpio del eje agitador en cuesti\u00f3n de segundos y sin herramientas adicionales.<\/p>\n<p>Agitador de vaso eco-Cup o batidora de cuchillas inclinadas:<br \/>\n<span class=\"_fadeIn_m1hgl_8\">En <\/span><span class=\"_fadeIn_m1hgl_8\">eco-<\/span><span class=\"_fadeIn_m1hgl_8\">Taza <\/span><span class=\"_fadeIn_m1hgl_8\">Agitador de vaso<\/span> <span class=\"_fadeIn_m1hgl_8\">ofrece <\/span><span class=\"_fadeIn_m1hgl_8\">a trav\u00e9s de <\/span><span class=\"_fadeIn_m1hgl_8\">sea <\/span><span class=\"_fadeIn_m1hgl_8\">laminar <\/span><span class=\"_fadeIn_m1hgl_8\">Comportamiento de agitaci\u00f3n<\/span> <span class=\"_fadeIn_m1hgl_8\">un <\/span><span class=\"_fadeIn_m1hgl_8\">homog\u00e9neo <\/span><span class=\"_fadeIn_m1hgl_8\">Mezcla<\/span><span class=\"_fadeIn_m1hgl_8\"> \u2013 <\/span><span class=\"_fadeIn_m1hgl_8\">s\u00ed mismo <\/span><span class=\"_fadeIn_m1hgl_8\">con <\/span><span class=\"_fadeIn_m1hgl_8\">exigente, <\/span><span class=\"_fadeIn_m1hgl_8\">muy viscoso <\/span><span class=\"_fadeIn_m1hgl_8\">Medios de comunicaci\u00f3n <\/span><span class=\"_fadeIn_m1hgl_8\">como <\/span><span class=\"_fadeIn_m1hgl_8\">Pastas, <\/span><span class=\"_fadeIn_m1hgl_8\">Suspensiones <\/span><span class=\"_fadeIn_m1hgl_8\">o <\/span><span class=\"_fadeIn_m1hgl_8\">Emulsiones.<\/span><\/p>\n<p data-start=\"1337\" data-end=\"1549\">El mezclador de palas inclinadas impresiona por sus caracter\u00edsticas de transporte axial con un componente ligeramente radial y genera un flujo turbulento que permite una mezcla especialmente eficaz. Su robusto dise\u00f1o lo hace ideal para sustancias muy viscosas.<\/p>\n<p data-start=\"1337\" data-end=\"1549\">Concepto operativo:<br \/>\nLa amasadora est\u00e1 disponible opcionalmente con un panel de control est\u00e1ndar con empu\u00f1adura de hombre muerto o <a href=\"https:\/\/ptm-mechatronics.com\/es\/product\/dguv-schalttafel\/\" target=\"_blank\" rel=\"noopener\">Panel de control DGUV<\/a> con <a href=\"https:\/\/ptm-mechatronics.com\/es\/grundlagen-guide\/not-aus\/\" target=\"_blank\" rel=\"noopener\">Parada de emergencia<\/a> y <a href=\"https:\/\/ptm-mechatronics.com\/es\/grundlagen-guide\/zweihandbedienung\/\" target=\"_blank\" rel=\"noopener\">Manejo con dos manos<\/a>.<\/p>\n<p data-start=\"1337\" data-end=\"1549\">Sujeci\u00f3n:<br \/>\nLa batidora de pie est\u00e1 disponible tanto para montaje en la pared como en el suelo.<\/p>\n<p data-start=\"1617\" data-end=\"1648\"><span class=\"_fadeIn_m1hgl_8\">Ventajas <\/span><span class=\"_fadeIn_m1hgl_8\">en <\/span><span class=\"_fadeIn_m1hgl_8\">un <\/span><span class=\"_fadeIn_m1hgl_8\">Ver:<\/span><\/p>\n<ul>\n<li data-start=\"1651\" data-end=\"1697\"><span class=\"_fadeIn_m1hgl_8\">Neum\u00e1tico <\/span><span class=\"_fadeIn_m1hgl_8\">Conducir <\/span><span class=\"_fadeIn_m1hgl_8\">para <\/span><span class=\"_fadeIn_m1hgl_8\">potente <\/span><span class=\"_fadeIn_m1hgl_8\">Revuelva<\/span><\/li>\n<li data-start=\"1651\" data-end=\"1697\"><span class=\"_fadeIn_m1hgl_8\">Para 3<\/span><span class=\"_fadeIn_m1hgl_8\">0-<\/span><span class=\"_fadeIn_m1hgl_8\">Litro<\/span><span class=\"_fadeIn_m1hgl_8\">Barriles <\/span><span class=\"_fadeIn_m1hgl_8\">optimizado<\/span><\/li>\n<li data-start=\"1651\" data-end=\"1697\"><span class=\"_fadeIn_m1hgl_8\">Eje agitador &amp; <\/span><span class=\"_fadeIn_m1hgl_8\">eco-<\/span><span class=\"_fadeIn_m1hgl_8\">Taza <\/span><span class=\"_fadeIn_m1hgl_8\">de <\/span><span class=\"_fadeIn_m1hgl_8\">V4A <\/span><span class=\"_fadeIn_m1hgl_8\">Acero inoxidable<\/span><\/li>\n<li data-start=\"1651\" data-end=\"1697\"><span class=\"_fadeIn_m1hgl_8\">Autom\u00e1tico <\/span><span class=\"_fadeIn_m1hgl_8\">Dispositivo de elevaci\u00f3n <\/span><span class=\"_fadeIn_m1hgl_8\">para <\/span><span class=\"_fadeIn_m1hgl_8\">ergon\u00f3mico <\/span><span class=\"_fadeIn_m1hgl_8\">Trabajar en<\/span><\/li>\n<li data-start=\"1651\" data-end=\"1697\"><span class=\"_fadeIn_m1hgl_8\">Panel de control <\/span><span class=\"_fadeIn_m1hgl_8\">a la <\/span><span class=\"_fadeIn_m1hgl_8\">simple <\/span><span class=\"_fadeIn_m1hgl_8\">Sistema de control<\/span><\/li>\n<li data-start=\"1651\" data-end=\"1697\"><span class=\"_fadeIn_m1hgl_8\">Desconexi\u00f3n de seguridad <\/span><span class=\"_fadeIn_m1hgl_8\">con <\/span><span class=\"_fadeIn_m1hgl_8\">Elevaci\u00f3n de la tapa<\/span><\/li>\n<li data-start=\"1651\" data-end=\"1697\"><span class=\"_fadeIn_m1hgl_8\">Autom\u00e1tico <\/span><span class=\"_fadeIn_m1hgl_8\">Reinicie <\/span><span class=\"_fadeIn_m1hgl_8\">a trav\u00e9s de <\/span><span class=\"_fadeIn_m1hgl_8\">Detecci\u00f3n de contenedores<\/span><\/li>\n<li data-start=\"1651\" data-end=\"1697\"><span class=\"_fadeIn_m1hgl_8\">Para <\/span><span class=\"_fadeIn_m1hgl_8\">bajo <\/span><span class=\"_fadeIn_m1hgl_8\">hasta <\/span><span class=\"_fadeIn_m1hgl_8\">alta viscosidad <\/span><span class=\"_fadeIn_m1hgl_8\">Medios de comunicaci\u00f3n<\/span><\/li>\n<li data-start=\"1651\" data-end=\"1697\"><span class=\"_fadeIn_m1hgl_8\">Higi\u00e9nico, <\/span><span class=\"_fadeIn_m1hgl_8\">seguro, <\/span><span class=\"_fadeIn_m1hgl_8\">apto para uso industrial<\/span><\/li>\n<\/ul>","protected":false},"excerpt":{"rendered":"<p class=\"translation-block\"><span class=\"_fadeIn_m1hgl_8\">Agitador de pie <\/span><span class=\"_fadeIn_m1hgl_8\">para 3<\/span><span class=\"_fadeIn_m1hgl_8\">0-<\/span><span class=\"_fadeIn_m1hgl_8\">litros <\/span><span class=\"_fadeIn_m1hgl_8\">barriles<\/span><span class=\"_fadeIn_m1hgl_8\">con <\/span><span class=\"_fadeIn_m1hgl_8\">a<\/span><span class=\"_fadeIn_m1hgl_8\">bater\u00eda <\/span><span class=\"_fadeIn_m1hgl_8\">con <\/span><span class=\"_fadeIn_m1hgl_8\">accionamiento neum\u00e1tico <\/span><span class=\"_fadeIn_m1hgl_8\">accionamiento, <\/span><span class=\"_fadeIn_m1hgl_8\">V4A-<\/span><span class=\"_fadeIn_m1hgl_8\">componentes, <\/span><span class=\"_fadeIn_m1hgl_8\">dispositivo de elevaci\u00f3n autom\u00e1tico<\/span><span class=\"_fadeIn_m1hgl_8\">, <\/span><span class=\"_fadeIn_m1hgl_8\">apagado de seguridad <\/span><span class=\"_fadeIn_m1hgl_8\">y <\/span><span class=\"_fadeIn_m1hgl_8\">dispositivo de agitaci\u00f3n <\/span><span class=\"_fadeIn_m1hgl_8\">para <\/span><span class=\"_fadeIn_m1hgl_8\">eficiencia, <\/span><span class=\"_fadeIn_m1hgl_8\">segura <\/span><span class=\"_fadeIn_m1hgl_8\">agitaci\u00f3n <\/span><span class=\"_fadeIn_m1hgl_8\">para <\/span><span class=\"_fadeIn_m1hgl_8\">todas las <\/span><span class=\"_fadeIn_m1hgl_8\">viscosidades,<\/span><span class=\"_fadeIn_m1hgl_8\">con montaje en pared o suelo.<\/span><\/p>","protected":false},"featured_media":15566,"comment_status":"open","ping_status":"closed","template":"","meta":{"_acf_changed":false},"product_brand":[],"product_cat":[612,595],"product_tag":[2966,2977,2978,2979,2980,2893,2950,2956],"class_list":{"0":"post-14856","1":"product","2":"type-product","3":"status-publish","4":"has-post-thumbnail","6":"product_cat-kleingebinderuehrwerke","7":"product_cat-ruehrwerkstechnik","8":"product_tag-v4a-ruehrwelle-eco-cup","9":"product_tag-stativruehrwerk-30-liter","10":"product_tag-ruehrwerk-edelstahl-30l","11":"product_tag-edelstahl-ruehrsystem-30-liter","12":"product_tag-bedienpult-ruehrwerk","13":"product_tag-ruehrwerk-mit-hebevorrichtung","14":"product_tag-hygienisches-fassruehrwerk","15":"product_tag-pneumatischer-ruehrantrieb","16":"product_shipping_class-europalette-speditionsversand","17":"pa_antriebsart-pneumatisch","18":"pa_bedienkonzept-standardschalttafel","19":"pa_bedienkonzept-dguv-schalttafel","20":"pa_befestigung-mit-bodenbefestigung","21":"pa_befestigung-mit-wandbefestigung","22":"pa_behaeltervolumen-30-liter","23":"pa_deckeldurchmesser-380mm","24":"pa_dichtung-ptfe","25":"pa_drehmoment-4nm","26":"pa_drehzahl-0-300-1-min","27":"pa_durchmesser-ruehrwelle-16mm","28":"pa_geeignete-fassdurchmesser-30-liter","29":"pa_geraeuschpegel-75db","30":"pa_gesamtbreite-440mm","31":"pa_gesamthoehe-1335mm","32":"pa_labs-oel-und-silikonfrei","33":"pa_laenge-ruehrwelle-ca-360mm-ab-deckeloberkante","34":"pa_material-deckel-v4a-edelstahl-1-4404","35":"pa_mittlerer-luftverbrauch-25l-min","36":"pa_model-eco-station-30","37":"pa_ruehrorgan-becherruehrorgan-eco-cup-170mm","38":"pa_ruehrorgan-schraegblattmischer-175mm","39":"pa_schnellwechselsystem-mit-gewindeverbindung","40":"pa_schnellwechselsystem-mit-schnellwechselsystem","41":"pa_stativverfahrweg-500mm","42":"pa_typ-stativruehrwerk","43":"pa_versorgung-5-6bar","45":"first","46":"instock","47":"taxable","48":"shipping-taxable","49":"purchasable","50":"product-type-variable"},"bundled_by":[],"bundle_stock_status":"instock","bundle_stock_quantity":null,"bundle_virtual":false,"bundle_layout":"","bundle_add_to_cart_form_location":"","bundle_editable_in_cart":false,"bundle_sold_individually_context":"","bundle_item_grouping":"","bundle_min_size":"","bundle_max_size":"","bundle_price":[],"bundled_items":[],"bundle_sell_ids":[],"exclude_global_add_ons":[],"addons":[],"acf":[],"_links":{"self":[{"href":"https:\/\/ptm-mechatronics.com\/es\/wp-json\/wp\/v2\/product\/14856","targetHints":{"allow":["GET"]}}],"collection":[{"href":"https:\/\/ptm-mechatronics.com\/es\/wp-json\/wp\/v2\/product"}],"about":[{"href":"https:\/\/ptm-mechatronics.com\/es\/wp-json\/wp\/v2\/types\/product"}],"replies":[{"embeddable":true,"href":"https:\/\/ptm-mechatronics.com\/es\/wp-json\/wp\/v2\/comments?post=14856"}],"wp:featuredmedia":[{"embeddable":true,"href":"https:\/\/ptm-mechatronics.com\/es\/wp-json\/wp\/v2\/media\/15566"}],"wp:attachment":[{"href":"https:\/\/ptm-mechatronics.com\/es\/wp-json\/wp\/v2\/media?parent=14856"}],"wp:term":[{"taxonomy":"product_brand","embeddable":true,"href":"https:\/\/ptm-mechatronics.com\/es\/wp-json\/wp\/v2\/product_brand?post=14856"},{"taxonomy":"product_cat","embeddable":true,"href":"https:\/\/ptm-mechatronics.com\/es\/wp-json\/wp\/v2\/product_cat?post=14856"},{"taxonomy":"product_tag","embeddable":true,"href":"https:\/\/ptm-mechatronics.com\/es\/wp-json\/wp\/v2\/product_tag?post=14856"}],"curies":[{"name":"wp","href":"https:\/\/api.w.org\/{rel}","templated":true}]}}