{"id":14421,"date":"2025-07-25T09:20:21","date_gmt":"2025-07-25T07:20:21","guid":{"rendered":"https:\/\/ptm-mechatronics.com\/?post_type=product&#038;p=14421"},"modified":"2025-11-07T15:56:02","modified_gmt":"2025-11-07T14:56:02","slug":"ruehrwerk-mit-traverse-fuer-ibc-container-atex","status":"publish","type":"product","link":"https:\/\/ptm-mechatronics.com\/es\/product\/ruehrwerk-mit-traverse-fuer-ibc-container-atex\/","title":{"rendered":"Agitador neum\u00e1tico con travesa\u00f1o para GRG y contenedores - ATEX"},"content":{"rendered":"<h1 data-start=\"194\" data-end=\"290\"><span style=\"font-size: 75%;\">Agitador neum\u00e1tico IBC con travesa\u00f1o de acero inoxidable - Seguro ATEX, flexible, f\u00e1cil de instalar<\/span><\/h1>\n<p data-start=\"292\" data-end=\"535\">Nuestros potentes agitadores neum\u00e1ticos para IBC y contenedores est\u00e1n especialmente dise\u00f1ados para un uso industrial continuo y ofrecen la m\u00e1xima seguridad y eficacia, incluso en \u00e1reas peligrosas ATEX Zona 1.<\/p>\n<p data-start=\"537\" data-end=\"871\">El robusto travesa\u00f1o de acero inoxidable V4A 1.4404 de alta calidad puede fijarse r\u00e1pida y f\u00e1cilmente a su recipiente. El agitador se fija de forma segura en cuesti\u00f3n de segundos mediante dos pr\u00e1cticas abrazaderas de cierre r\u00e1pido. Gracias al rango de ajuste variable, el sistema es adecuado para contenedores IBC con un volumen de 600 a 1200 litros.<\/p>\n<p data-start=\"873\" data-end=\"1102\">El agitador se suministra listo para su uso con un eje agitador personalizado y el agitador de vaso articulado eco-Cup de eficacia probada -ambos fabricados en acero inoxidable V4A- para obtener resultados homog\u00e9neos con medios de viscosidad baja a alta.<\/p>\n<h3 data-start=\"1337\" data-end=\"1549\"><span class=\"_fadeIn_m1hgl_8\">Tus opciones:<\/span><\/h3>\n<p>Sistema de cambio r\u00e1pido del eje agitador:<br \/>\nNuestra <a href=\"https:\/\/youtu.be\/TjagGW4DoyA?feature=shared\" target=\"_blank\" rel=\"noopener\">Sistema de cambio r\u00e1pido eco-Quick<\/a> le ofrece un cambio r\u00e1pido y limpio del eje agitador en cuesti\u00f3n de segundos y sin herramientas adicionales.<\/p>\n<p data-start=\"1337\" data-end=\"1549\">Concepto operativo:<br \/>\nEl agitador est\u00e1 disponible opcionalmente con un conjunto neum\u00e1tico (v\u00e1lvula de cierre, regulador de filtro y man\u00f3metro) o panel de control DGUV. El sitio <a href=\"https:\/\/ptm-mechatronics.com\/es\/product\/dguv-schalttafel\/\" target=\"_blank\" rel=\"noopener\">Panel de control DGUV<\/a> ofrece seguridad laboral seg\u00fan UVV con <a href=\"https:\/\/ptm-mechatronics.com\/es\/grundlagen-guide\/not-aus\/\" target=\"_blank\" rel=\"noopener\">Parada de emergencia<\/a> con rearranque controlado, vigilancia de dos contenedores y una disposici\u00f3n clara y segura de los elementos de mando.<\/p>\n<p data-start=\"873\" data-end=\"1102\">Nota: Los contenedores IBC no est\u00e1n normalizados. Compruebe previamente las dimensiones de su contenedor. Estaremos encantados de asesorarle personalmente.<\/p>\n<p data-start=\"1237\" data-end=\"1269\">Volumen de suministro sin contenedor.<\/p>","protected":false},"excerpt":{"rendered":"<p>Agitador neum\u00e1tico IBC con travesa\u00f1o de acero inoxidable para ATEX Zona 1, se puede montar de forma flexible en contenedores de 600-1200 litros y est\u00e1 listo para su uso inmediato con eje agitador y agitador eco-Cup.<\/p>","protected":false},"featured_media":15557,"comment_status":"open","ping_status":"closed","template":"","meta":{"_acf_changed":false},"product_brand":[],"product_cat":[595,614],"product_tag":[2517,2707,2814,2892,2896,3155,3156,3157,3158,3159],"class_list":{"0":"post-14421","1":"product","2":"type-product","3":"status-publish","4":"has-post-thumbnail","6":"product_cat-ruehrwerkstechnik","7":"product_cat-containerruehrwerke","8":"product_tag-edelstahl-ruehrwerk","9":"product_tag-ruehrtechnik-industrie","10":"product_tag-atex-ruehrwerk","11":"product_tag-pneumatisches-ruehrwerk","12":"product_tag-ibc-ruehrwerk-atex","13":"product_tag-ibc-ruehrwerk","14":"product_tag-ruehrwerk-container","15":"product_tag-zone-1-ruehrwerk","16":"product_tag-v4a-traverse","17":"product_tag-eco-cup-ruehrorgan","18":"product_shipping_class-karton-paketversand","19":"pa_antriebsart-pneumatisch","20":"pa_atex-zone-122122","21":"pa_bedien-anschlusskonzept-ohne","22":"pa_bedien-anschlusskonzept-pneumatikset","23":"pa_bedien-anschlusskonzept-dguv-schalttafel","24":"pa_behaeltervolumen-ibc","25":"pa_dichtung-ptfe","26":"pa_drehmoment-32nm","27":"pa_drehzahl-0-300-1-min","28":"pa_durchmesser-ruehrwelle-25mm","29":"pa_ex-gas-ex-ii-2-g-ex-h-iic-t5-gb-x","30":"pa_ex-staub-ex-ii-2-d-ex-h-iiic-t100c-db-x","31":"pa_geeignete-ibc-groessen-600-1200-liter","32":"pa_geraeuschpegel-75db","33":"pa_labs-oel-und-silikonfrei","34":"pa_laenge-ruehrwelle-ca-795mm-ab-deckeloberkante","35":"pa_material-gehaeuse-aluminium-eloxiert","36":"pa_material-traverse-v4a-edelstahl-1-4404","37":"pa_mittlerer-luftverbrauch-200l-min","38":"pa_ruehrorgan-becherruehrorgan-eco-cup-500mm","39":"pa_schnellwechselsystem-mit-schnellwechselsystem","40":"pa_schnellwechselsystem-mit-gewindeverbindung","41":"pa_schutzart-ip67","42":"pa_steckverschraubung-abluft-schlauch-o12mm","43":"pa_steckverschraubung-zuluft-schlauch-o8mm","44":"pa_typ-traversenruehrwerk","45":"pa_versorgung-5-6bar","47":"first","48":"instock","49":"taxable","50":"shipping-taxable","51":"purchasable","52":"product-type-variable"},"bundled_by":[],"bundle_stock_status":"instock","bundle_stock_quantity":null,"bundle_virtual":false,"bundle_layout":"","bundle_add_to_cart_form_location":"","bundle_editable_in_cart":false,"bundle_sold_individually_context":"","bundle_item_grouping":"","bundle_min_size":"","bundle_max_size":"","bundle_price":[],"bundled_items":[],"bundle_sell_ids":[],"exclude_global_add_ons":[],"addons":[],"acf":[],"_links":{"self":[{"href":"https:\/\/ptm-mechatronics.com\/es\/wp-json\/wp\/v2\/product\/14421","targetHints":{"allow":["GET"]}}],"collection":[{"href":"https:\/\/ptm-mechatronics.com\/es\/wp-json\/wp\/v2\/product"}],"about":[{"href":"https:\/\/ptm-mechatronics.com\/es\/wp-json\/wp\/v2\/types\/product"}],"replies":[{"embeddable":true,"href":"https:\/\/ptm-mechatronics.com\/es\/wp-json\/wp\/v2\/comments?post=14421"}],"wp:featuredmedia":[{"embeddable":true,"href":"https:\/\/ptm-mechatronics.com\/es\/wp-json\/wp\/v2\/media\/15557"}],"wp:attachment":[{"href":"https:\/\/ptm-mechatronics.com\/es\/wp-json\/wp\/v2\/media?parent=14421"}],"wp:term":[{"taxonomy":"product_brand","embeddable":true,"href":"https:\/\/ptm-mechatronics.com\/es\/wp-json\/wp\/v2\/product_brand?post=14421"},{"taxonomy":"product_cat","embeddable":true,"href":"https:\/\/ptm-mechatronics.com\/es\/wp-json\/wp\/v2\/product_cat?post=14421"},{"taxonomy":"product_tag","embeddable":true,"href":"https:\/\/ptm-mechatronics.com\/es\/wp-json\/wp\/v2\/product_tag?post=14421"}],"curies":[{"name":"wp","href":"https:\/\/api.w.org\/{rel}","templated":true}]}}