{"id":14412,"date":"2025-07-25T09:05:44","date_gmt":"2025-07-25T07:05:44","guid":{"rendered":"https:\/\/ptm-mechatronics.com\/?post_type=product&#038;p=14412"},"modified":"2026-03-09T10:20:05","modified_gmt":"2026-03-09T09:20:05","slug":"stativruehrwerk-fuer-ibc-container","status":"publish","type":"product","link":"https:\/\/ptm-mechatronics.com\/es\/product\/stativruehrwerk-fuer-ibc-container\/","title":{"rendered":"Mezcladora neum\u00e1tica de pie para IBC y contenedores"},"content":{"rendered":"<h1 data-start=\"188\" data-end=\"272\"><span style=\"font-size: 90%;\"><span class=\"_fadeIn_m1hgl_8\">Agitador de pie <\/span><span class=\"_fadeIn_m1hgl_8\">para <\/span><span class=\"_fadeIn_m1hgl_8\">IBCs <\/span><span class=\"_fadeIn_m1hgl_8\">y <\/span><span class=\"_fadeIn_m1hgl_8\">Contenedor - <\/span><span class=\"_fadeIn_m1hgl_8\">potente, <\/span><span class=\"_fadeIn_m1hgl_8\">seguro <\/span><span class=\"_fadeIn_m1hgl_8\">y <\/span><span class=\"_fadeIn_m1hgl_8\">Ergon\u00f3mico <\/span><span class=\"_fadeIn_m1hgl_8\">revuelva<\/span><\/span><\/h1>\n<p data-start=\"274\" data-end=\"737\"><span class=\"_fadeIn_m1hgl_8\">Nuestra <\/span><span class=\"_fadeIn_m1hgl_8\">Agitador de pie <\/span><span class=\"_fadeIn_m1hgl_8\">para <\/span><span class=\"_fadeIn_m1hgl_8\">IBCs <\/span><span class=\"_fadeIn_m1hgl_8\">y <\/span><span class=\"_fadeIn_m1hgl_8\">Contenedor<\/span> <span class=\"_fadeIn_m1hgl_8\">fue <\/span><span class=\"_fadeIn_m1hgl_8\">especialmente <\/span><span class=\"_fadeIn_m1hgl_8\">para <\/span><span class=\"_fadeIn_m1hgl_8\">el <\/span><span class=\"_fadeIn_m1hgl_8\">potente <\/span><span class=\"_fadeIn_m1hgl_8\">y <\/span><span class=\"_fadeIn_m1hgl_8\">proceso fiable <\/span><span class=\"_fadeIn_m1hgl_8\">Revuelva <\/span><span class=\"_fadeIn_m1hgl_8\">de <\/span><span class=\"_fadeIn_m1hgl_8\">bajo <\/span><span class=\"_fadeIn_m1hgl_8\">hasta <\/span><span class=\"_fadeIn_m1hgl_8\">muy viscoso <\/span><span class=\"_fadeIn_m1hgl_8\">Medios de comunicaci\u00f3n<\/span> <span class=\"_fadeIn_m1hgl_8\">desarrollado. <\/span><span class=\"_fadeIn_m1hgl_8\">Equipado <\/span><span class=\"_fadeIn_m1hgl_8\">con <\/span><span class=\"_fadeIn_m1hgl_8\">un <\/span><span class=\"_fadeIn_m1hgl_8\">potente, <\/span><span class=\"_fadeIn_m1hgl_8\">neum\u00e1tico <\/span><span class=\"_fadeIn_m1hgl_8\">Conducir<\/span><span class=\"_fadeIn_m1hgl_8\">, <\/span><span class=\"_fadeIn_m1hgl_8\">un <\/span><span class=\"_fadeIn_m1hgl_8\">robusto <\/span><span class=\"_fadeIn_m1hgl_8\">Sistema de cubierta<\/span> <span class=\"_fadeIn_m1hgl_8\">y <\/span><span class=\"_fadeIn_m1hgl_8\">un <\/span><span class=\"_fadeIn_m1hgl_8\">estable <\/span><span class=\"_fadeIn_m1hgl_8\">Tr\u00edpode <\/span><span class=\"_fadeIn_m1hgl_8\">con <\/span><span class=\"_fadeIn_m1hgl_8\">m\u00e1s autom\u00e1tico <\/span><span class=\"_fadeIn_m1hgl_8\">Dispositivo de elevaci\u00f3n<\/span><span class=\"_fadeIn_m1hgl_8\">, <\/span><span class=\"_fadeIn_m1hgl_8\">es <\/span><span class=\"_fadeIn_m1hgl_8\">este <\/span><span class=\"_fadeIn_m1hgl_8\">Agitador <\/span><span class=\"_fadeIn_m1hgl_8\">ideal <\/span><span class=\"_fadeIn_m1hgl_8\">para <\/span><span class=\"_fadeIn_m1hgl_8\">el <\/span><span class=\"_fadeIn_m1hgl_8\">industrial <\/span><span class=\"_fadeIn_m1hgl_8\">Funcionamiento continuo <\/span><span class=\"_fadeIn_m1hgl_8\">en <\/span><span class=\"_fadeIn_m1hgl_8\">el <\/span><span class=\"_fadeIn_m1hgl_8\">Qu\u00edmica, <\/span><span class=\"_fadeIn_m1hgl_8\">Comida, <\/span><span class=\"_fadeIn_m1hgl_8\">Farmac\u00e9utica <\/span><span class=\"_fadeIn_m1hgl_8\">y <\/span><span class=\"_fadeIn_m1hgl_8\">Industria cosm\u00e9tica<\/span> <span class=\"_fadeIn_m1hgl_8\">adecuado.<\/span><\/p>\n<p data-start=\"739\" data-end=\"1149\"><span class=\"_fadeIn_m1hgl_8\">En <\/span><span class=\"_fadeIn_m1hgl_8\">integrado <\/span><span class=\"_fadeIn_m1hgl_8\">Eje agitador<\/span> <span class=\"_fadeIn_m1hgl_8\">y <\/span><span class=\"_fadeIn_m1hgl_8\">el <\/span><span class=\"_fadeIn_m1hgl_8\">probado <\/span><span class=\"_fadeIn_m1hgl_8\">Plegable<\/span><span class=\"_fadeIn_m1hgl_8\">Agitador de vaso <\/span><span class=\"_fadeIn_m1hgl_8\">eco-<\/span><span class=\"_fadeIn_m1hgl_8\">Taza<\/span><span class=\"_fadeIn_m1hgl_8\"> \u2013 <\/span><span class=\"_fadeIn_m1hgl_8\">ambos <\/span><span class=\"_fadeIn_m1hgl_8\">fabricado <\/span><span class=\"_fadeIn_m1hgl_8\">de <\/span><span class=\"_fadeIn_m1hgl_8\">alta calidad <\/span><span class=\"_fadeIn_m1hgl_8\">V4A <\/span><span class=\"_fadeIn_m1hgl_8\">Acero inoxidable (<\/span><span class=\"_fadeIn_m1hgl_8\">1.4404)<\/span><span class=\"_fadeIn_m1hgl_8\"> \u2013 <\/span><span class=\"_fadeIn_m1hgl_8\">garant\u00eda <\/span><span class=\"_fadeIn_m1hgl_8\">un <\/span><span class=\"_fadeIn_m1hgl_8\">eficiente <\/span><span class=\"_fadeIn_m1hgl_8\">Mezcla<\/span> <span class=\"_fadeIn_m1hgl_8\">de <\/span><span class=\"_fadeIn_m1hgl_8\">L\u00edquidos <\/span><span class=\"_fadeIn_m1hgl_8\">y <\/span><span class=\"_fadeIn_m1hgl_8\">viscoso <\/span><span class=\"_fadeIn_m1hgl_8\">Sustancias <\/span><span class=\"_fadeIn_m1hgl_8\">directo <\/span><span class=\"_fadeIn_m1hgl_8\">en el <\/span><span class=\"_fadeIn_m1hgl_8\">IBC <\/span><span class=\"_fadeIn_m1hgl_8\">o <\/span><span class=\"_fadeIn_m1hgl_8\">Contenedor. <\/span><span class=\"_fadeIn_m1hgl_8\">En <\/span><span class=\"_fadeIn_m1hgl_8\">Componentes <\/span><span class=\"_fadeIn_m1hgl_8\">son <\/span><span class=\"_fadeIn_m1hgl_8\">\u00f3ptimo <\/span><span class=\"_fadeIn_m1hgl_8\">entre s\u00ed <\/span><span class=\"_fadeIn_m1hgl_8\">armonizado <\/span><span class=\"_fadeIn_m1hgl_8\">y <\/span><span class=\"_fadeIn_m1hgl_8\">proporcionar <\/span><span class=\"_fadeIn_m1hgl_8\">para <\/span><span class=\"_fadeIn_m1hgl_8\">a <\/span><span class=\"_fadeIn_m1hgl_8\">incluso, <\/span><span class=\"_fadeIn_m1hgl_8\">homog\u00e9neo <\/span><span class=\"_fadeIn_m1hgl_8\">Resultado agitado - <\/span><span class=\"_fadeIn_m1hgl_8\">tambi\u00e9n <\/span><span class=\"_fadeIn_m1hgl_8\">con <\/span><span class=\"_fadeIn_m1hgl_8\">exigente <\/span><span class=\"_fadeIn_m1hgl_8\">Medios de comunicaci\u00f3n.<\/span><\/p>\n<p data-start=\"1151\" data-end=\"1431\"><span class=\"_fadeIn_m1hgl_8\">En <\/span><span class=\"_fadeIn_m1hgl_8\">autom\u00e1tico <\/span><span class=\"_fadeIn_m1hgl_8\">Dispositivo de elevaci\u00f3n<\/span> <span class=\"_fadeIn_m1hgl_8\">permite <\/span><span class=\"_fadeIn_m1hgl_8\">un <\/span><span class=\"_fadeIn_m1hgl_8\">m\u00e1s c\u00f3modo <\/span><span class=\"_fadeIn_m1hgl_8\">y <\/span><span class=\"_fadeIn_m1hgl_8\">ergon\u00f3mico <\/span><span class=\"_fadeIn_m1hgl_8\">Cambio de contenedor<\/span><span class=\"_fadeIn_m1hgl_8\">, <\/span><span class=\"_fadeIn_m1hgl_8\">reducido <\/span><span class=\"_fadeIn_m1hgl_8\">f\u00edsico <\/span><span class=\"_fadeIn_m1hgl_8\">Carga <\/span><span class=\"_fadeIn_m1hgl_8\">y <\/span><span class=\"_fadeIn_m1hgl_8\">mayor <\/span><span class=\"_fadeIn_m1hgl_8\">el <\/span><span class=\"_fadeIn_m1hgl_8\">Seguridad en el trabajo. <\/span><span class=\"_fadeIn_m1hgl_8\">Acerca de <\/span><span class=\"_fadeIn_m1hgl_8\">a <\/span><span class=\"_fadeIn_m1hgl_8\">intuitivo <\/span><span class=\"_fadeIn_m1hgl_8\">operable <\/span><span class=\"_fadeIn_m1hgl_8\">Panel de control <\/span><span class=\"_fadeIn_m1hgl_8\">en <\/span><span class=\"_fadeIn_m1hgl_8\">Tr\u00edpode<\/span> <span class=\"_fadeIn_m1hgl_8\">deja <\/span><span class=\"_fadeIn_m1hgl_8\">s\u00ed mismo <\/span><span class=\"_fadeIn_m1hgl_8\">el <\/span><span class=\"_fadeIn_m1hgl_8\">todo <\/span><span class=\"_fadeIn_m1hgl_8\">Proceso de agitaci\u00f3n <\/span><span class=\"_fadeIn_m1hgl_8\">eficiente <\/span><span class=\"_fadeIn_m1hgl_8\">control.<\/span><\/p>\n<p data-start=\"1433\" data-end=\"1758\"><span class=\"_fadeIn_m1hgl_8\">Para <\/span><span class=\"_fadeIn_m1hgl_8\">adicional <\/span><span class=\"_fadeIn_m1hgl_8\">Seguridad <\/span><span class=\"_fadeIn_m1hgl_8\">proporciona <\/span><span class=\"_fadeIn_m1hgl_8\">el <\/span><span class=\"_fadeIn_m1hgl_8\">integrado <\/span><span class=\"_fadeIn_m1hgl_8\">autom\u00e1tico <\/span><span class=\"_fadeIn_m1hgl_8\">Desconexi\u00f3n del agitador <\/span><span class=\"_fadeIn_m1hgl_8\">en el <\/span><span class=\"_fadeIn_m1hgl_8\">Elevaci\u00f3n <\/span><span class=\"_fadeIn_m1hgl_8\">de la <\/span><span class=\"_fadeIn_m1hgl_8\">Tapas<\/span><span class=\"_fadeIn_m1hgl_8\">, <\/span><span class=\"_fadeIn_m1hgl_8\">en <\/span><span class=\"_fadeIn_m1hgl_8\">el <\/span><span class=\"_fadeIn_m1hgl_8\">Alcance <\/span><span class=\"_fadeIn_m1hgl_8\">en <\/span><span class=\"_fadeIn_m1hgl_8\">m\u00f3vil <\/span><span class=\"_fadeIn_m1hgl_8\">Piezas <\/span><span class=\"_fadeIn_m1hgl_8\">a <\/span><span class=\"_fadeIn_m1hgl_8\">prevenir. <\/span><span class=\"_fadeIn_m1hgl_8\">En el <\/span><span class=\"_fadeIn_m1hgl_8\">Bajar <\/span><span class=\"_fadeIn_m1hgl_8\">reconoce <\/span><span class=\"_fadeIn_m1hgl_8\">el <\/span><span class=\"_fadeIn_m1hgl_8\">Sistema <\/span><span class=\"_fadeIn_m1hgl_8\">el <\/span><span class=\"_fadeIn_m1hgl_8\">Contenedor <\/span><span class=\"_fadeIn_m1hgl_8\">autom\u00e1ticamente <\/span><span class=\"_fadeIn_m1hgl_8\">y <\/span><span class=\"_fadeIn_m1hgl_8\">comienza <\/span><span class=\"_fadeIn_m1hgl_8\">el <\/span><span class=\"_fadeIn_m1hgl_8\">Proceso de agitaci\u00f3n <\/span><span class=\"_fadeIn_m1hgl_8\">independiente - <\/span><span class=\"_fadeIn_m1hgl_8\">para <\/span><span class=\"_fadeIn_m1hgl_8\">un <\/span><span class=\"_fadeIn_m1hgl_8\">sin fricci\u00f3n, <\/span><span class=\"_fadeIn_m1hgl_8\">controlado <\/span><span class=\"_fadeIn_m1hgl_8\">Flujo del proceso.<\/span><\/p>\n<h3 data-start=\"1337\" data-end=\"1549\"><span class=\"_fadeIn_m1hgl_8\">Tus opciones:<\/span><\/h3>\n<p>Sistema de cambio r\u00e1pido del eje agitador:<br \/>\nNuestra <a href=\"https:\/\/youtu.be\/TjagGW4DoyA?feature=shared\" target=\"_blank\" rel=\"noopener\">Sistema de cambio r\u00e1pido eco-Quick<\/a> le ofrece un cambio r\u00e1pido y limpio del eje agitador en cuesti\u00f3n de segundos y sin herramientas adicionales.<\/p>\n<p>Concepto operativo:<br \/>\nLa amasadora est\u00e1 disponible opcionalmente con un panel de control est\u00e1ndar con empu\u00f1adura de hombre muerto o <a href=\"https:\/\/ptm-mechatronics.com\/es\/product\/dguv-schalttafel\/\" target=\"_blank\" rel=\"noopener\">Panel de control DGUV<\/a> con <a href=\"https:\/\/ptm-mechatronics.com\/es\/grundlagen-guide\/not-aus\/\" target=\"_blank\" rel=\"noopener\">Parada de emergencia<\/a> y <a href=\"https:\/\/ptm-mechatronics.com\/es\/grundlagen-guide\/zweihandbedienung\/\" target=\"_blank\" rel=\"noopener\">Manejo con dos manos<\/a>.<\/p>\n<p data-start=\"1760\" data-end=\"1791\"><span class=\"_fadeIn_m1hgl_8\">Ventajas <\/span><span class=\"_fadeIn_m1hgl_8\">en <\/span><span class=\"_fadeIn_m1hgl_8\">un <\/span><span class=\"_fadeIn_m1hgl_8\">Ver:<\/span><\/p>\n<ul>\n<li data-start=\"1794\" data-end=\"1835\"><span class=\"_fadeIn_m1hgl_8\">M\u00e1s potente, <\/span><span class=\"_fadeIn_m1hgl_8\">neum\u00e1tico <\/span><span class=\"_fadeIn_m1hgl_8\">Conducir<\/span><\/li>\n<li data-start=\"1794\" data-end=\"1835\"><span class=\"_fadeIn_m1hgl_8\">M\u00e1s robusto <\/span><span class=\"_fadeIn_m1hgl_8\">Acero inoxidable (<\/span><span class=\"_fadeIn_m1hgl_8\">V4A \/ <\/span><span class=\"_fadeIn_m1hgl_8\">1.4404) <\/span><span class=\"_fadeIn_m1hgl_8\">para <\/span><span class=\"_fadeIn_m1hgl_8\">Eje agitador <\/span><span class=\"_fadeIn_m1hgl_8\">y <\/span><span class=\"_fadeIn_m1hgl_8\">Agitador<\/span><\/li>\n<li data-start=\"1794\" data-end=\"1835\"><span class=\"_fadeIn_m1hgl_8\">Plegable<\/span><span class=\"_fadeIn_m1hgl_8\">Agitador de vaso <\/span><span class=\"_fadeIn_m1hgl_8\">eco-<\/span><span class=\"_fadeIn_m1hgl_8\">Taza <\/span><span class=\"_fadeIn_m1hgl_8\">para <\/span><span class=\"_fadeIn_m1hgl_8\">eficiente <\/span><span class=\"_fadeIn_m1hgl_8\">Mezcla<\/span><\/li>\n<li data-start=\"1794\" data-end=\"1835\"><span class=\"_fadeIn_m1hgl_8\">Adecuado <\/span><span class=\"_fadeIn_m1hgl_8\">para <\/span><span class=\"_fadeIn_m1hgl_8\">bajo <\/span><span class=\"_fadeIn_m1hgl_8\">hasta <\/span><span class=\"_fadeIn_m1hgl_8\">alta viscosidad <\/span><span class=\"_fadeIn_m1hgl_8\">Medios de comunicaci\u00f3n<\/span><\/li>\n<li data-start=\"1794\" data-end=\"1835\"><span class=\"_fadeIn_m1hgl_8\">Autom\u00e1tico <\/span><span class=\"_fadeIn_m1hgl_8\">Dispositivo de elevaci\u00f3n <\/span><span class=\"_fadeIn_m1hgl_8\">para <\/span><span class=\"_fadeIn_m1hgl_8\">ergon\u00f3mico <\/span><span class=\"_fadeIn_m1hgl_8\">Trabajar en<\/span><\/li>\n<li data-start=\"1794\" data-end=\"1835\"><span class=\"_fadeIn_m1hgl_8\">Integrado <\/span><span class=\"_fadeIn_m1hgl_8\">Desconexi\u00f3n de seguridad <\/span><span class=\"_fadeIn_m1hgl_8\">en el <\/span><span class=\"_fadeIn_m1hgl_8\">Elevaci\u00f3n de la tapa<\/span><\/li>\n<li data-start=\"1794\" data-end=\"1835\"><span class=\"_fadeIn_m1hgl_8\">Autom\u00e1tico <\/span><span class=\"_fadeIn_m1hgl_8\">Inicio <\/span><span class=\"_fadeIn_m1hgl_8\">a trav\u00e9s de <\/span><span class=\"_fadeIn_m1hgl_8\">Detecci\u00f3n de contenedores<\/span><\/li>\n<li data-start=\"1794\" data-end=\"1835\"><span class=\"_fadeIn_m1hgl_8\">Pr\u00e1ctico <\/span><span class=\"_fadeIn_m1hgl_8\">Panel de control <\/span><span class=\"_fadeIn_m1hgl_8\">para <\/span><span class=\"_fadeIn_m1hgl_8\">simple <\/span><span class=\"_fadeIn_m1hgl_8\">Sistema de control<\/span><\/li>\n<li data-start=\"1794\" data-end=\"1835\"><span class=\"_fadeIn_m1hgl_8\">Ideal <\/span><span class=\"_fadeIn_m1hgl_8\">para <\/span><span class=\"_fadeIn_m1hgl_8\">IBCs <\/span><span class=\"_fadeIn_m1hgl_8\">y <\/span><span class=\"_fadeIn_m1hgl_8\">Contenedor<\/span><\/li>\n<\/ul>\n<p data-start=\"1794\" data-end=\"1835\">Volumen de suministro sin contenedor, sin transpaleta<\/p>","protected":false},"excerpt":{"rendered":"<p><span class=\"_fadeIn_m1hgl_8\">Agitador de pie <\/span><span class=\"_fadeIn_m1hgl_8\">para <\/span><span class=\"_fadeIn_m1hgl_8\">IBCs <\/span><span class=\"_fadeIn_m1hgl_8\">y <\/span><span class=\"_fadeIn_m1hgl_8\">Contenedor <\/span><span class=\"_fadeIn_m1hgl_8\">con <\/span><span class=\"_fadeIn_m1hgl_8\">neum\u00e1tico <\/span><span class=\"_fadeIn_m1hgl_8\">Conduce, <\/span><span class=\"_fadeIn_m1hgl_8\">m\u00e1s autom\u00e1tico <\/span><span class=\"_fadeIn_m1hgl_8\">Dispositivo de elevaci\u00f3n, <\/span><span class=\"_fadeIn_m1hgl_8\">Desconexi\u00f3n de seguridad <\/span><span class=\"_fadeIn_m1hgl_8\">y <\/span><span class=\"_fadeIn_m1hgl_8\">V4A-<\/span><span class=\"_fadeIn_m1hgl_8\">Acero inoxidable<\/span><span class=\"_fadeIn_m1hgl_8\">Componentes, <\/span><span class=\"_fadeIn_m1hgl_8\">\u00f3ptimo <\/span><span class=\"_fadeIn_m1hgl_8\">en <\/span><span class=\"_fadeIn_m1hgl_8\">el <\/span><span class=\"_fadeIn_m1hgl_8\">eficiente <\/span><span class=\"_fadeIn_m1hgl_8\">y <\/span><span class=\"_fadeIn_m1hgl_8\">seguro <\/span><span class=\"_fadeIn_m1hgl_8\">Revuelva <\/span><span class=\"_fadeIn_m1hgl_8\">de <\/span><span class=\"_fadeIn_m1hgl_8\">bajo <\/span><span class=\"_fadeIn_m1hgl_8\">hasta <\/span><span class=\"_fadeIn_m1hgl_8\">muy viscoso <\/span><span class=\"_fadeIn_m1hgl_8\">Medios de comunicaci\u00f3n <\/span><span class=\"_fadeIn_m1hgl_8\">coordinado.<\/span><\/p>","protected":false},"featured_media":15556,"comment_status":"open","ping_status":"closed","template":"","meta":{"_acf_changed":false},"product_brand":[],"product_cat":[595,614],"product_tag":[2894,2895,2897,2898,3155,2637,2890,2891,2892,2893],"class_list":{"0":"post-14412","1":"product","2":"type-product","3":"status-publish","4":"has-post-thumbnail","6":"product_cat-ruehrwerkstechnik","7":"product_cat-containerruehrwerke","8":"product_tag-edelstahl-ruehrwerk-v4a","9":"product_tag-ruehrwerk-mit-sicherheitsabschaltung","10":"product_tag-automatisches-stativruehrwerk","11":"product_tag-ruehrwerk-mit-bedienpult","12":"product_tag-ibc-ruehrwerk","13":"product_tag-ruehrwerk-fuer-hochviskose-medien","14":"product_tag-stativruehrwerk-ibc","15":"product_tag-container-ruehrwerk","16":"product_tag-pneumatisches-ruehrwerk","17":"product_tag-ruehrwerk-mit-hebevorrichtung","18":"product_shipping_class-sonderpalette-speditionsversand","19":"pa_antriebsart-pneumatisch","20":"pa_bedienkonzept-standardschalttafel","21":"pa_bedienkonzept-dguv-schalttafel","22":"pa_behaeltervolumen-ibc","23":"pa_deckeldurchmesser-fuer-ibc-oeffnungen-dn150-und-dn225-geeignet","24":"pa_dichtung-ptfe","25":"pa_drehmoment-32nm","26":"pa_drehzahl-0-300-1-min","27":"pa_durchmesser-ruehrwelle-25mm","28":"pa_geeignete-container-600-1200-liter-ibc","29":"pa_geraeuschpegel-75db","30":"pa_gesamtbreite-1290mm","31":"pa_gesamthoehe-2825mm","32":"pa_labs-oel-und-silikonfrei","33":"pa_laenge-ruehrwelle-ca-739mm-ab-deckeloberkante","34":"pa_material-deckel-v4a-edelstahl-1-4404","35":"pa_mittlerer-luftverbrauch-200l-min","36":"pa_model-eco-station-ibc","37":"pa_ruehrorgan-becherruehrorgan-eco-cup-500mm","38":"pa_schnellwechselsystem-mit-gewindeverbindung","39":"pa_schnellwechselsystem-mit-schnellwechselsystem","40":"pa_stativverfahrweg-1200mm","41":"pa_typ-stativruehrwerk","42":"pa_versorgung-5-6bar","44":"first","45":"instock","46":"taxable","47":"shipping-taxable","48":"purchasable","49":"product-type-variable"},"bundled_by":[],"bundle_stock_status":"instock","bundle_stock_quantity":null,"bundle_virtual":false,"bundle_layout":"","bundle_add_to_cart_form_location":"","bundle_editable_in_cart":false,"bundle_sold_individually_context":"","bundle_item_grouping":"","bundle_min_size":"","bundle_max_size":"","bundle_price":[],"bundled_items":[],"bundle_sell_ids":[],"exclude_global_add_ons":[],"addons":[],"acf":[],"_links":{"self":[{"href":"https:\/\/ptm-mechatronics.com\/es\/wp-json\/wp\/v2\/product\/14412","targetHints":{"allow":["GET"]}}],"collection":[{"href":"https:\/\/ptm-mechatronics.com\/es\/wp-json\/wp\/v2\/product"}],"about":[{"href":"https:\/\/ptm-mechatronics.com\/es\/wp-json\/wp\/v2\/types\/product"}],"replies":[{"embeddable":true,"href":"https:\/\/ptm-mechatronics.com\/es\/wp-json\/wp\/v2\/comments?post=14412"}],"wp:featuredmedia":[{"embeddable":true,"href":"https:\/\/ptm-mechatronics.com\/es\/wp-json\/wp\/v2\/media\/15556"}],"wp:attachment":[{"href":"https:\/\/ptm-mechatronics.com\/es\/wp-json\/wp\/v2\/media?parent=14412"}],"wp:term":[{"taxonomy":"product_brand","embeddable":true,"href":"https:\/\/ptm-mechatronics.com\/es\/wp-json\/wp\/v2\/product_brand?post=14412"},{"taxonomy":"product_cat","embeddable":true,"href":"https:\/\/ptm-mechatronics.com\/es\/wp-json\/wp\/v2\/product_cat?post=14412"},{"taxonomy":"product_tag","embeddable":true,"href":"https:\/\/ptm-mechatronics.com\/es\/wp-json\/wp\/v2\/product_tag?post=14412"}],"curies":[{"name":"wp","href":"https:\/\/api.w.org\/{rel}","templated":true}]}}