{"id":14070,"date":"2025-07-17T10:12:53","date_gmt":"2025-07-17T08:12:53","guid":{"rendered":"https:\/\/ptm-mechatronics.com\/?post_type=product&#038;p=14070"},"modified":"2025-11-07T15:55:17","modified_gmt":"2025-11-07T14:55:17","slug":"ruehrwelle-fuer-ibc-fuer-restmengenruehrorgan-mit-gewindenabe","status":"publish","type":"product","link":"https:\/\/ptm-mechatronics.com\/es\/product\/ruehrwelle-fuer-ibc-fuer-restmengenruehrorgan-mit-gewindenabe\/","title":{"rendered":"Eje agitador para IBC para agitador de cantidad residual con cubo roscado"},"content":{"rendered":"<h1 data-start=\"179\" data-end=\"263\"><span style=\"font-size: 75%;\">Eje agitador con resalte para agitadores de cantidad residual - preciso, higi\u00e9nico, eficaz<\/span><\/h1>\n<p data-start=\"265\" data-end=\"475\">Nuestros ejes agitadores de acero inoxidable V4A 1.4404 de alta calidad son extremadamente resistentes a la corrosi\u00f3n, higi\u00e9nicos y robustos, ideales para aplicaciones exigentes en las industrias alimentaria, cosm\u00e9tica y qu\u00edmica.<\/p>\n<p data-start=\"477\" data-end=\"803\">Esta versi\u00f3n especial se ha desarrollado espec\u00edficamente para su uso con agitadores de cantidad residual. Dispone de una longitud adicional con un resalte de \u230020 mm para un posicionamiento \u00f3ptimo del agitador de cantidad residual adicional en el recipiente. El cubo roscado patentado permite un montaje seguro y sencillo en todos los accionamientos PTM.<\/p>\n<p data-start=\"805\" data-end=\"967\">Tenga en cuenta el di\u00e1metro de eje adecuado para su accionamiento al realizar su selecci\u00f3n. Si tiene alguna duda, nuestro equipo de atenci\u00f3n al cliente de PTM estar\u00e1 encantado de asesorarle.<\/p>","protected":false},"excerpt":{"rendered":"<p>Ejes agitadores de acero inoxidable V4A 1.4404 con resalte y cubo roscado para agitadores adicionales de cantidad residual, permite un posicionamiento \u00f3ptimo en el recipiente cuando el nivel de llenado es bajo.<\/p>","protected":false},"featured_media":15364,"comment_status":"closed","ping_status":"closed","template":"","meta":{"_acf_changed":false},"product_brand":[],"product_cat":[595,651],"product_tag":[3135,3136,3137,3138,3139,3140,3141,3142,3120,3123],"class_list":{"0":"post-14070","1":"product","2":"type-product","3":"status-publish","4":"has-post-thumbnail","6":"product_cat-ruehrwerkstechnik","7":"product_cat-ruehrwellen","8":"product_tag-ptm-ruehrwelle","9":"product_tag-ruehrwelle-restmengen","10":"product_tag-edelstahlruehrwelle-v4a","11":"product_tag-ruehrwelle-absatz","12":"product_tag-ruehrwelle-gewindenabe","13":"product_tag-ruehrwelle-sonderlaenge","14":"product_tag-restmengenruehrwerk-zubehoer","15":"product_tag-ptm-antrieb-ruehrwelle","16":"product_tag-ruehrwelle-1-4404","17":"product_tag-hygienische-ruehrwelle","18":"product_shipping_class-karton-paketversand","19":"pa_absatz-20mm","20":"pa_gewinde-m16","21":"pa_material-v4a-edelstahl-1-4404","22":"pa_patentnummer-20-2020-107-558","24":"first","25":"instock","26":"taxable","27":"shipping-taxable","28":"purchasable","29":"product-type-variable"},"bundled_by":[],"bundle_stock_status":"instock","bundle_stock_quantity":null,"bundle_virtual":false,"bundle_layout":"","bundle_add_to_cart_form_location":"","bundle_editable_in_cart":false,"bundle_sold_individually_context":"","bundle_item_grouping":"","bundle_min_size":"","bundle_max_size":"","bundle_price":[],"bundled_items":[],"bundle_sell_ids":[],"exclude_global_add_ons":[],"addons":[],"acf":[],"_links":{"self":[{"href":"https:\/\/ptm-mechatronics.com\/es\/wp-json\/wp\/v2\/product\/14070","targetHints":{"allow":["GET"]}}],"collection":[{"href":"https:\/\/ptm-mechatronics.com\/es\/wp-json\/wp\/v2\/product"}],"about":[{"href":"https:\/\/ptm-mechatronics.com\/es\/wp-json\/wp\/v2\/types\/product"}],"replies":[{"embeddable":true,"href":"https:\/\/ptm-mechatronics.com\/es\/wp-json\/wp\/v2\/comments?post=14070"}],"wp:featuredmedia":[{"embeddable":true,"href":"https:\/\/ptm-mechatronics.com\/es\/wp-json\/wp\/v2\/media\/15364"}],"wp:attachment":[{"href":"https:\/\/ptm-mechatronics.com\/es\/wp-json\/wp\/v2\/media?parent=14070"}],"wp:term":[{"taxonomy":"product_brand","embeddable":true,"href":"https:\/\/ptm-mechatronics.com\/es\/wp-json\/wp\/v2\/product_brand?post=14070"},{"taxonomy":"product_cat","embeddable":true,"href":"https:\/\/ptm-mechatronics.com\/es\/wp-json\/wp\/v2\/product_cat?post=14070"},{"taxonomy":"product_tag","embeddable":true,"href":"https:\/\/ptm-mechatronics.com\/es\/wp-json\/wp\/v2\/product_tag?post=14070"}],"curies":[{"name":"wp","href":"https:\/\/api.w.org\/{rel}","templated":true}]}}