{"id":14041,"date":"2025-07-18T10:01:00","date_gmt":"2025-07-18T08:01:00","guid":{"rendered":"https:\/\/ptm-mechatronics.com\/?post_type=product&#038;p=14041"},"modified":"2025-11-07T15:55:17","modified_gmt":"2025-11-07T14:55:17","slug":"filterkatuschen","status":"publish","type":"product","link":"https:\/\/ptm-mechatronics.com\/es\/product\/filterkatuschen\/","title":{"rendered":"Cartuchos filtrantes"},"content":{"rendered":"<h1 data-start=\"198\" data-end=\"281\"><span style=\"font-size: 75%;\">Cartucho filtrante de repuesto para paquete de filtros de aire de salida: limpio, seguro, adecuado para salas blancas<\/span><\/h1>\n<p data-start=\"283\" data-end=\"724\">Este cartucho filtrante de repuesto est\u00e1 especialmente dise\u00f1ado para el paquete de filtros de aire de escape de los accionamientos PTM y garantiza de forma fiable una separaci\u00f3n eficaz de part\u00edculas en \u00e1reas de producci\u00f3n sensibles. Gracias a su estructura de filtro de alta calidad, reduce las impurezas del aire y favorece una calidad del aire constante, especialmente en salas blancas o entornos sensibles desde el punto de vista higi\u00e9nico, como la tecnolog\u00eda farmac\u00e9utica, alimentaria o de laboratorio.<\/p>\n<p data-start=\"726\" data-end=\"1025\">El filtro puede cambiarse r\u00e1pida y f\u00e1cilmente y restablece el pleno rendimiento del sistema de aire de escape. El cartucho filtrante est\u00e1 perfectamente adaptado al m\u00f3dulo de suministro de aire PTM y contribuye a la seguridad, longevidad y eficiencia energ\u00e9tica de todo el sistema.<\/p>","protected":false},"excerpt":{"rendered":"<p>Cartuchos filtrantes de repuesto para el paquete de filtros de aire de escape PTM Cleanroom para un aire de escape limpio y una separaci\u00f3n fiable de part\u00edculas, ideal para salas blancas y aplicaciones higi\u00e9nicas.<\/p>","protected":false},"featured_media":15549,"comment_status":"closed","ping_status":"closed","template":"","meta":{"_acf_changed":false},"product_brand":[],"product_cat":[2745],"product_tag":[3145,3146,3147,3148,3149,3150,3151,3143,3144],"class_list":{"0":"post-14041","1":"product","2":"type-product","3":"status-publish","4":"has-post-thumbnail","6":"product_cat-ersatzteile","7":"product_tag-filterkartusche-ptm-antrieb","8":"product_tag-abluftfilter-ersatzteil","9":"product_tag-hygienischer-abluftfilter","10":"product_tag-abluft-filterkupplung","11":"product_tag-druckluftfilter-ersatz","12":"product_tag-abluftfilter-industrie","13":"product_tag-reinraum-ersatzfilter","14":"product_tag-ersatzfilter-abluftpaket","15":"product_tag-abluftfilter-reinraum","16":"product_shipping_class-karton-paketversand","18":"first","19":"instock","20":"taxable","21":"shipping-taxable","22":"purchasable","23":"product-type-variable"},"bundled_by":[],"bundle_stock_status":"instock","bundle_stock_quantity":null,"bundle_virtual":false,"bundle_layout":"","bundle_add_to_cart_form_location":"","bundle_editable_in_cart":false,"bundle_sold_individually_context":"","bundle_item_grouping":"","bundle_min_size":"","bundle_max_size":"","bundle_price":[],"bundled_items":[],"bundle_sell_ids":[],"exclude_global_add_ons":[],"addons":[],"acf":[],"_links":{"self":[{"href":"https:\/\/ptm-mechatronics.com\/es\/wp-json\/wp\/v2\/product\/14041","targetHints":{"allow":["GET"]}}],"collection":[{"href":"https:\/\/ptm-mechatronics.com\/es\/wp-json\/wp\/v2\/product"}],"about":[{"href":"https:\/\/ptm-mechatronics.com\/es\/wp-json\/wp\/v2\/types\/product"}],"replies":[{"embeddable":true,"href":"https:\/\/ptm-mechatronics.com\/es\/wp-json\/wp\/v2\/comments?post=14041"}],"wp:featuredmedia":[{"embeddable":true,"href":"https:\/\/ptm-mechatronics.com\/es\/wp-json\/wp\/v2\/media\/15549"}],"wp:attachment":[{"href":"https:\/\/ptm-mechatronics.com\/es\/wp-json\/wp\/v2\/media?parent=14041"}],"wp:term":[{"taxonomy":"product_brand","embeddable":true,"href":"https:\/\/ptm-mechatronics.com\/es\/wp-json\/wp\/v2\/product_brand?post=14041"},{"taxonomy":"product_cat","embeddable":true,"href":"https:\/\/ptm-mechatronics.com\/es\/wp-json\/wp\/v2\/product_cat?post=14041"},{"taxonomy":"product_tag","embeddable":true,"href":"https:\/\/ptm-mechatronics.com\/es\/wp-json\/wp\/v2\/product_tag?post=14041"}],"curies":[{"name":"wp","href":"https:\/\/api.w.org\/{rel}","templated":true}]}}