{"id":14021,"date":"2025-07-17T09:40:00","date_gmt":"2025-07-17T07:40:00","guid":{"rendered":"https:\/\/ptm-mechatronics.com\/?post_type=product&#038;p=14021"},"modified":"2025-11-07T15:55:17","modified_gmt":"2025-11-07T14:55:17","slug":"ruehrwellen-fuer-ibc-fuer-schnellmischer-mit-gewindenabe","status":"publish","type":"product","link":"https:\/\/ptm-mechatronics.com\/es\/product\/ruehrwellen-fuer-ibc-fuer-schnellmischer-mit-gewindenabe\/","title":{"rendered":"Ejes agitadores para IBC para mezcladores de alta velocidad con cubo roscado"},"content":{"rendered":"<h1 data-start=\"178\" data-end=\"265\"><span style=\"font-size: 75%;\">Ejes agitadores de acero inoxidable V4A con cubo roscado - robustos, precisos, adecuados para altas velocidades<\/span><\/h1>\n<p data-start=\"267\" data-end=\"562\">Nuestros ejes agitadores fabricados en acero inoxidable V4A 1.4404 de alta calidad convencen por su alta resistencia a la corrosi\u00f3n, estabilidad y larga vida \u00fatil, ideales para aplicaciones higi\u00e9nicamente exigentes. El cubo roscado patentado permite montarlos de forma segura y precisa en los accionamientos PTM.<\/p>\n<p data-start=\"564\" data-end=\"750\">Este eje agitador se ha desarrollado especialmente para su uso con mezcladoras de alta velocidad con velocidades superiores a 600 rpm y ofrece la m\u00e1xima suavidad de funcionamiento y fiabilidad de proceso bajo cargas elevadas.<\/p>\n<p data-start=\"752\" data-end=\"914\">Tenga en cuenta el di\u00e1metro de eje adecuado para su accionamiento al realizar su selecci\u00f3n. Si tiene alguna duda, nuestro equipo de atenci\u00f3n al cliente de PTM estar\u00e1 encantado de asesorarle.<\/p>","protected":false},"excerpt":{"rendered":"<p>Eje agitador de acero inoxidable V4A 1.4404 con cubo roscado para mezcladoras de alta velocidad con velocidades superiores a 600 rpm: robusto, preciso y duradero.<\/p>","protected":false},"featured_media":15364,"comment_status":"closed","ping_status":"closed","template":"","meta":{"_acf_changed":false},"product_brand":[],"product_cat":[651,595],"product_tag":[3123,3125,3128,3132,3133,3134,3135,3116,3117,3119],"class_list":{"0":"post-14021","1":"product","2":"type-product","3":"status-publish","4":"has-post-thumbnail","6":"product_cat-ruehrwellen","7":"product_cat-ruehrwerkstechnik","8":"product_tag-hygienische-ruehrwelle","9":"product_tag-ruehrwelle-industrie","10":"product_tag-edelstahlruehrwelle-1-4404","11":"product_tag-ruehrwelle-schnellmischer","12":"product_tag-hochdrehzahl-ruehrwelle","13":"product_tag-ruehrwelle-600-u-min","14":"product_tag-ptm-ruehrwelle","15":"product_tag-ruehrwelle-edelstahl","16":"product_tag-v4a-ruehrwelle","17":"product_tag-gewindenabe-ptm","18":"product_shipping_class-karton-paketversand","19":"pa_gewinde-m16","20":"pa_material-v4a-edelstahl-1-4404","21":"pa_patentnummer-20-2020-107-558","23":"first","24":"instock","25":"taxable","26":"shipping-taxable","27":"purchasable","28":"product-type-variable"},"bundled_by":[],"bundle_stock_status":"instock","bundle_stock_quantity":null,"bundle_virtual":false,"bundle_layout":"","bundle_add_to_cart_form_location":"","bundle_editable_in_cart":false,"bundle_sold_individually_context":"","bundle_item_grouping":"","bundle_min_size":"","bundle_max_size":"","bundle_price":[],"bundled_items":[],"bundle_sell_ids":[],"exclude_global_add_ons":[],"addons":[],"acf":[],"_links":{"self":[{"href":"https:\/\/ptm-mechatronics.com\/es\/wp-json\/wp\/v2\/product\/14021","targetHints":{"allow":["GET"]}}],"collection":[{"href":"https:\/\/ptm-mechatronics.com\/es\/wp-json\/wp\/v2\/product"}],"about":[{"href":"https:\/\/ptm-mechatronics.com\/es\/wp-json\/wp\/v2\/types\/product"}],"replies":[{"embeddable":true,"href":"https:\/\/ptm-mechatronics.com\/es\/wp-json\/wp\/v2\/comments?post=14021"}],"wp:featuredmedia":[{"embeddable":true,"href":"https:\/\/ptm-mechatronics.com\/es\/wp-json\/wp\/v2\/media\/15364"}],"wp:attachment":[{"href":"https:\/\/ptm-mechatronics.com\/es\/wp-json\/wp\/v2\/media?parent=14021"}],"wp:term":[{"taxonomy":"product_brand","embeddable":true,"href":"https:\/\/ptm-mechatronics.com\/es\/wp-json\/wp\/v2\/product_brand?post=14021"},{"taxonomy":"product_cat","embeddable":true,"href":"https:\/\/ptm-mechatronics.com\/es\/wp-json\/wp\/v2\/product_cat?post=14021"},{"taxonomy":"product_tag","embeddable":true,"href":"https:\/\/ptm-mechatronics.com\/es\/wp-json\/wp\/v2\/product_tag?post=14021"}],"curies":[{"name":"wp","href":"https:\/\/api.w.org\/{rel}","templated":true}]}}