{"id":13916,"date":"2025-07-08T09:21:15","date_gmt":"2025-07-08T07:21:15","guid":{"rendered":"https:\/\/ptm-mechatronics.com\/?post_type=product&#038;p=13916"},"modified":"2025-11-07T15:55:17","modified_gmt":"2025-11-07T14:55:17","slug":"ruehrwellen-mit-gewindenabe","status":"publish","type":"product","link":"https:\/\/ptm-mechatronics.com\/es\/product\/ruehrwellen-mit-gewindenabe\/","title":{"rendered":"Ejes agitadores con cubo roscado"},"content":{"rendered":"<h1 data-start=\"221\" data-end=\"305\"><span style=\"font-size: 75%;\">Eje agitador de acero inoxidable V4A 1.4404 con cubo roscado - preciso, robusto, compatible<\/span><\/h1>\n<p data-start=\"307\" data-end=\"568\">Nuestros ejes agitadores fabricados en acero inoxidable V4A 1.4404 de alta calidad se caracterizan por su excelente resistencia a la corrosi\u00f3n, durabilidad y superficie higi\u00e9nica: ideales para aplicaciones exigentes en las industrias alimentaria, farmac\u00e9utica y qu\u00edmica.<\/p>\n<p data-start=\"570\" data-end=\"837\">Los ejes pueden conectarse de forma r\u00e1pida y segura a todos los accionamientos de agitadores PTM mediante el cubo roscado patentado. Disponemos del di\u00e1metro de eje adecuado para cada accionamiento; seleccione el di\u00e1metro seg\u00fan el dise\u00f1o de su accionamiento.<\/p>\n<p data-start=\"839\" data-end=\"1001\">Los ejes de acero inoxidable fabricados con precisi\u00f3n garantizan un funcionamiento estable y con pocas vibraciones y son id\u00f3neos tanto para medios de baja viscosidad como de alta viscosidad.<\/p>\n<p data-start=\"1003\" data-end=\"1103\">Si tiene alguna pregunta sobre la selecci\u00f3n del eje agitador adecuado, nuestro equipo de atenci\u00f3n al cliente de PTM estar\u00e1 encantado de ayudarle: <a href=\"tel:+498134257970\">+49 8134 25 797 0<\/a>.<\/p>\n<p data-start=\"1003\" data-end=\"1103\">N\u00fameros de patente:<br \/>\npara bid\u00f3n de 10 litros: 20 2020 107 551<br \/>\npara bid\u00f3n de 30 litros: 20 2020 107 552<br \/>\npara bid\u00f3n de 60 litros: 20 2020 107 553<br \/>\npara bid\u00f3n de 100 litros: 20 2020 107 554<br \/>\npara bid\u00f3n de 200 litros: 20 2020 107 555<br \/>\npara IBC de 600 litros: 20 2020 107 556<br \/>\npara IBC de 1000 litros: 20 2020 107 557<\/p>","protected":false},"excerpt":{"rendered":"<p>Eje agitador de acero inoxidable V4A 1.4404 con cubo roscado para una conexi\u00f3n segura y de ajuste preciso con los accionamientos PTM: resistente a la corrosi\u00f3n, higi\u00e9nico y preciso.<\/p>","protected":false},"featured_media":15364,"comment_status":"closed","ping_status":"closed","template":"","meta":{"_acf_changed":false},"product_brand":[],"product_cat":[651],"product_tag":[3116,3117,3118,3119,3120,3121,3122,3123,3124,3125],"class_list":{"0":"post-13916","1":"product","2":"type-product","3":"status-publish","4":"has-post-thumbnail","6":"product_cat-ruehrwellen","7":"product_tag-ruehrwelle-edelstahl","8":"product_tag-v4a-ruehrwelle","9":"product_tag-edelstahlwelle-ruehrwerk","10":"product_tag-gewindenabe-ptm","11":"product_tag-ruehrwelle-1-4404","12":"product_tag-ptm-ruehrwellen","13":"product_tag-edelstahlruehrwelle-gewinde","14":"product_tag-hygienische-ruehrwelle","15":"product_tag-ruehrwelle-fuer-antrieb","16":"product_tag-ruehrwelle-industrie","17":"product_shipping_class-karton-paketversand","18":"pa_material-v4a-edelstahl-1-4404","20":"first","21":"instock","22":"taxable","23":"shipping-taxable","24":"purchasable","25":"product-type-variable"},"bundled_by":[],"bundle_stock_status":"instock","bundle_stock_quantity":null,"bundle_virtual":false,"bundle_layout":"","bundle_add_to_cart_form_location":"","bundle_editable_in_cart":false,"bundle_sold_individually_context":"","bundle_item_grouping":"","bundle_min_size":"","bundle_max_size":"","bundle_price":[],"bundled_items":[],"bundle_sell_ids":[],"exclude_global_add_ons":[],"addons":[],"acf":[],"_links":{"self":[{"href":"https:\/\/ptm-mechatronics.com\/es\/wp-json\/wp\/v2\/product\/13916","targetHints":{"allow":["GET"]}}],"collection":[{"href":"https:\/\/ptm-mechatronics.com\/es\/wp-json\/wp\/v2\/product"}],"about":[{"href":"https:\/\/ptm-mechatronics.com\/es\/wp-json\/wp\/v2\/types\/product"}],"replies":[{"embeddable":true,"href":"https:\/\/ptm-mechatronics.com\/es\/wp-json\/wp\/v2\/comments?post=13916"}],"wp:featuredmedia":[{"embeddable":true,"href":"https:\/\/ptm-mechatronics.com\/es\/wp-json\/wp\/v2\/media\/15364"}],"wp:attachment":[{"href":"https:\/\/ptm-mechatronics.com\/es\/wp-json\/wp\/v2\/media?parent=13916"}],"wp:term":[{"taxonomy":"product_brand","embeddable":true,"href":"https:\/\/ptm-mechatronics.com\/es\/wp-json\/wp\/v2\/product_brand?post=13916"},{"taxonomy":"product_cat","embeddable":true,"href":"https:\/\/ptm-mechatronics.com\/es\/wp-json\/wp\/v2\/product_cat?post=13916"},{"taxonomy":"product_tag","embeddable":true,"href":"https:\/\/ptm-mechatronics.com\/es\/wp-json\/wp\/v2\/product_tag?post=13916"}],"curies":[{"name":"wp","href":"https:\/\/api.w.org\/{rel}","templated":true}]}}