{"id":13886,"date":"2025-06-30T09:58:43","date_gmt":"2025-06-30T07:58:43","guid":{"rendered":"https:\/\/ptm-mechatronics.com\/?post_type=product&#038;p=13886"},"modified":"2025-11-07T15:55:03","modified_gmt":"2025-11-07T14:55:03","slug":"drosselventil-metall","status":"publish","type":"product","link":"https:\/\/ptm-mechatronics.com\/es\/product\/drosselventil-metall\/","title":{"rendered":"V\u00e1lvula de mariposa met\u00e1lica"},"content":{"rendered":"<h2 data-start=\"198\" data-end=\"297\"><span style=\"font-size: 75%;\">V\u00e1lvula de mariposa de zinc fundido cromado para actuadores neum\u00e1ticos: precisa, robusta, duradera<\/span><\/h2>\n<p data-start=\"299\" data-end=\"670\">La v\u00e1lvula de mariposa de zinc fundido cromado permite una regulaci\u00f3n fina del volumen de aire para motores neum\u00e1ticos PTM y accionamientos de agitadores (tipo 450-3600) y garantiza un ajuste preciso de la velocidad a los requisitos de su proceso. El material de zinc fundido cromado ofrece una gran solidez y resistencia a la corrosi\u00f3n, ideal para aplicaciones industriales exigentes.<\/p>\n<p data-start=\"672\" data-end=\"961\">La v\u00e1lvula se monta c\u00f3modamente en el bloque de conexi\u00f3n, lo que permite una integraci\u00f3n segura y en poco espacio en su sistema de aire comprimido. Gracias a la regulaci\u00f3n precisa del caudal de aire, se pueden controlar de forma fiable tanto los procesos de mezcla delicados como los que requieren mucha potencia.<\/p>\n<p data-start=\"963\" data-end=\"1200\">Compacta, duradera y de bajo desgaste, esta v\u00e1lvula de mariposa es el complemento perfecto para todos los actuadores neum\u00e1ticos y agitadores PTM cuando se requiere la m\u00e1xima fiabilidad de funcionamiento, una capacidad de control precisa y una instalaci\u00f3n sencilla.<\/p>","protected":false},"excerpt":{"rendered":"<p>V\u00e1lvula de mariposa de fundici\u00f3n de cinc cromado para montaje en el bloque de conexi\u00f3n para el control preciso del volumen de aire para motores neum\u00e1ticos y accionamientos de agitadores: robusta y duradera.<\/p>","protected":false},"featured_media":15546,"comment_status":"closed","ping_status":"closed","template":"","meta":{"_acf_changed":false},"product_brand":[],"product_cat":[2745],"product_tag":[3094,3095,3096,3087,3088,3089,3090,3091,3092,3093],"class_list":{"0":"post-13886","1":"product","2":"type-product","3":"status-publish","4":"has-post-thumbnail","6":"product_cat-ersatzteile","7":"product_tag-druckluftsteuerung-antrieb","8":"product_tag-langlebiges-druckluftventil","9":"product_tag-zinkgussventil-pneumatisch","10":"product_tag-drosselventil-zinkguss","11":"product_tag-verchromtes-drosselventil","12":"product_tag-anschlussblock-drosselventil","13":"product_tag-druckluftventil-ptm","14":"product_tag-luftmengenregler-pneumatisch","15":"product_tag-ruehrwerksantrieb-drosselventil","16":"product_tag-regelventil-industrie","17":"product_shipping_class-karton-paketversand","18":"pa_anschluss-einbau-auf-anschlussblock","19":"pa_schlauchdurchmesser-6mm","20":"pa_schlauchdurchmesser-8mm","22":"first","23":"instock","24":"taxable","25":"shipping-taxable","26":"purchasable","27":"product-type-simple"},"bundled_by":[],"bundle_stock_status":"instock","bundle_stock_quantity":null,"bundle_virtual":false,"bundle_layout":"","bundle_add_to_cart_form_location":"","bundle_editable_in_cart":false,"bundle_sold_individually_context":"","bundle_item_grouping":"","bundle_min_size":"","bundle_max_size":"","bundle_price":[],"bundled_items":[],"bundle_sell_ids":[],"exclude_global_add_ons":[],"addons":[],"acf":[],"_links":{"self":[{"href":"https:\/\/ptm-mechatronics.com\/es\/wp-json\/wp\/v2\/product\/13886","targetHints":{"allow":["GET"]}}],"collection":[{"href":"https:\/\/ptm-mechatronics.com\/es\/wp-json\/wp\/v2\/product"}],"about":[{"href":"https:\/\/ptm-mechatronics.com\/es\/wp-json\/wp\/v2\/types\/product"}],"replies":[{"embeddable":true,"href":"https:\/\/ptm-mechatronics.com\/es\/wp-json\/wp\/v2\/comments?post=13886"}],"wp:featuredmedia":[{"embeddable":true,"href":"https:\/\/ptm-mechatronics.com\/es\/wp-json\/wp\/v2\/media\/15546"}],"wp:attachment":[{"href":"https:\/\/ptm-mechatronics.com\/es\/wp-json\/wp\/v2\/media?parent=13886"}],"wp:term":[{"taxonomy":"product_brand","embeddable":true,"href":"https:\/\/ptm-mechatronics.com\/es\/wp-json\/wp\/v2\/product_brand?post=13886"},{"taxonomy":"product_cat","embeddable":true,"href":"https:\/\/ptm-mechatronics.com\/es\/wp-json\/wp\/v2\/product_cat?post=13886"},{"taxonomy":"product_tag","embeddable":true,"href":"https:\/\/ptm-mechatronics.com\/es\/wp-json\/wp\/v2\/product_tag?post=13886"}],"curies":[{"name":"wp","href":"https:\/\/api.w.org\/{rel}","templated":true}]}}