{"id":13435,"date":"2025-04-07T09:56:22","date_gmt":"2025-04-07T07:56:22","guid":{"rendered":"https:\/\/ptm-mechatronics.com\/?post_type=product&#038;p=13435"},"modified":"2025-11-07T15:54:40","modified_gmt":"2025-11-07T14:54:40","slug":"wellendichtring-ptfe-fda-weiss","status":"publish","type":"product","link":"https:\/\/ptm-mechatronics.com\/es\/product\/wellendichtring-ptfe-fda-weiss\/","title":{"rendered":"Ret\u00e9n PTFE FDA blanco"},"content":{"rendered":"<p class=\"\" data-start=\"187\" data-end=\"307\">Anillo de sellado del eje de PTFE blanco (conforme a la FDA) para motores neum\u00e1ticos PTM - soluci\u00f3n de sellado higi\u00e9nico para las m\u00e1s altas exigencias<\/p>\n<p class=\"\" data-start=\"309\" data-end=\"733\">La junta de eje de PTFE blanco (conforme a la FDA) cumple los requisitos m\u00e1s exigentes de higiene, resistencia qu\u00edmica y estabilidad t\u00e9rmica. El material de PTFE apto para alimentos utilizado est\u00e1 homologado conforme a las directrices de la FDA, por lo que es ideal para aplicaciones en las industrias alimentaria, cosm\u00e9tica y farmac\u00e9utica.<\/p>\n<p class=\"\" data-start=\"735\" data-end=\"1054\">Gracias a su superficie de baja fricci\u00f3n y resistente al desgaste y a su excelente resistencia a medios agresivos, agentes de limpieza y altas temperaturas, la junta de estanquidad es ideal para su uso en procesos sensibles desde el punto de vista higi\u00e9nico, ya sea para mantenimiento preventivo o como pieza de repuesto duradera.<\/p>\n<p class=\"\" data-start=\"1056\" data-end=\"1087\">Las ventajas de un vistazo:<\/p>\n<ul>\n<li data-start=\"1090\" data-end=\"1124\">Adecuado para motores neum\u00e1ticos PTM<\/li>\n<li data-start=\"1090\" data-end=\"1124\">PTFE blanco, conforme a la FDA<\/li>\n<li data-start=\"1090\" data-end=\"1124\">Higi\u00e9nico y apto para alimentos<\/li>\n<li data-start=\"1090\" data-end=\"1124\">Resistente a los productos qu\u00edmicos y a la temperatura<\/li>\n<li data-start=\"1090\" data-end=\"1124\">Baja fricci\u00f3n y resistencia al desgaste<\/li>\n<li data-start=\"1090\" data-end=\"1124\">Ideal para aplicaciones en las que la higiene es fundamental<\/li>\n<li data-start=\"1090\" data-end=\"1124\">F\u00e1cil de mantener y duradero<\/li>\n<\/ul>","protected":false},"excerpt":{"rendered":"<p>Junta higi\u00e9nica, resistente a los productos qu\u00edmicos y a la temperatura, ideal para su uso en las industrias alimentaria, farmac\u00e9utica y cosm\u00e9tica.<\/p>","protected":false},"featured_media":15374,"comment_status":"open","ping_status":"closed","template":"","meta":{"_acf_changed":false},"product_brand":[],"product_cat":[2745],"product_tag":[2809,2810,2811,2812,2813,2790,2805,2806,2807,2808],"class_list":{"0":"post-13435","1":"product","2":"type-product","3":"status-publish","4":"has-post-thumbnail","6":"product_cat-ersatzteile","7":"product_tag-ruehrwerksantrieb-fda-konform","8":"product_tag-wellendichtring-pharmaindustrie","9":"product_tag-ptfe-weiss-dichtung","10":"product_tag-fda-konforme-ruehrwerksdichtung","11":"product_tag-lebensmitteltechnik-dichtungsring","12":"product_tag-ptm-ersatzteile-kaufen","13":"product_tag-ptfe-wellendichtring-weiss","14":"product_tag-fda-dichtung-ptm","15":"product_tag-ptfe-dichtungsring-lebensmittel","16":"product_tag-hygienedichtung-druckluftmotor","17":"product_shipping_class-karton-paketversand","19":"first","20":"instock","21":"taxable","22":"shipping-taxable","23":"purchasable","24":"product-type-variable"},"bundled_by":[],"bundle_stock_status":"instock","bundle_stock_quantity":null,"bundle_virtual":false,"bundle_layout":"","bundle_add_to_cart_form_location":"","bundle_editable_in_cart":false,"bundle_sold_individually_context":"","bundle_item_grouping":"","bundle_min_size":"","bundle_max_size":"","bundle_price":[],"bundled_items":[],"bundle_sell_ids":[],"exclude_global_add_ons":[],"addons":[],"acf":[],"_links":{"self":[{"href":"https:\/\/ptm-mechatronics.com\/es\/wp-json\/wp\/v2\/product\/13435","targetHints":{"allow":["GET"]}}],"collection":[{"href":"https:\/\/ptm-mechatronics.com\/es\/wp-json\/wp\/v2\/product"}],"about":[{"href":"https:\/\/ptm-mechatronics.com\/es\/wp-json\/wp\/v2\/types\/product"}],"replies":[{"embeddable":true,"href":"https:\/\/ptm-mechatronics.com\/es\/wp-json\/wp\/v2\/comments?post=13435"}],"wp:featuredmedia":[{"embeddable":true,"href":"https:\/\/ptm-mechatronics.com\/es\/wp-json\/wp\/v2\/media\/15374"}],"wp:attachment":[{"href":"https:\/\/ptm-mechatronics.com\/es\/wp-json\/wp\/v2\/media?parent=13435"}],"wp:term":[{"taxonomy":"product_brand","embeddable":true,"href":"https:\/\/ptm-mechatronics.com\/es\/wp-json\/wp\/v2\/product_brand?post=13435"},{"taxonomy":"product_cat","embeddable":true,"href":"https:\/\/ptm-mechatronics.com\/es\/wp-json\/wp\/v2\/product_cat?post=13435"},{"taxonomy":"product_tag","embeddable":true,"href":"https:\/\/ptm-mechatronics.com\/es\/wp-json\/wp\/v2\/product_tag?post=13435"}],"curies":[{"name":"wp","href":"https:\/\/api.w.org\/{rel}","templated":true}]}}