{"id":13393,"date":"2025-04-03T09:53:46","date_gmt":"2025-04-03T07:53:46","guid":{"rendered":"https:\/\/ptm-mechatronics.com\/?post_type=product&#038;p=13393"},"modified":"2025-11-07T15:54:39","modified_gmt":"2025-11-07T14:54:39","slug":"kugellager-serviceset-fuer-ptm-druckluftmotoren-und-antriebe","status":"publish","type":"product","link":"https:\/\/ptm-mechatronics.com\/es\/product\/kugellager-serviceset-fuer-ptm-druckluftmotoren-und-antriebe\/","title":{"rendered":"Juego de mantenimiento de rodamientos de bolas para motores y accionamientos neum\u00e1ticos PTM"},"content":{"rendered":"<p class=\"\" data-start=\"159\" data-end=\"235\">Rodamientos de bolas para motores neum\u00e1ticos PTM: precisos, duraderos y potentes<\/p>\n<p class=\"\" data-start=\"237\" data-end=\"605\">Los rodamientos de bolas para motores y accionamientos de aire PTM garantizan un funcionamiento suave, una larga vida \u00fatil y la m\u00e1xima capacidad de carga en condiciones industriales. Est\u00e1n especialmente adaptados a los requisitos de la tecnolog\u00eda de agitadores y accionamientos PTM y garantizan una rotaci\u00f3n precisa y un funcionamiento duradero y sin problemas de sus accionamientos de aire comprimido.<\/p>\n<p class=\"\" data-start=\"607\" data-end=\"881\">Fabricados con materiales de alta calidad y optimizados para su uso en entornos exigentes, los rodamientos de bolas contribuyen de forma decisiva al rendimiento y la eficacia de su accionamiento.<\/p>\n<p class=\"\" data-start=\"883\" data-end=\"914\">Las ventajas de un vistazo:<\/p>\n<ul>\n<li data-start=\"917\" data-end=\"945\">Ajuste perfecto para accionamientos PTM<\/li>\n<li data-start=\"917\" data-end=\"945\">Gran precisi\u00f3n de marcha<\/li>\n<li data-start=\"917\" data-end=\"945\">Calidad industrial robusta<\/li>\n<li data-start=\"917\" data-end=\"945\">Larga vida \u00fatil<\/li>\n<li data-start=\"917\" data-end=\"945\">Funcionamiento de baja fricci\u00f3n<\/li>\n<li data-start=\"917\" data-end=\"945\">Bajo mantenimiento<\/li>\n<li data-start=\"917\" data-end=\"945\">Ideal para sustituci\u00f3n o mantenimiento<\/li>\n<\/ul>\n<p>Consulte el resumen en Descargas para encontrar el juego adecuado para su modelo.<\/p>","protected":false},"excerpt":{"rendered":"<p>Funcionamiento preciso y de baja fricci\u00f3n y m\u00e1xima vida \u00fatil en uso industrial continuo: ideal como pieza de recambio de alta calidad para un rendimiento fiable.<\/p>","protected":false},"featured_media":15534,"comment_status":"closed","ping_status":"closed","template":"","meta":{"_acf_changed":false},"product_brand":[],"product_cat":[2745],"product_tag":[2767,2768,2769,2770,2771,2772,2773,2774,2775,2776],"class_list":{"0":"post-13393","1":"product","2":"type-product","3":"status-publish","4":"has-post-thumbnail","6":"product_cat-ersatzteile","7":"product_tag-kugellager-ptm","8":"product_tag-ptm-antrieb-ersatzteile","9":"product_tag-kugellager-druckluftmotor","10":"product_tag-industrie-kugellager","11":"product_tag-lager-fuer-druckluftmotor","12":"product_tag-ptm-motorlager","13":"product_tag-kugellager-kaufen","14":"product_tag-praezisionslager-ptm","15":"product_tag-ersatzteil-ptm-antrieb","16":"product_tag-rillenkugellager-druckluftantrieb","17":"product_shipping_class-karton-paketversand","19":"first","20":"instock","21":"taxable","22":"shipping-taxable","23":"purchasable","24":"product-type-variable"},"bundled_by":[],"bundle_stock_status":"instock","bundle_stock_quantity":null,"bundle_virtual":false,"bundle_layout":"","bundle_add_to_cart_form_location":"","bundle_editable_in_cart":false,"bundle_sold_individually_context":"","bundle_item_grouping":"","bundle_min_size":"","bundle_max_size":"","bundle_price":[],"bundled_items":[],"bundle_sell_ids":[],"exclude_global_add_ons":[],"addons":[],"acf":[],"_links":{"self":[{"href":"https:\/\/ptm-mechatronics.com\/es\/wp-json\/wp\/v2\/product\/13393","targetHints":{"allow":["GET"]}}],"collection":[{"href":"https:\/\/ptm-mechatronics.com\/es\/wp-json\/wp\/v2\/product"}],"about":[{"href":"https:\/\/ptm-mechatronics.com\/es\/wp-json\/wp\/v2\/types\/product"}],"replies":[{"embeddable":true,"href":"https:\/\/ptm-mechatronics.com\/es\/wp-json\/wp\/v2\/comments?post=13393"}],"wp:featuredmedia":[{"embeddable":true,"href":"https:\/\/ptm-mechatronics.com\/es\/wp-json\/wp\/v2\/media\/15534"}],"wp:attachment":[{"href":"https:\/\/ptm-mechatronics.com\/es\/wp-json\/wp\/v2\/media?parent=13393"}],"wp:term":[{"taxonomy":"product_brand","embeddable":true,"href":"https:\/\/ptm-mechatronics.com\/es\/wp-json\/wp\/v2\/product_brand?post=13393"},{"taxonomy":"product_cat","embeddable":true,"href":"https:\/\/ptm-mechatronics.com\/es\/wp-json\/wp\/v2\/product_cat?post=13393"},{"taxonomy":"product_tag","embeddable":true,"href":"https:\/\/ptm-mechatronics.com\/es\/wp-json\/wp\/v2\/product_tag?post=13393"}],"curies":[{"name":"wp","href":"https:\/\/api.w.org\/{rel}","templated":true}]}}