{"id":13375,"date":"2025-04-03T08:58:00","date_gmt":"2025-04-03T06:58:00","guid":{"rendered":"https:\/\/ptm-mechatronics.com\/?post_type=product&#038;p=13375"},"modified":"2025-11-07T15:54:39","modified_gmt":"2025-11-07T14:54:39","slug":"dichtung-serviceset-fuer-ptm-druckluftmotoren-und-antriebe","status":"publish","type":"product","link":"https:\/\/ptm-mechatronics.com\/es\/product\/dichtung-serviceset-fuer-ptm-druckluftmotoren-und-antriebe\/","title":{"rendered":"Juego de mantenimiento de juntas para motores y accionamientos neum\u00e1ticos PTM"},"content":{"rendered":"<p class=\"\" data-start=\"150\" data-end=\"235\">Juego de juntas de servicio para motores y accionamientos neum\u00e1ticos PTM: fiables, a medida, duraderas<\/p>\n<p class=\"\" data-start=\"237\" data-end=\"651\">El juego de servicio de juntas para motores y accionamientos neum\u00e1ticos PTM contiene todas las juntas necesarias para el mantenimiento y la reparaci\u00f3n profesionales de sus componentes PTM. Las juntas de ajuste preciso fabricadas con materiales de alta calidad garantizan un sellado fiable, prolongan la vida \u00fatil de sus motores y accionamientos neum\u00e1ticos y aseguran un funcionamiento sin problemas, incluso en condiciones exigentes.<\/p>\n<p class=\"\" data-start=\"653\" data-end=\"822\">El juego est\u00e1 adaptado con precisi\u00f3n a los conjuntos y modelos de la tecnolog\u00eda de accionamiento y agitaci\u00f3n PTM y es ideal para los intervalos de mantenimiento planificados.<\/p>\n<p class=\"\" data-start=\"824\" data-end=\"855\">Las ventajas de un vistazo:<\/p>\n<ul data-start=\"856\" data-end=\"1060\">\n<li class=\"\" data-start=\"856\" data-end=\"895\">\n<p class=\"\" data-start=\"858\" data-end=\"895\">Compatible con motores y accionamientos neum\u00e1ticos PTM<\/p>\n<\/li>\n<li class=\"\" data-start=\"896\" data-end=\"921\">\n<p class=\"\" data-start=\"898\" data-end=\"921\">Juntas de ajuste preciso<\/p>\n<\/li>\n<li class=\"\" data-start=\"922\" data-end=\"949\">\n<p class=\"\" data-start=\"924\" data-end=\"949\">Materiales de alta calidad<\/p>\n<\/li>\n<li class=\"\" data-start=\"950\" data-end=\"972\">\n<p class=\"\" data-start=\"952\" data-end=\"972\">Protecci\u00f3n duradera<\/p>\n<\/li>\n<li class=\"\" data-start=\"973\" data-end=\"1002\">\n<p class=\"\" data-start=\"975\" data-end=\"1002\">Para mantenimiento y reparaci\u00f3n<\/p>\n<\/li>\n<li class=\"\" data-start=\"1003\" data-end=\"1032\">\n<p class=\"\" data-start=\"1005\" data-end=\"1032\">Aumenta la seguridad operativa<\/p>\n<\/li>\n<li class=\"\" data-start=\"1033\" data-end=\"1060\">\n<p class=\"\" data-start=\"1035\" data-end=\"1060\">Minimiza los tiempos de inactividad<\/p>\n<\/li>\n<\/ul>\n<p>Pida el ret\u00e9n del eje por separado. Algunos de los juegos de servicio est\u00e1n dise\u00f1ados para varias variantes de motores y accionamientos, por lo que pueden contener m\u00e1s juntas de las necesarias para una sola aplicaci\u00f3n (imagen de ejemplo de producto).<\/p>","protected":false},"excerpt":{"rendered":"<p>Juntas de alta calidad y ajuste preciso para un mantenimiento fiable, una mayor vida \u00fatil y la m\u00e1xima seguridad de funcionamiento de sus accionamientos de aire comprimido.<\/p>","protected":false},"featured_media":15533,"comment_status":"closed","ping_status":"closed","template":"","meta":{"_acf_changed":false},"product_brand":[],"product_cat":[2745],"product_tag":[2747,2748,2749,2750,2751,2752,2753,2754,2755,2756],"class_list":{"0":"post-13375","1":"product","2":"type-product","3":"status-publish","4":"has-post-thumbnail","6":"product_cat-ersatzteile","7":"product_tag-dichtungsset-ptm","8":"product_tag-serviceset-druckluftmotor","9":"product_tag-ptm-antrieb-dichtung","10":"product_tag-dichtungssatz-druckluftantrieb","11":"product_tag-ersatzteile-ptm-motor","12":"product_tag-wartungsset-druckluftantrieb","13":"product_tag-dichtungsservice-ptm","14":"product_tag-druckluftmotor-reparieren","15":"product_tag-ptm-ersatzdichtungen","16":"product_tag-industrieantrieb-dichtung","17":"product_shipping_class-karton-paketversand","19":"first","20":"instock","21":"taxable","22":"shipping-taxable","23":"purchasable","24":"product-type-variable"},"bundled_by":[],"bundle_stock_status":"instock","bundle_stock_quantity":null,"bundle_virtual":false,"bundle_layout":"","bundle_add_to_cart_form_location":"","bundle_editable_in_cart":false,"bundle_sold_individually_context":"","bundle_item_grouping":"","bundle_min_size":"","bundle_max_size":"","bundle_price":[],"bundled_items":[],"bundle_sell_ids":[],"exclude_global_add_ons":[],"addons":[],"acf":[],"_links":{"self":[{"href":"https:\/\/ptm-mechatronics.com\/es\/wp-json\/wp\/v2\/product\/13375","targetHints":{"allow":["GET"]}}],"collection":[{"href":"https:\/\/ptm-mechatronics.com\/es\/wp-json\/wp\/v2\/product"}],"about":[{"href":"https:\/\/ptm-mechatronics.com\/es\/wp-json\/wp\/v2\/types\/product"}],"replies":[{"embeddable":true,"href":"https:\/\/ptm-mechatronics.com\/es\/wp-json\/wp\/v2\/comments?post=13375"}],"wp:featuredmedia":[{"embeddable":true,"href":"https:\/\/ptm-mechatronics.com\/es\/wp-json\/wp\/v2\/media\/15533"}],"wp:attachment":[{"href":"https:\/\/ptm-mechatronics.com\/es\/wp-json\/wp\/v2\/media?parent=13375"}],"wp:term":[{"taxonomy":"product_brand","embeddable":true,"href":"https:\/\/ptm-mechatronics.com\/es\/wp-json\/wp\/v2\/product_brand?post=13375"},{"taxonomy":"product_cat","embeddable":true,"href":"https:\/\/ptm-mechatronics.com\/es\/wp-json\/wp\/v2\/product_cat?post=13375"},{"taxonomy":"product_tag","embeddable":true,"href":"https:\/\/ptm-mechatronics.com\/es\/wp-json\/wp\/v2\/product_tag?post=13375"}],"curies":[{"name":"wp","href":"https:\/\/api.w.org\/{rel}","templated":true}]}}