{"id":13335,"date":"2025-03-31T11:08:31","date_gmt":"2025-03-31T09:08:31","guid":{"rendered":"https:\/\/ptm-mechatronics.com\/?post_type=product&#038;p=13335"},"modified":"2026-02-23T13:00:12","modified_gmt":"2026-02-23T12:00:12","slug":"schraegblattmischer-klappbar","status":"publish","type":"product","link":"https:\/\/ptm-mechatronics.com\/es\/product\/schraegblattmischer-klappbar\/","title":{"rendered":"Mezclador de cuchillas inclinadas, abatible"},"content":{"rendered":"<p class=\"\" data-start=\"136\" data-end=\"226\">Mezclador de palas inclinadas: mezcla potente para medios viscosos y procesos exigentes<\/p>\n<p class=\"\" data-start=\"228\" data-end=\"580\">El mezclador de palas inclinadas impresiona por sus caracter\u00edsticas de transporte axial con un componente ligeramente radial y genera un flujo turbulento que permite una mezcla especialmente eficaz. Su robusto dise\u00f1o lo hace ideal para sustancias muy viscosas y una amplia gama de aplicaciones industriales.<\/p>\n<p class=\"\" data-start=\"582\" data-end=\"773\">Las aplicaciones t\u00edpicas incluyen la homogeneizaci\u00f3n, dispersi\u00f3n y suspensi\u00f3n de una amplia gama de medios, desde procesos qu\u00edmicos hasta la producci\u00f3n de alimentos y cosm\u00e9ticos.<\/p>\n<p data-start=\"582\" data-end=\"773\">Al girar, la mezcladora plegable se despliega autom\u00e1ticamente por la fuerza centr\u00edfuga de \u00d850 mm a \u00d8150 \u00f3 200 mm cuando est\u00e1 plegada, lo que permite una mezcla potente incluso con aberturas de recipiente estrechas.<\/p>\n<p class=\"\" data-start=\"775\" data-end=\"806\">Las ventajas de un vistazo:<\/p>\n<ul>\n<li data-start=\"809\" data-end=\"846\">Transporte axial a ligeramente radial<\/li>\n<li data-start=\"809\" data-end=\"846\">Flujo turbulento para una mezcla intensiva<\/li>\n<li data-start=\"809\" data-end=\"846\">Adecuado para medios viscosos<\/li>\n<li data-start=\"809\" data-end=\"846\">Ideal para homogeneizar, dispersar y suspender<\/li>\n<li data-start=\"809\" data-end=\"846\">Uso vers\u00e1til<\/li>\n<li data-start=\"809\" data-end=\"846\">Alta fiabilidad del proceso<\/li>\n<\/ul>","protected":false},"excerpt":{"rendered":"<p>Agitador axial (ligeramente radial) de flujo turbulento, ideal para homogeneizar, dispersar y suspender incluso sustancias muy viscosas.<\/p>","protected":false},"featured_media":15348,"comment_status":"closed","ping_status":"closed","template":"","meta":{"_acf_changed":false},"product_brand":[],"product_cat":[595,631],"product_tag":[2731,2732,2733,2706,2715,2735,2726,2727,2728,2729,2730],"class_list":{"0":"post-13335","1":"product","2":"type-product","3":"status-publish","4":"has-post-thumbnail","6":"product_cat-ruehrwerkstechnik","7":"product_cat-ruehrorgane","8":"product_tag-industrielles-ruehrwerkzeug","9":"product_tag-turbulente-stroemung","10":"product_tag-mischtechnik-industrie","11":"product_tag-ruehrorgan-kaufen","12":"product_tag-ruehrorgan-axial","13":"product_tag-schragblattmischer","14":"product_tag-schraegblattruehrer","15":"product_tag-ruehrwerk-viskose-medien","16":"product_tag-ruehrtechnik-homogenisieren","17":"product_tag-dispergieren-ruehrwerk","18":"product_tag-suspendieren-mischtechnik","19":"product_shipping_class-karton-paketversand","20":"pa_blatt-4-blaettrig-28x2","21":"pa_blattanstellung-1060","22":"pa_gewicht-03kg","23":"pa_material-v4a-edelstahl-1-4571","24":"pa_oberflaeche-glasperlengestrahlt","25":"pa_schiebenabe-20mm","27":"first","28":"instock","29":"taxable","30":"shipping-taxable","31":"purchasable","32":"product-type-variable"},"bundled_by":[],"bundle_stock_status":"instock","bundle_stock_quantity":null,"bundle_virtual":false,"bundle_layout":"","bundle_add_to_cart_form_location":"","bundle_editable_in_cart":false,"bundle_sold_individually_context":"","bundle_item_grouping":"","bundle_min_size":"","bundle_max_size":"","bundle_price":[],"bundled_items":[],"bundle_sell_ids":[],"exclude_global_add_ons":[],"addons":[],"acf":[],"_links":{"self":[{"href":"https:\/\/ptm-mechatronics.com\/es\/wp-json\/wp\/v2\/product\/13335","targetHints":{"allow":["GET"]}}],"collection":[{"href":"https:\/\/ptm-mechatronics.com\/es\/wp-json\/wp\/v2\/product"}],"about":[{"href":"https:\/\/ptm-mechatronics.com\/es\/wp-json\/wp\/v2\/types\/product"}],"replies":[{"embeddable":true,"href":"https:\/\/ptm-mechatronics.com\/es\/wp-json\/wp\/v2\/comments?post=13335"}],"wp:featuredmedia":[{"embeddable":true,"href":"https:\/\/ptm-mechatronics.com\/es\/wp-json\/wp\/v2\/media\/15348"}],"wp:attachment":[{"href":"https:\/\/ptm-mechatronics.com\/es\/wp-json\/wp\/v2\/media?parent=13335"}],"wp:term":[{"taxonomy":"product_brand","embeddable":true,"href":"https:\/\/ptm-mechatronics.com\/es\/wp-json\/wp\/v2\/product_brand?post=13335"},{"taxonomy":"product_cat","embeddable":true,"href":"https:\/\/ptm-mechatronics.com\/es\/wp-json\/wp\/v2\/product_cat?post=13335"},{"taxonomy":"product_tag","embeddable":true,"href":"https:\/\/ptm-mechatronics.com\/es\/wp-json\/wp\/v2\/product_tag?post=13335"}],"curies":[{"name":"wp","href":"https:\/\/api.w.org\/{rel}","templated":true}]}}