{"id":13289,"date":"2025-03-28T08:12:18","date_gmt":"2025-03-28T07:12:18","guid":{"rendered":"https:\/\/ptm-mechatronics.com\/?post_type=product&#038;p=13289"},"modified":"2025-11-07T15:54:20","modified_gmt":"2025-11-07T14:54:20","slug":"dissolverscheibe","status":"publish","type":"product","link":"https:\/\/ptm-mechatronics.com\/es\/product\/dissolverscheibe\/","title":{"rendered":"Disco disolvente"},"content":{"rendered":"<p data-start=\"168\" data-end=\"476\">El agitador disolvente es la soluci\u00f3n ideal para procesos de mezcla exigentes en la industria. Gracias a su geometr\u00eda especial y sus potentes fuerzas de cizallamiento, garantiza la mezcla homog\u00e9nea de una amplia gama de materiales, desde l\u00edquidos muy viscosos hasta sustancias pastosas.<\/p>\n<h3 data-start=\"478\" data-end=\"513\">Caracter\u00edsticas y ventajas:<\/h3>\n<ul data-start=\"514\" data-end=\"1013\">\n<li data-start=\"514\" data-end=\"611\">Alto efecto de cizallamiento - Dispersi\u00f3n r\u00e1pida y uniforme de s\u00f3lidos y l\u00edquidos<\/li>\n<li data-start=\"612\" data-end=\"683\">Mezcla eficaz: homogeneidad \u00f3ptima sin formaci\u00f3n de grumos<\/li>\n<li data-start=\"684\" data-end=\"779\">Construcci\u00f3n robusta: materiales de alta calidad para una larga vida \u00fatil y gran durabilidad<\/li>\n<li data-start=\"780\" data-end=\"897\">Aplicaciones vers\u00e1tiles - Adecuado para pinturas, barnices, adhesivos, cosm\u00e9ticos, productos qu\u00edmicos y mucho m\u00e1s<\/li>\n<li data-start=\"898\" data-end=\"1013\">Personalizaci\u00f3n - Disponible en diferentes di\u00e1metros y dise\u00f1os para requisitos espec\u00edficos<\/li>\n<\/ul>\n<h3 data-start=\"1015\" data-end=\"1040\">Funcionalidad:<\/h3>\n<p data-start=\"1041\" data-end=\"1315\">Gracias a su alta velocidad y a la herramienta de agitaci\u00f3n de forma especial, el disolvedor genera intensas turbulencias que permiten romper y distribuir r\u00e1pidamente las part\u00edculas. Esto produce dispersiones especialmente finas con \u00f3ptimas propiedades de procesado.<\/p>\n<h3 data-start=\"1317\" data-end=\"1346\">\u00c1mbitos de aplicaci\u00f3n:<\/h3>\n<ul data-start=\"1347\" data-end=\"1478\">\n<li data-start=\"1347\" data-end=\"1370\">Industria qu\u00edmica<\/li>\n<li data-start=\"1371\" data-end=\"1401\">Producci\u00f3n de pinturas y barnices<\/li>\n<li data-start=\"1402\" data-end=\"1443\">Producci\u00f3n de alimentos y cosm\u00e9ticos<\/li>\n<li data-start=\"1444\" data-end=\"1478\">Qu\u00edmica de la construcci\u00f3n y tecnolog\u00eda de adhesivos<\/li>\n<\/ul>\n<p data-start=\"1480\" data-end=\"1623\">Con el agitador disolvente, se beneficiar\u00e1 de una soluci\u00f3n fiable, potente y econ\u00f3mica para sus procesos de mezcla.<\/p>","protected":false},"excerpt":{"rendered":"<p>Agitador disolvente con elevadas fuerzas de cizallamiento para una mezcla eficaz y una dispersi\u00f3n homog\u00e9nea.<\/p>","protected":false},"featured_media":15529,"comment_status":"open","ping_status":"closed","template":"","meta":{"_acf_changed":false},"product_brand":[],"product_cat":[595,631,1421],"product_tag":[2496,2507,2497,2508,2498,2509,2499,2500,2501,2502,2503,2504,2505,2495,2506],"class_list":{"0":"post-13289","1":"product","2":"type-product","3":"status-publish","4":"has-post-thumbnail","6":"product_cat-ruehrwerkstechnik","7":"product_cat-ruehrorgane","8":"product_cat-zubehoer-ruehrwerkstechnik","9":"product_tag-ruehrorgan","10":"product_tag-bauchemie","11":"product_tag-industriemischer","12":"product_tag-hochviskose-fluessigkeiten","13":"product_tag-hochleistungsmischer","14":"product_tag-effiziente-mischprozesse","15":"product_tag-scherkraefte","16":"product_tag-dispergieren","17":"product_tag-homogene-durchmischung","18":"product_tag-mischtechnik","19":"product_tag-ruehrwerkzeug","20":"product_tag-lack-und-farbherstellung","21":"product_tag-chemische-industrie","22":"product_tag-dissolver","23":"product_tag-kosmetikproduktion","24":"product_shipping_class-karton-paketversand","25":"pa_material-v4a-edelstahl-1-4571","26":"pa_montage-schiebenabe","28":"first","29":"outofstock","30":"taxable","31":"shipping-taxable","32":"product-type-simple"},"bundled_by":[],"bundle_stock_status":"outofstock","bundle_stock_quantity":null,"bundle_virtual":false,"bundle_layout":"","bundle_add_to_cart_form_location":"","bundle_editable_in_cart":false,"bundle_sold_individually_context":"","bundle_item_grouping":"","bundle_min_size":"","bundle_max_size":"","bundle_price":[],"bundled_items":[],"bundle_sell_ids":[],"exclude_global_add_ons":[],"addons":[],"acf":[],"_links":{"self":[{"href":"https:\/\/ptm-mechatronics.com\/es\/wp-json\/wp\/v2\/product\/13289","targetHints":{"allow":["GET"]}}],"collection":[{"href":"https:\/\/ptm-mechatronics.com\/es\/wp-json\/wp\/v2\/product"}],"about":[{"href":"https:\/\/ptm-mechatronics.com\/es\/wp-json\/wp\/v2\/types\/product"}],"replies":[{"embeddable":true,"href":"https:\/\/ptm-mechatronics.com\/es\/wp-json\/wp\/v2\/comments?post=13289"}],"wp:featuredmedia":[{"embeddable":true,"href":"https:\/\/ptm-mechatronics.com\/es\/wp-json\/wp\/v2\/media\/15529"}],"wp:attachment":[{"href":"https:\/\/ptm-mechatronics.com\/es\/wp-json\/wp\/v2\/media?parent=13289"}],"wp:term":[{"taxonomy":"product_brand","embeddable":true,"href":"https:\/\/ptm-mechatronics.com\/es\/wp-json\/wp\/v2\/product_brand?post=13289"},{"taxonomy":"product_cat","embeddable":true,"href":"https:\/\/ptm-mechatronics.com\/es\/wp-json\/wp\/v2\/product_cat?post=13289"},{"taxonomy":"product_tag","embeddable":true,"href":"https:\/\/ptm-mechatronics.com\/es\/wp-json\/wp\/v2\/product_tag?post=13289"}],"curies":[{"name":"wp","href":"https:\/\/api.w.org\/{rel}","templated":true}]}}