{"id":13191,"date":"2025-03-25T11:09:20","date_gmt":"2025-03-25T10:09:20","guid":{"rendered":"https:\/\/ptm-mechatronics.com\/?post_type=product&#038;p=13191"},"modified":"2026-03-09T10:22:42","modified_gmt":"2026-03-09T09:22:42","slug":"untergestell-fuer-kleingebindestation-und-eco-station-30l","status":"publish","type":"product","link":"https:\/\/ptm-mechatronics.com\/es\/product\/untergestell-fuer-kleingebindestation-und-eco-station-30l\/","title":{"rendered":"Bastidor base para estaci\u00f3n de encuadernaci\u00f3n peque\u00f1a y estaci\u00f3n eco 30 litros"},"content":{"rendered":"<h1 data-start=\"147\" data-end=\"225\"><span style=\"font-size: 90%;\">Mesa de acero inoxidable con borde de goteo - bastidor de base para batidoras de pie, higi\u00e9nico y con aislamiento ac\u00fastico, A 1000 mm<\/span><\/h1>\n<p class=\"\" data-start=\"227\" data-end=\"531\">Esta mesa de acero inoxidable de alta calidad se ha dise\u00f1ado especialmente para uso profesional en producci\u00f3n, laboratorios, procesamiento de alimentos y \u00e1reas de higiene. Con su construcci\u00f3n robusta y sus caracter\u00edsticas bien pensadas, ofrece una superficie de trabajo fiable y duradera en un espacio compacto.<\/p>\n<p class=\"\" data-start=\"533\" data-end=\"873\">La robusta estructura de acero inoxidable esmerilado y parcialmente pulido garantiza la m\u00e1xima durabilidad, incluso con un uso intensivo. El tablero de la mesa est\u00e1 biselado 40 mm en todo su per\u00edmetro y tiene una base de aglomerado insonorizante de 19 mm de grosor, que garantiza un trabajo c\u00f3modo sin ruidos molestos.<\/p>\n<p class=\"\" data-start=\"875\" data-end=\"1271\">Un borde de goteo perimetral protege contra la salida de l\u00edquidos y facilita la limpieza, lo que resulta ideal para entornos sensibles desde el punto de vista higi\u00e9nico. Las patas de tubo perfilado de acero inoxidable de 40 x 40 mm est\u00e1n equipadas con tornillos de nivelaci\u00f3n del suelo y garantizan una posici\u00f3n firme sobre cualquier superficie. Tambi\u00e9n se puede acceder f\u00e1cilmente a la mesa con una transpaleta o un equipo de limpieza, ya que se puede pasar por debajo.<\/p>\n<p class=\"\" data-start=\"1273\" data-end=\"1547\">Con una anchura compacta de 1.000 mm, una profundidad de 700 mm y una altura de trabajo de 850 mm, la mesa de acero inoxidable ahorra espacio sin renunciar a la funcionalidad: ideal como base para batidoras de pie, equipos de laboratorio o como puesto de trabajo higi\u00e9nico.<\/p>\n<p data-start=\"1554\" data-end=\"1594\">Sus ventajas de un vistazo:<\/p>\n<ul>\n<li data-start=\"1554\" data-end=\"1594\">Acero inoxidable, esmerilado y pulido<\/li>\n<li data-start=\"1554\" data-end=\"1594\">Encimera insonorizante con borde de goteo<\/li>\n<li data-start=\"1554\" data-end=\"1594\">Robusta estructura con nivelaci\u00f3n del suelo<\/li>\n<li data-start=\"1554\" data-end=\"1594\">Se puede conducir por debajo para mayor flexibilidad<\/li>\n<li data-start=\"1554\" data-end=\"1594\">Dimensiones compactas: An 1000 x Pr 700 x Al 850 mm<\/li>\n<li data-start=\"1554\" data-end=\"1594\">Perfecto como base para agitadores, balanzas, electrodom\u00e9sticos y mucho m\u00e1s.<\/li>\n<\/ul>","protected":false},"excerpt":{"rendered":"<p>Mesa compacta de acero inoxidable que puede conducirse por debajo con superficie de trabajo insonorizada, borde de goteo y robusta construcci\u00f3n de bastidor - ideal como base higi\u00e9nica para batidoras de pie y peque\u00f1os electrodom\u00e9sticos.<\/p>","protected":false},"featured_media":15527,"comment_status":"open","ping_status":"closed","template":"","meta":{"_acf_changed":false},"product_brand":[],"product_cat":[595,612,1421],"product_tag":[2689,2700,2690,2701,2691,2702,2692,2703,2693,2694,2695,2696,2697,2698,2699],"class_list":{"0":"post-13191","1":"product","2":"type-product","3":"status-publish","4":"has-post-thumbnail","6":"product_cat-ruehrwerkstechnik","7":"product_cat-kleingebinderuehrwerke","8":"product_cat-zubehoer-ruehrwerkstechnik","9":"product_tag-edelstahltisch-untergestell","10":"product_tag-edelstahltisch-lebensmittelindustrie","11":"product_tag-arbeitstisch-edelstahl-1000-mm","12":"product_tag-edelstahltisch-pharmaindustrie","13":"product_tag-edelstahltisch-fuer-stativruehrwerke","14":"product_tag-edelstahl-untergestell-fuer-kleingebinde","15":"product_tag-hygienischer-edelstahltisch","16":"product_tag-stabiler-edelstahltisch-mit-tropfkante","17":"product_tag-edelstahltisch-mit-tropfkante","18":"product_tag-edelstahl-arbeitstisch-schalldaemmend","19":"product_tag-edelstahl-tisch-fuer-labor","20":"product_tag-edelstahltisch-mit-ausgleichsschrauben","21":"product_tag-rostfreier-edelstahltisch","22":"product_tag-kompakter-edelstahl-arbeitstisch","23":"product_tag-unterfahrbarer-edelstahltisch","24":"product_shipping_class-europalette","26":"first","27":"instock","28":"taxable","29":"shipping-taxable","30":"purchasable","31":"product-type-simple"},"bundled_by":[],"bundle_stock_status":"instock","bundle_stock_quantity":null,"bundle_virtual":false,"bundle_layout":"","bundle_add_to_cart_form_location":"","bundle_editable_in_cart":false,"bundle_sold_individually_context":"","bundle_item_grouping":"","bundle_min_size":"","bundle_max_size":"","bundle_price":[],"bundled_items":[],"bundle_sell_ids":[],"exclude_global_add_ons":[],"addons":[],"acf":[],"_links":{"self":[{"href":"https:\/\/ptm-mechatronics.com\/es\/wp-json\/wp\/v2\/product\/13191","targetHints":{"allow":["GET"]}}],"collection":[{"href":"https:\/\/ptm-mechatronics.com\/es\/wp-json\/wp\/v2\/product"}],"about":[{"href":"https:\/\/ptm-mechatronics.com\/es\/wp-json\/wp\/v2\/types\/product"}],"replies":[{"embeddable":true,"href":"https:\/\/ptm-mechatronics.com\/es\/wp-json\/wp\/v2\/comments?post=13191"}],"wp:featuredmedia":[{"embeddable":true,"href":"https:\/\/ptm-mechatronics.com\/es\/wp-json\/wp\/v2\/media\/15527"}],"wp:attachment":[{"href":"https:\/\/ptm-mechatronics.com\/es\/wp-json\/wp\/v2\/media?parent=13191"}],"wp:term":[{"taxonomy":"product_brand","embeddable":true,"href":"https:\/\/ptm-mechatronics.com\/es\/wp-json\/wp\/v2\/product_brand?post=13191"},{"taxonomy":"product_cat","embeddable":true,"href":"https:\/\/ptm-mechatronics.com\/es\/wp-json\/wp\/v2\/product_cat?post=13191"},{"taxonomy":"product_tag","embeddable":true,"href":"https:\/\/ptm-mechatronics.com\/es\/wp-json\/wp\/v2\/product_tag?post=13191"}],"curies":[{"name":"wp","href":"https:\/\/api.w.org\/{rel}","templated":true}]}}