{"id":13183,"date":"2025-03-25T10:36:17","date_gmt":"2025-03-25T09:36:17","guid":{"rendered":"https:\/\/ptm-mechatronics.com\/?post_type=product&#038;p=13183"},"modified":"2025-11-07T15:54:22","modified_gmt":"2025-11-07T14:54:22","slug":"ruehrwerksantrieb-eco-seal-g1-inox-mit-platzsparender-befestigung-und-gewindenabe","status":"publish","type":"product","link":"https:\/\/ptm-mechatronics.com\/es\/product\/ruehrwerksantrieb-eco-seal-g1-inox-mit-platzsparender-befestigung-und-gewindenabe\/","title":{"rendered":"Accionamiento del agitador eco-Seal G1\u2033 INOX con montaje que ahorra espacio y cubo roscado"},"content":{"rendered":"<h2><span style=\"font-size: 75%;\">Accionamiento de agitador ATEX para recipientes peque\u00f1os y dep\u00f3sitos presurizados - Compacto, potente y a prueba de explosiones<\/span><\/h2>\n<p class=\"\" data-start=\"160\" data-end=\"631\">El accionamiento del agitador, de bajo consumo y con certificaci\u00f3n ATEX, fabricado en acero inoxidable V4A 1.4404 de alta calidad, se ha desarrollado especialmente para su uso en recipientes peque\u00f1os y dep\u00f3sitos presurizados, y ofrece una soluci\u00f3n fiable para aplicaciones higi\u00e9nicas, potencialmente explosivas y de espacio cr\u00edtico. Gracias a la innovadora brida de separaci\u00f3n de zonas, es posible el funcionamiento en zonas ATEX 0\/1, lo que resulta ideal para aplicaciones de las industrias qu\u00edmica, alimentaria y farmac\u00e9utica en las que se requiere la m\u00e1xima seguridad e higiene.<\/p>\n<h3 class=\"\" data-start=\"633\" data-end=\"712\"><span style=\"font-size: 75%;\">Ahorra espacio y es potente: especialmente dise\u00f1ado para contenedores peque\u00f1os<\/span><\/h3>\n<p class=\"\" data-start=\"713\" data-end=\"987\">Con un di\u00e1metro de conexi\u00f3n de 35 a 50 mm, el actuador encaja perfectamente en el orificio est\u00e1ndar de los dep\u00f3sitos presurizados. La contratuerca de acero inoxidable suministrada permite una instalaci\u00f3n sencilla y segura desde abajo, incluso en espacios reducidos.<\/p>\n<p class=\"\" data-start=\"989\" data-end=\"1217\">A pesar de su dise\u00f1o compacto, el accionamiento impresiona por su elevado par y garantiza un resultado de agitaci\u00f3n homog\u00e9neo, incluso con medios muy viscosos. Tambi\u00e9n pueden realizarse sin problemas aplicaciones de sobrepresi\u00f3n y vac\u00edo.<\/p>\n<p class=\"\" data-start=\"1219\" data-end=\"1510\">Su dise\u00f1o puramente mec\u00e1nico asegura una robustez extrema, requiere poco mantenimiento y garantiza una larga vida \u00fatil. Su dise\u00f1o silencioso y compacto lo convierte en la soluci\u00f3n ideal para procesos de agitaci\u00f3n compactos e higi\u00e9nicos en condiciones exigentes.<\/p>\n<h3 class=\"\" data-start=\"1517\" data-end=\"1551\">Las ventajas de un vistazo<\/h3>\n<ul>\n<li data-start=\"1554\" data-end=\"1585\">Apto para zonas ATEX 0\/1<\/li>\n<li data-start=\"1554\" data-end=\"1585\">Compatible con contenedores peque\u00f1os (conexi\u00f3n de 35-50 mm)<\/li>\n<li data-start=\"1554\" data-end=\"1585\">Fabricado en acero inoxidable V4A 1.4404 de alta calidad<\/li>\n<li data-start=\"1554\" data-end=\"1585\">Para los m\u00e1s altos requisitos de higiene<\/li>\n<li data-start=\"1554\" data-end=\"1585\">Alto par para medios muy viscosos<\/li>\n<li data-start=\"1554\" data-end=\"1585\">Para presi\u00f3n positiva y negativa<\/li>\n<li data-start=\"1554\" data-end=\"1585\">Bajo nivel de ruido, ahorro de espacio, robustez<\/li>\n<\/ul>","protected":false},"excerpt":{"rendered":"<p>Accionamiento del agitador energ\u00e9ticamente eficiente y con certificaci\u00f3n ATEX fabricado en acero inoxidable V4A 1.4404 de alta calidad para recipientes peque\u00f1os y dep\u00f3sitos presurizados - dise\u00f1o compacto, par elevado, apto para zonas ATEX 0\/1, incluye contratuerca para facilitar la instalaci\u00f3n.<\/p>","protected":false},"featured_media":15525,"comment_status":"open","ping_status":"closed","template":"","meta":{"_acf_changed":false},"product_brand":[],"product_cat":[595,632],"product_tag":[2672,2684,2673,2685,2674,2686,2675,2687,2665,2676,2688,2666,2677,2667,2678,2668,2679,2669,2680,2670,2682,2671,2683],"class_list":{"0":"post-13183","1":"product","2":"type-product","3":"status-publish","4":"has-post-thumbnail","6":"product_cat-ruehrwerkstechnik","7":"product_cat-ruehrwerksantriebe","8":"product_tag-zonentrennflansch-ruehrantrieb-hygienisch","9":"product_tag-langlebiger-edelstahl-ruehrwerksmotor","10":"product_tag-v4a-edelstahl-ruehrwerksantrieb","11":"product_tag-ruehrwerksmotor-pharmaindustrie-edelstahl","12":"product_tag-ruehrwerk-fuer-hochviskose-medien-v4a","13":"product_tag-lebensmittelkonformer-ruehrwerksantrieb-v4a","14":"product_tag-platzsparender-edelstahl-ruehrwerksmotor","15":"product_tag-sterilisierbarer-ruehrantrieb-1-4404","16":"product_tag-atex-ruehrwerksantrieb-v4a","17":"product_tag-geraeuscharmer-ruehrantrieb-v4a","18":"product_tag-reinraum-ruehrwerksmotor-din-14644","19":"product_tag-hygienischer-ruehrwerksmotor-edelstahl-1-4404","20":"product_tag-unterdruck-ruehrwerksmotor-edelstahl","21":"product_tag-ruehrwerksmotor-kleinbehaelter-edelstahl","22":"product_tag-ueberdruck-ruehrwerk-1-4404","23":"product_tag-ruehrwerksantrieb-drucktank-v4a","24":"product_tag-hygienischer-ruehrwerksantrieb-edelstahl","25":"product_tag-kompakter-ruehrwerksmotor-edelstahl","26":"product_tag-ruehrwerksantrieb-mit-kontermutter-v4a","27":"product_tag-explosionsgeschuetzter-ruehrwerksantrieb-1-4404","28":"product_tag-ruehrmotor-druckbehaelter-hygienisch","29":"product_tag-ruehrwerk-zone-0-edelstahl","30":"product_tag-kleiner-atex-ruehrantrieb-v4a","31":"product_shipping_class-karton-paketversand","32":"pa_antriebsart-pneumatisch","33":"pa_antriebswelle-ptm-gewindenabe-m12","34":"pa_atex-zone-0-1","35":"pa_dichtung-ptfe","36":"pa_drehzahl-0-300-1-min","37":"pa_ex-gas-ex-ii-1-2-g-ex-h-iic-t5-ga-gb","38":"pa_ex-staub-ex-ii-1-2-d-ex-h-iiic-t100c-da-db","39":"pa_geraeuschpegel-75db","40":"pa_labs-oel-und-silikonfrei","41":"pa_material-gehaeuse-v4a-edelstahl-1-4404-elektropoliert","42":"pa_model-eco-seal-atex-zone-0-1-edelstahl","43":"pa_schutzart-ip67","44":"pa_steckverschraubung-abluft-schlauch-o10mm","45":"pa_steckverschraubung-zuluft-schlauch-o6mm","46":"pa_versorgung-5-6bar","48":"first","49":"instock","50":"taxable","51":"shipping-taxable","52":"purchasable","53":"product-type-variable"},"bundled_by":[],"bundle_stock_status":"instock","bundle_stock_quantity":null,"bundle_virtual":false,"bundle_layout":"","bundle_add_to_cart_form_location":"","bundle_editable_in_cart":false,"bundle_sold_individually_context":"","bundle_item_grouping":"","bundle_min_size":"","bundle_max_size":"","bundle_price":[],"bundled_items":[],"bundle_sell_ids":[],"exclude_global_add_ons":[],"addons":[],"acf":[],"_links":{"self":[{"href":"https:\/\/ptm-mechatronics.com\/es\/wp-json\/wp\/v2\/product\/13183","targetHints":{"allow":["GET"]}}],"collection":[{"href":"https:\/\/ptm-mechatronics.com\/es\/wp-json\/wp\/v2\/product"}],"about":[{"href":"https:\/\/ptm-mechatronics.com\/es\/wp-json\/wp\/v2\/types\/product"}],"replies":[{"embeddable":true,"href":"https:\/\/ptm-mechatronics.com\/es\/wp-json\/wp\/v2\/comments?post=13183"}],"wp:featuredmedia":[{"embeddable":true,"href":"https:\/\/ptm-mechatronics.com\/es\/wp-json\/wp\/v2\/media\/15525"}],"wp:attachment":[{"href":"https:\/\/ptm-mechatronics.com\/es\/wp-json\/wp\/v2\/media?parent=13183"}],"wp:term":[{"taxonomy":"product_brand","embeddable":true,"href":"https:\/\/ptm-mechatronics.com\/es\/wp-json\/wp\/v2\/product_brand?post=13183"},{"taxonomy":"product_cat","embeddable":true,"href":"https:\/\/ptm-mechatronics.com\/es\/wp-json\/wp\/v2\/product_cat?post=13183"},{"taxonomy":"product_tag","embeddable":true,"href":"https:\/\/ptm-mechatronics.com\/es\/wp-json\/wp\/v2\/product_tag?post=13183"}],"curies":[{"name":"wp","href":"https:\/\/api.w.org\/{rel}","templated":true}]}}