{"id":13175,"date":"2025-03-25T10:10:40","date_gmt":"2025-03-25T09:10:40","guid":{"rendered":"https:\/\/ptm-mechatronics.com\/?post_type=product&#038;p=13175"},"modified":"2026-05-04T09:35:02","modified_gmt":"2026-05-04T07:35:02","slug":"ruehrwerksantrieb-eco-seal-g1-mit-platzsparender-befestigung-und-gewindenabe-edelstahlkontaktteile","status":"publish","type":"product","link":"https:\/\/ptm-mechatronics.com\/es\/product\/ruehrwerksantrieb-eco-seal-g1-mit-platzsparender-befestigung-und-gewindenabe-edelstahlkontaktteile\/","title":{"rendered":"Accionamiento del agitador eco-Seal G1\u2033 con montaje que ahorra espacio y cubo roscado, piezas de contacto de acero inoxidable"},"content":{"rendered":"<h2><span style=\"font-size: 75%;\">Accionamiento de agitador ATEX para recipientes peque\u00f1os y dep\u00f3sitos presurizados - Compacto, potente y a prueba de explosiones<\/span><\/h2>\n<p class=\"\" data-start=\"160\" data-end=\"631\">El accionamiento del agitador, energ\u00e9ticamente eficiente y con certificaci\u00f3n ATEX, se ha desarrollado especialmente para su uso en recipientes peque\u00f1os y dep\u00f3sitos presurizados, y ofrece una soluci\u00f3n fiable para aplicaciones higi\u00e9nicas, potencialmente explosivas y de espacio cr\u00edtico. Gracias a la innovadora brida de separaci\u00f3n de zonas, es posible el funcionamiento en zonas ATEX 0\/1 y todas las piezas en contacto con el medio est\u00e1n fabricadas en acero inoxidable V4A 1.4404 higi\u00e9nico, ideal para aplicaciones de las industrias qu\u00edmica, alimentaria y farmac\u00e9utica en las que se requiere la m\u00e1xima seguridad e higiene.<\/p>\n<h3 class=\"\" data-start=\"633\" data-end=\"712\"><span style=\"font-size: 75%;\">Ahorra espacio y es potente: especialmente dise\u00f1ado para contenedores peque\u00f1os<\/span><\/h3>\n<p class=\"\" data-start=\"713\" data-end=\"987\">Con un di\u00e1metro de conexi\u00f3n de 35 a 50 mm, el actuador encaja perfectamente en el orificio est\u00e1ndar de los dep\u00f3sitos presurizados. La contratuerca de acero inoxidable suministrada permite una instalaci\u00f3n sencilla y segura desde abajo, incluso en espacios reducidos.<\/p>\n<p class=\"\" data-start=\"989\" data-end=\"1217\">A pesar de su dise\u00f1o compacto, el accionamiento impresiona por su elevado par y garantiza un resultado de agitaci\u00f3n homog\u00e9neo, incluso con medios muy viscosos. Tambi\u00e9n pueden realizarse sin problemas aplicaciones de sobrepresi\u00f3n y vac\u00edo.<\/p>\n<p class=\"\" data-start=\"1219\" data-end=\"1510\">Su dise\u00f1o puramente mec\u00e1nico asegura una robustez extrema, requiere poco mantenimiento y garantiza una larga vida \u00fatil. Su dise\u00f1o silencioso y compacto lo convierte en la soluci\u00f3n ideal para procesos de agitaci\u00f3n compactos e higi\u00e9nicos en condiciones exigentes.<\/p>\n<h3 class=\"\" data-start=\"1517\" data-end=\"1551\">Las ventajas de un vistazo<\/h3>\n<ul>\n<li data-start=\"1554\" data-end=\"1585\">Apto para zonas ATEX 0\/1<\/li>\n<li data-start=\"1554\" data-end=\"1585\">Compatible con contenedores peque\u00f1os (conexi\u00f3n de 35-50 mm)<\/li>\n<li data-start=\"1554\" data-end=\"1585\">Piezas de contacto de acero inoxidable V4A 1.4404 de alta calidad<\/li>\n<li data-start=\"1554\" data-end=\"1585\">Tuerca de bloqueo de acero inoxidable incluida<\/li>\n<li data-start=\"1554\" data-end=\"1585\">Alto par para medios muy viscosos<\/li>\n<li data-start=\"1554\" data-end=\"1585\">Para presi\u00f3n positiva y negativa<\/li>\n<li data-start=\"1554\" data-end=\"1585\">Bajo nivel de ruido, ahorro de espacio, robustez<\/li>\n<\/ul>","protected":false},"excerpt":{"rendered":"<p>Accionamiento de agitador con eficiencia energ\u00e9tica y certificaci\u00f3n ATEX para recipientes peque\u00f1os y dep\u00f3sitos presurizados: dise\u00f1o compacto, par elevado, apto para zonas ATEX 0\/1, componentes higi\u00e9nicos de acero inoxidable que incluyen contratuerca para facilitar la instalaci\u00f3n.<\/p>","protected":false},"featured_media":15523,"comment_status":"open","ping_status":"closed","template":"","meta":{"_acf_changed":false},"product_brand":[],"product_cat":[632,595],"product_tag":[2626,2657,2633,2658,2636,2659,2637,2660,2649,2661,2651,2662,2652,2663,2653,2664,2585,2654,2599,2655,2656],"class_list":{"0":"post-13175","1":"product","2":"type-product","3":"status-publish","4":"has-post-thumbnail","6":"product_cat-ruehrwerksantriebe","7":"product_cat-ruehrwerkstechnik","8":"product_tag-platzsparender-ruehrwerksmotor","9":"product_tag-ruehrwerksmotor-mit-kontermutter","10":"product_tag-atex-ruehrwerksantrieb","11":"product_tag-ruehrwerk-35-mm","12":"product_tag-zonentrennflansch-ruehrwerk","13":"product_tag-ruehrwerk-50-mm","14":"product_tag-ruehrwerk-fuer-hochviskose-medien","15":"product_tag-ruehrwerk-fuer-ueberdruck","16":"product_tag-geraeuscharmer-ruehrantrieb","17":"product_tag-ruehrwerk-fuer-unterdruck","18":"product_tag-ruehrwerksantrieb-kleinbehaelter","19":"product_tag-wartungsfreier-ruehrantrieb","20":"product_tag-ruehrwerksmotor-drucktank","21":"product_tag-ruehrwerksantrieb-fuer-lebensmittelindustrie","22":"product_tag-kompakter-ruehrantrieb","23":"product_tag-ruehrwerk-fuer-pharmaindustrie","24":"product_tag-langlebiger-ruehrwerksmotor","25":"product_tag-ruehrwerk-zone-0","26":"product_tag-explosionsgeschuetzter-ruehrwerksmotor","27":"product_tag-edelstahl-ruehrwerksantrieb","28":"product_tag-hygienischer-ruehrantrieb","29":"product_shipping_class-karton-paketversand","30":"pa_antriebsart-pneumatisch","31":"pa_antriebswelle-ptm-gewindenabe-m12","32":"pa_atex-zone-0-1","33":"pa_dichtung-ptfe","34":"pa_drehzahl-0-300-1-min","35":"pa_ex-gas-ex-ii-1-2-g-ex-h-iic-t5-ga-gb","36":"pa_ex-staub-ex-ii-1-2-d-ex-h-iiic-t100c-da-db","37":"pa_geraeuschpegel-75db","38":"pa_labs-oel-und-silikonfrei","39":"pa_material-gehaeuse-aluminium-eloxiert","40":"pa_model-eco-seal-atex-zone-0-1","41":"pa_schutzart-ip67","42":"pa_steckverschraubung-abluft-schlauch-o10mm","43":"pa_steckverschraubung-zuluft-schlauch-o6mm","44":"pa_versorgung-5-6bar","46":"first","47":"instock","48":"taxable","49":"shipping-taxable","50":"purchasable","51":"product-type-variable"},"bundled_by":[],"bundle_stock_status":"instock","bundle_stock_quantity":null,"bundle_virtual":false,"bundle_layout":"","bundle_add_to_cart_form_location":"","bundle_editable_in_cart":false,"bundle_sold_individually_context":"","bundle_item_grouping":"","bundle_min_size":"","bundle_max_size":"","bundle_price":[],"bundled_items":[],"bundle_sell_ids":[],"exclude_global_add_ons":[],"addons":[],"acf":[],"_links":{"self":[{"href":"https:\/\/ptm-mechatronics.com\/es\/wp-json\/wp\/v2\/product\/13175","targetHints":{"allow":["GET"]}}],"collection":[{"href":"https:\/\/ptm-mechatronics.com\/es\/wp-json\/wp\/v2\/product"}],"about":[{"href":"https:\/\/ptm-mechatronics.com\/es\/wp-json\/wp\/v2\/types\/product"}],"replies":[{"embeddable":true,"href":"https:\/\/ptm-mechatronics.com\/es\/wp-json\/wp\/v2\/comments?post=13175"}],"wp:featuredmedia":[{"embeddable":true,"href":"https:\/\/ptm-mechatronics.com\/es\/wp-json\/wp\/v2\/media\/15523"}],"wp:attachment":[{"href":"https:\/\/ptm-mechatronics.com\/es\/wp-json\/wp\/v2\/media?parent=13175"}],"wp:term":[{"taxonomy":"product_brand","embeddable":true,"href":"https:\/\/ptm-mechatronics.com\/es\/wp-json\/wp\/v2\/product_brand?post=13175"},{"taxonomy":"product_cat","embeddable":true,"href":"https:\/\/ptm-mechatronics.com\/es\/wp-json\/wp\/v2\/product_cat?post=13175"},{"taxonomy":"product_tag","embeddable":true,"href":"https:\/\/ptm-mechatronics.com\/es\/wp-json\/wp\/v2\/product_tag?post=13175"}],"curies":[{"name":"wp","href":"https:\/\/api.w.org\/{rel}","templated":true}]}}