{"id":13162,"date":"2025-03-25T09:37:01","date_gmt":"2025-03-25T08:37:01","guid":{"rendered":"https:\/\/ptm-mechatronics.com\/?post_type=product&#038;p=13162"},"modified":"2025-11-07T15:54:22","modified_gmt":"2025-11-07T14:54:22","slug":"ruehrwerksantrieb-eco-seal-inox-atex-zone-0-1-mit-schnellwechselsystem","status":"publish","type":"product","link":"https:\/\/ptm-mechatronics.com\/es\/product\/ruehrwerksantrieb-eco-seal-inox-atex-zone-0-1-mit-schnellwechselsystem\/","title":{"rendered":"Accionamiento del agitador eco-Seal INOX, ATEX Zona 0\/1, con sistema de cambio r\u00e1pido"},"content":{"rendered":"<p><span style=\"font-size: 105%;\">Accionamiento del agitador ATEX de acero inoxidable V4A - apto para salas blancas, alimentos y productos farmac\u00e9uticos, zona 0\/1<\/span><\/p>\n<p class=\"\" data-start=\"194\" data-end=\"618\">El accionamiento del agitador, energ\u00e9ticamente eficiente y con certificaci\u00f3n ATEX, se ha desarrollado especialmente para procesos de mezcla industriales exigentes en zonas sensibles desde el punto de vista higi\u00e9nico y potencialmente explosivas. Gracias al patr\u00f3n de perforaci\u00f3n PTM, el accionamiento puede integrarse r\u00e1pida y f\u00e1cilmente en los sistemas existentes. Gracias a la brida de separaci\u00f3n de zonas integrada, el funcionamiento en zonas ATEX 0\/1 es fiable y seguro. El <a href=\"https:\/\/youtu.be\/TjagGW4DoyA?si=nim_aJO3gQNp4S_-\" target=\"_blank\" rel=\"noopener\">Sistema de cambio r\u00e1pido eco-Quick<\/a> garantiza un cambio sencillo del eje agitador en cuesti\u00f3n de segundos y sin herramientas adicionales.<\/p>\n<p class=\"\" data-start=\"620\" data-end=\"1032\">Con su elevado par, el accionamiento garantiza un resultado de agitaci\u00f3n uniforme y homog\u00e9neo incluso con medios muy viscosos. El sistema tambi\u00e9n domina con facilidad las aplicaciones en condiciones de presi\u00f3n positiva o negativa. El dise\u00f1o compacto y silencioso ahorra espacio y mejora el entorno de trabajo, mientras que la construcci\u00f3n puramente mec\u00e1nica es sin\u00f3nimo de m\u00e1xima robustez y ausencia de mantenimiento.<\/p>\n<p class=\"\" data-start=\"1034\" data-end=\"1090\">El actuador est\u00e1 fabricado en acero inoxidable V4A 1.4404:<\/p>\n<ul>\n<li data-start=\"1093\" data-end=\"1131\">farmac\u00e9utica y alimentaria,<\/li>\n<li data-start=\"1093\" data-end=\"1131\">resistente a \u00e1cidos y productos qu\u00edmicos,<\/li>\n<li data-start=\"1093\" data-end=\"1131\">esterilizable y<\/li>\n<li data-start=\"1093\" data-end=\"1131\">Estanqueidad IP67.<\/li>\n<\/ul>\n<p class=\"\" data-start=\"1225\" data-end=\"1652\">La superficie est\u00e1 electropulida para minimizar la adherencia de g\u00e9rmenes y facilitar la limpieza. El innovador dise\u00f1o de bordes suaves evita las esquinas sucias y los socavones, por lo que cumple los requisitos m\u00e1s exigentes de la tecnolog\u00eda de salas limpias (clasificadas seg\u00fan DIN 14644). Para un etiquetado permanentemente higi\u00e9nico, las etiquetas se graban con l\u00e1ser en lugar de utilizar pegatinas convencionales.<\/p>\n<p class=\"\" data-start=\"1654\" data-end=\"1899\">Este accionamiento de agitador es la soluci\u00f3n ideal para industrias con las m\u00e1ximas exigencias de seguridad, higiene y eficacia, por ejemplo, en la industria farmac\u00e9utica, la producci\u00f3n de alimentos, la fabricaci\u00f3n de cosm\u00e9ticos o la ingenier\u00eda de procesos qu\u00edmicos.<\/p>","protected":false},"excerpt":{"rendered":"<p>Accionamiento del agitador energ\u00e9ticamente eficiente y con certificaci\u00f3n ATEX fabricado en acero inoxidable V4A electropulido: higi\u00e9nico, robusto, silencioso e ideal para medios altamente viscosos, as\u00ed como para aplicaciones de sala blanca y zona Ex.<\/p>","protected":false},"featured_media":15521,"comment_status":"open","ping_status":"closed","template":"","meta":{"_acf_changed":false},"product_brand":[],"product_cat":[595,632],"product_tag":[2635,2646,2636,2647,2637,2648,2638,2649,2639,2640,2576,2641,2609,2642,2626,2643,2633,2644,2634,2645],"class_list":{"0":"post-13162","1":"product","2":"type-product","3":"status-publish","4":"has-post-thumbnail","6":"product_cat-ruehrwerkstechnik","7":"product_cat-ruehrwerksantriebe","8":"product_tag-ruehrwerksmotor-zone-0","9":"product_tag-soft-edge-design-antrieb","10":"product_tag-zonentrennflansch-ruehrwerk","11":"product_tag-din-14644-ruehrwerk","12":"product_tag-ruehrwerk-fuer-hochviskose-medien","13":"product_tag-wartungsarmer-antrieb","14":"product_tag-v4a-edelstahl-ruehrwerksmotor","15":"product_tag-geraeuscharmer-ruehrantrieb","16":"product_tag-lebensmittelkonformer-ruehrwerksantrieb","17":"product_tag-pharma-ruehrwerk","18":"product_tag-energieeffizienter-ruehrwerksmotor","19":"product_tag-ip68-ruehrwerksmotor","20":"product_tag-ruehrwerksmotor-fuer-reinraeume","21":"product_tag-sterilisierbarer-ruehrantrieb","22":"product_tag-platzsparender-ruehrwerksmotor","23":"product_tag-chemikalienbestaendiger-antrieb","24":"product_tag-atex-ruehrwerksantrieb","25":"product_tag-elektropolierter-edelstahlmotor","26":"product_tag-explosionsgeschuetzter-antrieb","27":"product_tag-hygienischer-ruehrwerksantrieb","28":"product_shipping_class-karton-paketversand","29":"pa_antriebsart-pneumatisch","30":"pa_antriebswelle-eco-drive-450-900-eco-quick-v2","31":"pa_antriebswelle-eco-drive-450-900-eco-quick-v3","32":"pa_atex-zone-0-1","33":"pa_dichtung-ptfe-fda-konform","34":"pa_durchmesser-108mm","35":"pa_ex-gas-ex-ii-1-2-g-ex-h-iic-t5-ga-gb","36":"pa_ex-staub-ex-ii-1-2-d-ex-h-iiic-t100c-da-db","37":"pa_geraeuschpegel-75db","38":"pa_labs-oel-und-silikonfrei","39":"pa_material-gehaeuse-v4a-edelstahl-1-4404-elektropoliert","40":"pa_model-eco-seal-atex-zone-0-1-edelstahl","41":"pa_reinraumklassifizierung-iso1-nach-din14644","42":"pa_schutzart-ip67","43":"pa_steckverschraubung-abluft-schlauch-o10mm","44":"pa_steckverschraubung-zuluft-schlauch-o6mm","45":"pa_versorgung-5-6bar","47":"first","48":"instock","49":"taxable","50":"shipping-taxable","51":"purchasable","52":"product-type-variable"},"bundled_by":[],"bundle_stock_status":"instock","bundle_stock_quantity":null,"bundle_virtual":false,"bundle_layout":"","bundle_add_to_cart_form_location":"","bundle_editable_in_cart":false,"bundle_sold_individually_context":"","bundle_item_grouping":"","bundle_min_size":"","bundle_max_size":"","bundle_price":[],"bundled_items":[],"bundle_sell_ids":[],"exclude_global_add_ons":[],"addons":[],"acf":[],"_links":{"self":[{"href":"https:\/\/ptm-mechatronics.com\/es\/wp-json\/wp\/v2\/product\/13162","targetHints":{"allow":["GET"]}}],"collection":[{"href":"https:\/\/ptm-mechatronics.com\/es\/wp-json\/wp\/v2\/product"}],"about":[{"href":"https:\/\/ptm-mechatronics.com\/es\/wp-json\/wp\/v2\/types\/product"}],"replies":[{"embeddable":true,"href":"https:\/\/ptm-mechatronics.com\/es\/wp-json\/wp\/v2\/comments?post=13162"}],"wp:featuredmedia":[{"embeddable":true,"href":"https:\/\/ptm-mechatronics.com\/es\/wp-json\/wp\/v2\/media\/15521"}],"wp:attachment":[{"href":"https:\/\/ptm-mechatronics.com\/es\/wp-json\/wp\/v2\/media?parent=13162"}],"wp:term":[{"taxonomy":"product_brand","embeddable":true,"href":"https:\/\/ptm-mechatronics.com\/es\/wp-json\/wp\/v2\/product_brand?post=13162"},{"taxonomy":"product_cat","embeddable":true,"href":"https:\/\/ptm-mechatronics.com\/es\/wp-json\/wp\/v2\/product_cat?post=13162"},{"taxonomy":"product_tag","embeddable":true,"href":"https:\/\/ptm-mechatronics.com\/es\/wp-json\/wp\/v2\/product_tag?post=13162"}],"curies":[{"name":"wp","href":"https:\/\/api.w.org\/{rel}","templated":true}]}}