{"id":13139,"date":"2025-03-24T10:52:35","date_gmt":"2025-03-24T09:52:35","guid":{"rendered":"https:\/\/ptm-mechatronics.com\/?post_type=product&#038;p=13139"},"modified":"2025-11-07T15:54:08","modified_gmt":"2025-11-07T14:54:08","slug":"ruehrwerksantrieb-eco-seal-atex-zone-0-1-mit-schnellwechselsystem","status":"publish","type":"product","link":"https:\/\/ptm-mechatronics.com\/es\/product\/ruehrwerksantrieb-eco-seal-atex-zone-0-1-mit-schnellwechselsystem\/","title":{"rendered":"Accionamiento del agitador eco-Seal, ATEX Zona 0\/1, con sistema de cambio r\u00e1pido"},"content":{"rendered":"<h3 data-start=\"0\" data-end=\"106\">Accionamiento del agitador con certificaci\u00f3n ATEX y eficiencia energ\u00e9tica - Potente, seguro y sostenible<\/h3>\n<p data-start=\"108\" data-end=\"475\">El accionamiento del agitador con certificaci\u00f3n ATEX de alta eficiencia energ\u00e9tica se ha desarrollado especialmente para su uso en atm\u00f3sferas potencialmente explosivas y puede instalarse de forma sencilla y directa gracias al patr\u00f3n de perforaci\u00f3n PTM. Gracias a la brida de separaci\u00f3n de zonas integrada, est\u00e1 dise\u00f1ado para un funcionamiento seguro en zonas ATEX 0\/1 y cumple las normas de seguridad m\u00e1s exigentes. Gracias al sistema de cambio r\u00e1pido eco-Quick integrado, puede cambiar los ejes agitadores en cuesti\u00f3n de segundos con un solo movimiento y sin herramientas adicionales.<\/p>\n<p data-start=\"477\" data-end=\"953\">Con su elevado par, el accionamiento garantiza un resultado de agitaci\u00f3n homog\u00e9neo, incluso con medios muy viscosos. Tambi\u00e9n puede utilizarse en aplicaciones de presi\u00f3n positiva y negativa, lo que lo hace especialmente vers\u00e1til. Su dise\u00f1o silencioso y compacto garantiza una integraci\u00f3n \u00f3ptima en los sistemas existentes, mientras que su construcci\u00f3n puramente mec\u00e1nica es sin\u00f3nimo de excepcional robustez, durabilidad y bajo mantenimiento.<\/p>\n<p data-start=\"955\" data-end=\"1102\">Su alta eficiencia energ\u00e9tica reduce el consumo de energ\u00eda, optimiza el funcionamiento y contribuye a unos procesos de producci\u00f3n sostenibles.<\/p>\n<h3 data-start=\"1104\" data-end=\"1139\">Caracter\u00edsticas y ventajas:<\/h3>\n<ul>\n<li data-start=\"1140\" data-end=\"1713\">Certificaci\u00f3n ATEX para zonas 0\/1: m\u00e1xima seguridad en entornos potencialmente explosivos<\/li>\n<li data-start=\"1140\" data-end=\"1713\">Sistema de cambio r\u00e1pido eco-Quick - cambio r\u00e1pido y limpio del elemento agitador sin herramientas<\/li>\n<li data-start=\"1140\" data-end=\"1713\">Eficiencia energ\u00e9tica y potencia: alta eficiencia para optimizar los procesos y reducir el consumo de energ\u00eda<\/li>\n<li data-start=\"1140\" data-end=\"1713\">Alto par: resultados perfectos incluso con medios muy viscosos<\/li>\n<li data-start=\"1140\" data-end=\"1713\">Aplicaciones de presi\u00f3n positiva y negativa - Uso vers\u00e1til para diferentes requisitos de proceso<\/li>\n<li data-start=\"1140\" data-end=\"1713\">Ahorro de espacio y bajo nivel de ruido - Dise\u00f1o compacto para una f\u00e1cil integraci\u00f3n<\/li>\n<li data-start=\"1140\" data-end=\"1713\">Extremadamente robusto y de bajo mantenimiento - dise\u00f1o puramente mec\u00e1nico para una m\u00e1xima fiabilidad<\/li>\n<\/ul>\n<p data-start=\"1715\" data-end=\"1892\">Este accionamiento de agitadores ATEX de alta calidad y eficiencia energ\u00e9tica es la soluci\u00f3n ideal para aplicaciones industriales que requieren eficiencia, seguridad y sostenibilidad.<\/p>","protected":false},"excerpt":{"rendered":"<p>Accionamiento de agitador potente y eficaz con brida de separaci\u00f3n de zonas para zonas ATEX 0\/1 para facilitar la instalaci\u00f3n en sistemas existentes<\/p>","protected":false},"featured_media":15516,"comment_status":"open","ping_status":"closed","template":"","meta":{"_acf_changed":false},"product_brand":[],"product_cat":[595,632],"product_tag":[2628,2629,2575,2630,2576,2620,2631,2581,2621,2632,2585,2622,2588,2623,2599,2624,2600,2625,2626,2627],"class_list":{"0":"post-13139","1":"product","2":"type-product","3":"status-publish","4":"has-post-thumbnail","6":"product_cat-ruehrwerkstechnik","7":"product_cat-ruehrwerksantriebe","8":"product_tag-ptm-bohrbild-ruehrwerksantrieb","9":"product_tag-ruehrwerksmotor-fuer-ueber-und-unterdruckanwendungen","10":"product_tag-atex-zertifizierter-ruehrwerksantrieb","11":"product_tag-wartungsarmer-ruehrwerksmotor","12":"product_tag-energieeffizienter-ruehrwerksmotor","13":"product_tag-ruehrwerksantrieb-fuer-zone-0-1","14":"product_tag-zuverlaessiger-ruehrwerksmotor-fuer-industrieanwendungen","15":"product_tag-geraeuscharmer-ruehrwerksantrieb","16":"product_tag-atex-ruehrwerksmotor-mit-zonentrennflansch","17":"product_tag-nachhaltiger-antrieb-fuer-ruehrwerke","18":"product_tag-langlebiger-ruehrwerksmotor","19":"product_tag-nachhaltiger-ruehrwerksmotor","20":"product_tag-leistungsstarker-ruehrwerksantrieb","21":"product_tag-ruehrwerksmotor-mit-optimiertem-energieverbrauch","22":"product_tag-explosionsgeschuetzter-ruehrwerksmotor","23":"product_tag-industrieller-ruehrwerksantrieb","24":"product_tag-ruehrwerksmotor-fuer-hochviskose-medien","25":"product_tag-robuster-ruehrwerksmotor","26":"product_tag-platzsparender-ruehrwerksmotor","27":"product_tag-ruehrwerksmotor-fuer-explosionsgefaehrdete-bereiche","28":"product_shipping_class-karton-paketversand","29":"pa_antriebsart-pneumatisch","30":"pa_antriebswelle-eco-drive-450-900-m12","31":"pa_antriebswelle-eco-drive-450-900-eco-quick-v3","32":"pa_atex-zone-0-1","33":"pa_dichtung-ptfe","34":"pa_durchmesser-108mm","35":"pa_ex-gas-ex-ii-1-2-g-ex-h-iic-t5-ga-gb","36":"pa_ex-staub-ex-ii-1-2-d-ex-h-iiic-t100c-da-db","37":"pa_geraeuschpegel-75db","38":"pa_labs-oel-und-silikonfrei","39":"pa_material-gehaeuse-aluminium-eloxiert","40":"pa_model-eco-seal-atex-zone-0-1","41":"pa_schutzart-ip67","42":"pa_steckverschraubung-abluft-eco-seal-450-900-schlauch-o10mm","43":"pa_steckverschraubung-abluft-eco-seal-1800-3600-schlauch-o12mm","44":"pa_steckverschraubung-zuluft-eco-seal-450-900-schlauch-o6mm","45":"pa_steckverschraubung-zuluft-eco-seal-1800-3600-schlauch-o8mm","46":"pa_versorgung-5-6bar","48":"first","49":"instock","50":"taxable","51":"shipping-taxable","52":"purchasable","53":"product-type-variable"},"bundled_by":[],"bundle_stock_status":"instock","bundle_stock_quantity":null,"bundle_virtual":false,"bundle_layout":"","bundle_add_to_cart_form_location":"","bundle_editable_in_cart":false,"bundle_sold_individually_context":"","bundle_item_grouping":"","bundle_min_size":"","bundle_max_size":"","bundle_price":[],"bundled_items":[],"bundle_sell_ids":[],"exclude_global_add_ons":[],"addons":[],"acf":[],"_links":{"self":[{"href":"https:\/\/ptm-mechatronics.com\/es\/wp-json\/wp\/v2\/product\/13139","targetHints":{"allow":["GET"]}}],"collection":[{"href":"https:\/\/ptm-mechatronics.com\/es\/wp-json\/wp\/v2\/product"}],"about":[{"href":"https:\/\/ptm-mechatronics.com\/es\/wp-json\/wp\/v2\/types\/product"}],"replies":[{"embeddable":true,"href":"https:\/\/ptm-mechatronics.com\/es\/wp-json\/wp\/v2\/comments?post=13139"}],"wp:featuredmedia":[{"embeddable":true,"href":"https:\/\/ptm-mechatronics.com\/es\/wp-json\/wp\/v2\/media\/15516"}],"wp:attachment":[{"href":"https:\/\/ptm-mechatronics.com\/es\/wp-json\/wp\/v2\/media?parent=13139"}],"wp:term":[{"taxonomy":"product_brand","embeddable":true,"href":"https:\/\/ptm-mechatronics.com\/es\/wp-json\/wp\/v2\/product_brand?post=13139"},{"taxonomy":"product_cat","embeddable":true,"href":"https:\/\/ptm-mechatronics.com\/es\/wp-json\/wp\/v2\/product_cat?post=13139"},{"taxonomy":"product_tag","embeddable":true,"href":"https:\/\/ptm-mechatronics.com\/es\/wp-json\/wp\/v2\/product_tag?post=13139"}],"curies":[{"name":"wp","href":"https:\/\/api.w.org\/{rel}","templated":true}]}}