{"id":13105,"date":"2025-03-20T08:11:35","date_gmt":"2025-03-20T07:11:35","guid":{"rendered":"https:\/\/ptm-mechatronics.com\/?post_type=product&#038;p=13105"},"modified":"2025-11-07T15:53:57","modified_gmt":"2025-11-07T14:53:57","slug":"ruehrwerksantrieb-eco-drive-inox-mit-gewindenabe","status":"publish","type":"product","link":"https:\/\/ptm-mechatronics.com\/es\/product\/ruehrwerksantrieb-eco-drive-inox-mit-gewindenabe\/","title":{"rendered":"Accionamiento del agitador eco-Drive INOX, ATEX Zona 1, con cubo roscado"},"content":{"rendered":"<h3 data-start=\"0\" data-end=\"96\">Accionamiento del agitador con certificaci\u00f3n ATEX - Higi\u00e9nico, potente y energ\u00e9ticamente eficiente<\/h3>\n<p data-start=\"98\" data-end=\"479\">El accionamiento del agitador con certificaci\u00f3n ATEX de alta eficiencia energ\u00e9tica se ha desarrollado especialmente para procesos exigentes de mezcla, homogeneizaci\u00f3n y agitaci\u00f3n en entornos sensibles desde el punto de vista higi\u00e9nico. Gracias a su elevado par, el accionamiento proporciona un resultado de agitaci\u00f3n homog\u00e9neo, incluso con medios muy viscosos y en condiciones extremas.<\/p>\n<p data-start=\"481\" data-end=\"749\">El patr\u00f3n de orificios PTM permite montar el accionamiento directamente, mientras que su dise\u00f1o silencioso y compacto permite una integraci\u00f3n flexible en los sistemas existentes. Su dise\u00f1o puramente mec\u00e1nico tambi\u00e9n lo hace extremadamente robusto y de bajo mantenimiento.<\/p>\n<p data-start=\"751\" data-end=\"883\">Fabricado en acero inoxidable V4A 1.4404 de alta calidad, el accionamiento del agitador cumple las normas m\u00e1s estrictas de higiene y seguridad:<\/p>\n<ul>\n<li data-start=\"885\" data-end=\"1535\">Cumple las normativas farmac\u00e9uticas y alimentarias: perfecto para aplicaciones alimentarias, farmac\u00e9uticas y de salas blancas<\/li>\n<li data-start=\"885\" data-end=\"1535\">Resistente a \u00e1cidos y productos qu\u00edmicos - Resistente a medios agresivos<\/li>\n<li data-start=\"885\" data-end=\"1535\">Esterilizable y resistente al agua IP67 - Para una m\u00e1xima higiene y durabilidad<\/li>\n<li data-start=\"885\" data-end=\"1535\">Sala limpia clasificada seg\u00fan DIN 14644 - Para los m\u00e1s altos requisitos de limpieza<\/li>\n<li data-start=\"885\" data-end=\"1535\">Dise\u00f1o de bordes suaves: sin esquinas sucias ni rebajes para una limpieza \u00f3ptima<\/li>\n<li data-start=\"885\" data-end=\"1535\">Superficie electropulida - Minimiza la adherencia de g\u00e9rmenes y facilita la limpieza<\/li>\n<li data-start=\"885\" data-end=\"1535\">Grabado higi\u00e9nico por l\u00e1ser en lugar de pegatinas: resistente a la abrasi\u00f3n y duradero, ideal para entornos est\u00e9riles.<\/li>\n<\/ul>\n<p data-start=\"1537\" data-end=\"1717\">Este accionamiento de agitador es la soluci\u00f3n ideal para cualquiera que busque una tecnolog\u00eda de mezclado de alto rendimiento, higi\u00e9nica y duradera para aplicaciones higi\u00e9nicamente cr\u00edticas.<\/p>","protected":false},"excerpt":{"rendered":"<p>Accionamiento de agitador con certificaci\u00f3n ATEX: la soluci\u00f3n potente, energ\u00e9ticamente eficiente y de bajo mantenimiento para procesos de mezcla industriales, ideal para medios altamente viscosos y atm\u00f3sferas potencialmente explosivas.<\/p>","protected":false},"featured_media":15509,"comment_status":"open","ping_status":"closed","template":"","meta":{"_acf_changed":false},"product_brand":[],"product_cat":[595,632],"product_tag":[2575,2601,2612,2576,2602,2585,2603,2604,2594,2605,2595,2606,2596,2607,2597,2608,2598,2609,2599,2610,2600,2611],"class_list":{"0":"post-13105","1":"product","2":"type-product","3":"status-publish","4":"has-post-thumbnail","6":"product_cat-ruehrwerkstechnik","7":"product_cat-ruehrwerksantriebe","8":"product_tag-atex-zertifizierter-ruehrwerksantrieb","9":"product_tag-ruehrwerksmotor-fuer-lebensmittelindustrie","10":"product_tag-hygienischer-antrieb-fuer-pharmaindustrie","11":"product_tag-energieeffizienter-ruehrwerksmotor","12":"product_tag-ruehrwerksmotor-fuer-pharmaindustrie","13":"product_tag-langlebiger-ruehrwerksmotor","14":"product_tag-saeurebestaendiger-ruehrwerksmotor","15":"product_tag-chemikalienbestaendiger-ruehrwerksmotor","16":"product_tag-hygienischer-ruehrwerksmotor","17":"product_tag-ip68-wasserdichter-ruehrwerksmotor","18":"product_tag-ruehrwerksmotor-aus-v4a-edelstahl","19":"product_tag-sterilisierbarer-ruehrwerksmotor","20":"product_tag-elektropolierter-edelstahl-ruehrwerksmotor","21":"product_tag-vibrationsarmer-ruehrwerksantrieb","22":"product_tag-reinraum-ruehrwerksmotor-iso-1","23":"product_tag-soft-edge-design-ruehrwerksmotor","24":"product_tag-din-14644-ruehrwerksantrieb","25":"product_tag-ruehrwerksmotor-fuer-reinraeume","26":"product_tag-explosionsgeschuetzter-ruehrwerksmotor","27":"product_tag-hygienische-lasergravur-ruehrwerksmotor","28":"product_tag-ruehrwerksmotor-fuer-hochviskose-medien","29":"product_tag-edelstahl-ruehrwerksantrieb-fuer-reinraum","30":"product_shipping_class-karton-paketversand","31":"pa_antriebsart-pneumatisch","32":"pa_antriebswelle-eco-drive-450-900-m12","33":"pa_antriebswelle-eco-drive-1800-3600-m16","34":"pa_atex-zone-122122","35":"pa_dichtung-ptfe-fda-konform","36":"pa_durchmesser-eco-drive-450-900-108mm","37":"pa_durchmesser-eco-drive-1800-3600-169mm","38":"pa_ex-gas-ex-ii-2-g-ex-h-iic-t5-gb-x","39":"pa_ex-staub-ex-ii-2-d-ex-h-iiic-t100c-db-x","40":"pa_geraeuschpegel-75db","41":"pa_labs-oel-und-silikonfrei","42":"pa_material-gehaeuse-v4a-edelstahl-1-4404-elektropoliert","43":"pa_model-eco-drive-atex-zone-1-edelstahl","44":"pa_reinraumklassifizierung-iso1-nach-din14644","45":"pa_schutzart-ip67","46":"pa_steckverschraubung-abluft-eco-drive-450-900-schlauch-o10mm","47":"pa_steckverschraubung-abluft-eco-drive-1800-3600-schlauch-o12mm","48":"pa_steckverschraubung-zuluft-eco-drive-450-900-schlauch-o6mm","49":"pa_steckverschraubung-zuluft-eco-drive-1800-3600-schlauch-o8mm","50":"pa_versorgung-5-6bar","52":"first","53":"instock","54":"taxable","55":"shipping-taxable","56":"purchasable","57":"product-type-variable"},"bundled_by":[],"bundle_stock_status":"instock","bundle_stock_quantity":null,"bundle_virtual":false,"bundle_layout":"","bundle_add_to_cart_form_location":"","bundle_editable_in_cart":false,"bundle_sold_individually_context":"","bundle_item_grouping":"","bundle_min_size":"","bundle_max_size":"","bundle_price":[],"bundled_items":[],"bundle_sell_ids":[],"exclude_global_add_ons":[],"addons":[],"acf":[],"_links":{"self":[{"href":"https:\/\/ptm-mechatronics.com\/es\/wp-json\/wp\/v2\/product\/13105","targetHints":{"allow":["GET"]}}],"collection":[{"href":"https:\/\/ptm-mechatronics.com\/es\/wp-json\/wp\/v2\/product"}],"about":[{"href":"https:\/\/ptm-mechatronics.com\/es\/wp-json\/wp\/v2\/types\/product"}],"replies":[{"embeddable":true,"href":"https:\/\/ptm-mechatronics.com\/es\/wp-json\/wp\/v2\/comments?post=13105"}],"wp:featuredmedia":[{"embeddable":true,"href":"https:\/\/ptm-mechatronics.com\/es\/wp-json\/wp\/v2\/media\/15509"}],"wp:attachment":[{"href":"https:\/\/ptm-mechatronics.com\/es\/wp-json\/wp\/v2\/media?parent=13105"}],"wp:term":[{"taxonomy":"product_brand","embeddable":true,"href":"https:\/\/ptm-mechatronics.com\/es\/wp-json\/wp\/v2\/product_brand?post=13105"},{"taxonomy":"product_cat","embeddable":true,"href":"https:\/\/ptm-mechatronics.com\/es\/wp-json\/wp\/v2\/product_cat?post=13105"},{"taxonomy":"product_tag","embeddable":true,"href":"https:\/\/ptm-mechatronics.com\/es\/wp-json\/wp\/v2\/product_tag?post=13105"}],"curies":[{"name":"wp","href":"https:\/\/api.w.org\/{rel}","templated":true}]}}