{"id":13091,"date":"2025-03-19T12:16:46","date_gmt":"2025-03-19T11:16:46","guid":{"rendered":"https:\/\/ptm-mechatronics.com\/?post_type=product&#038;p=13091"},"modified":"2025-11-07T15:53:57","modified_gmt":"2025-11-07T14:53:57","slug":"ruehrwerksantrieb-eco-drive-inox-atex-zone-1-mit-schnellwechselsystem-2","status":"publish","type":"product","link":"https:\/\/ptm-mechatronics.com\/es\/product\/ruehrwerksantrieb-eco-drive-inox-atex-zone-1-mit-schnellwechselsystem-2\/","title":{"rendered":"Accionamiento del agitador eco-Drive, ATEX Zona 1, con sistema de cambio r\u00e1pido"},"content":{"rendered":"<h3 data-start=\"63\" data-end=\"155\">Accionamiento del agitador con certificaci\u00f3n ATEX: potente, energ\u00e9ticamente eficiente y robusto<\/h3>\n<p data-start=\"157\" data-end=\"396\">El accionamiento del agitador de bajo consumo impresiona por su alto rendimiento y versatilidad. Gracias a su certificaci\u00f3n ATEX, es ideal para su uso en atm\u00f3sferas potencialmente explosivas y ofrece la m\u00e1xima seguridad.<\/p>\n<ul>\n<li data-start=\"398\" data-end=\"1252\">Montaje directo: el accionamiento puede montarse f\u00e1cilmente utilizando el patr\u00f3n de perforaci\u00f3n PTM, lo que permite una integraci\u00f3n r\u00e1pida y sencilla en los sistemas de agitadores existentes.<\/li>\n<li data-start=\"398\" data-end=\"1252\">Cambio r\u00e1pido del eje agitador: con el sistema de cambio r\u00e1pido eco-Quick, puede cambiar los agitadores en segundos con un solo movimiento.<\/li>\n<li data-start=\"398\" data-end=\"1252\">Alta eficacia y rendimiento: gracias a su elevado par, el accionamiento del agitador garantiza un resultado de agitaci\u00f3n homog\u00e9neo, incluso con medios muy viscosos.<\/li>\n<li data-start=\"398\" data-end=\"1252\">Ahorro de espacio y bajo nivel de ruido: El dise\u00f1o compacto permite ahorrar espacio de instalaci\u00f3n, mientras que el funcionamiento silencioso garantiza un entorno de trabajo agradable.<\/li>\n<li data-start=\"398\" data-end=\"1252\">Extremadamente robusto: el dise\u00f1o puramente mec\u00e1nico hace que el accionamiento sea especialmente robusto, de bajo mantenimiento y duradero.<\/li>\n<\/ul>\n<p data-start=\"1254\" data-end=\"1418\">Este potente accionamiento de agitadores es la elecci\u00f3n perfecta para aplicaciones industriales en las que la eficacia, la seguridad y la durabilidad son primordiales.<\/p>","protected":false},"excerpt":{"rendered":"<p>Accionamiento de agitador con certificaci\u00f3n ATEX: la soluci\u00f3n potente, energ\u00e9ticamente eficiente y de bajo mantenimiento para procesos de mezcla industriales, ideal para medios altamente viscosos y atm\u00f3sferas potencialmente explosivas. Con sistema de cambio r\u00e1pido para ejes agitadores.<\/p>","protected":false},"featured_media":15507,"comment_status":"open","ping_status":"closed","template":"","meta":{"_acf_changed":false},"product_brand":[],"product_cat":[595,632],"product_tag":[2575,2586,2576,2587,2577,2588,2578,2589,2579,2590,2580,2591,2581,2592,2582,2583,2584,2585],"class_list":{"0":"post-13091","1":"product","2":"type-product","3":"status-publish","4":"has-post-thumbnail","6":"product_cat-ruehrwerkstechnik","7":"product_cat-ruehrwerksantriebe","8":"product_tag-atex-zertifizierter-ruehrwerksantrieb","9":"product_tag-ruehrwerksantrieb-fuer-mischprozesse","10":"product_tag-energieeffizienter-ruehrwerksmotor","11":"product_tag-sicherer-ruehrwerksmotor","12":"product_tag-ruehrwerksantrieb-fuer-hochviskose-medien","13":"product_tag-leistungsstarker-ruehrwerksantrieb","14":"product_tag-explosionsgeschuetzter-ruehrantrieb","15":"product_tag-vibrationsarmer-ruehrantrieb","16":"product_tag-ruehrantrieb-mit-hohem-drehmoment","17":"product_tag-ruehrwerksmotor-fuer-chemische-industrie","18":"product_tag-robuster-und-wartungsarmer-ruehrwerksmotor","19":"product_tag-atex-konformer-ruehrwerksmotor","20":"product_tag-geraeuscharmer-ruehrwerksantrieb","21":"product_tag-praeziser-ruehrwerksantrieb","22":"product_tag-ruehrwerksmotor-fuer-industrieanwendungen","23":"product_tag-effizienter-ruehrwerksantrieb","24":"product_tag-industrieller-ruehrantrieb","25":"product_tag-langlebiger-ruehrwerksmotor","26":"product_shipping_class-karton-paketversand","27":"pa_antriebsart-pneumatisch","28":"pa_antriebswelle-eco-drive-450-900-eco-quick-v2","29":"pa_antriebswelle-eco-drive-450-900-eco-quick-v3","30":"pa_atex-zone-122122","31":"pa_dichtung-ptfe","32":"pa_durchmesser-eco-drive-450-900-108mm","33":"pa_durchmesser-eco-drive-1800-3600-169mm","34":"pa_ex-gas-ex-ii-2-g-ex-h-iic-t5-gb-x","35":"pa_ex-staub-ex-ii-2-d-ex-h-iiic-t100c-db-x","36":"pa_geraeuschpegel-75db","37":"pa_labs-oel-und-silikonfrei","38":"pa_material-gehaeuse-aluminium-eloxiert","39":"pa_model-eco-drive-atex-zone-1","40":"pa_schutzart-ip67","41":"pa_steckverschraubung-abluft-eco-drive-450-900-schlauch-o10mm","42":"pa_steckverschraubung-abluft-eco-drive-1800-3600-schlauch-o12mm","43":"pa_steckverschraubung-zuluft-eco-drive-450-900-schlauch-o6mm","44":"pa_steckverschraubung-zuluft-eco-drive-1800-3600-schlauch-o8mm","45":"pa_versorgung-5-6bar","47":"first","48":"instock","49":"taxable","50":"shipping-taxable","51":"purchasable","52":"product-type-variable"},"bundled_by":[],"bundle_stock_status":"instock","bundle_stock_quantity":null,"bundle_virtual":false,"bundle_layout":"","bundle_add_to_cart_form_location":"","bundle_editable_in_cart":false,"bundle_sold_individually_context":"","bundle_item_grouping":"","bundle_min_size":"","bundle_max_size":"","bundle_price":[],"bundled_items":[],"bundle_sell_ids":[],"exclude_global_add_ons":[],"addons":[],"acf":[],"_links":{"self":[{"href":"https:\/\/ptm-mechatronics.com\/es\/wp-json\/wp\/v2\/product\/13091","targetHints":{"allow":["GET"]}}],"collection":[{"href":"https:\/\/ptm-mechatronics.com\/es\/wp-json\/wp\/v2\/product"}],"about":[{"href":"https:\/\/ptm-mechatronics.com\/es\/wp-json\/wp\/v2\/types\/product"}],"replies":[{"embeddable":true,"href":"https:\/\/ptm-mechatronics.com\/es\/wp-json\/wp\/v2\/comments?post=13091"}],"wp:featuredmedia":[{"embeddable":true,"href":"https:\/\/ptm-mechatronics.com\/es\/wp-json\/wp\/v2\/media\/15507"}],"wp:attachment":[{"href":"https:\/\/ptm-mechatronics.com\/es\/wp-json\/wp\/v2\/media?parent=13091"}],"wp:term":[{"taxonomy":"product_brand","embeddable":true,"href":"https:\/\/ptm-mechatronics.com\/es\/wp-json\/wp\/v2\/product_brand?post=13091"},{"taxonomy":"product_cat","embeddable":true,"href":"https:\/\/ptm-mechatronics.com\/es\/wp-json\/wp\/v2\/product_cat?post=13091"},{"taxonomy":"product_tag","embeddable":true,"href":"https:\/\/ptm-mechatronics.com\/es\/wp-json\/wp\/v2\/product_tag?post=13091"}],"curies":[{"name":"wp","href":"https:\/\/api.w.org\/{rel}","templated":true}]}}